{"id":956,"date":"2011-11-03T19:07:38","date_gmt":"2011-11-03T19:07:38","guid":{"rendered":"http:\/\/doctorcastello.com\/?page_id=956"},"modified":"2011-11-03T20:35:55","modified_gmt":"2011-11-03T20:35:55","slug":"tumores-de-las-glandulas-salivares","status":"publish","type":"page","link":"https:\/\/doctorcastello.com\/?page_id=956","title":{"rendered":"Tumores de las gl\u00e1ndulas salivares"},"content":{"rendered":"<div class=\"one\">\n<div class=\"one-fourth\">\n<ul class=\"simple-nav\">\n<li><a href=\"https:\/\/doctorcastello.com\/?page_id=951\">Par\u00e1lisis facial<\/a><\/li>\n<li><a href=\"https:\/\/doctorcastello.com\/?page_id=952\">Reconstrucci\u00f3n de oreja<\/a><\/li>\n<li><a href=\"https:\/\/doctorcastello.com\/?page_id=954\">Tumores de mand\u00edbula y maxilar<\/a><\/li>\n<li><a href=\"https:\/\/doctorcastello.com\/?page_id=956\">Tumores de par\u00f3tida<\/a><\/li>\n<li><a href=\"https:\/\/doctorcastello.com\/?page_id=958\">Tumores de la boca y labio<\/a><\/li>\n<\/ul>\n<\/div>\n<div class=\"inner-content last\">\n<img loading=\"lazy\" decoding=\"async\" class=\"size-full wp-image-48 aligncenter\" title=\"our-services\" src=\"https:\/\/doctorcastello.com\/wp-content\/themes\/PortableStudio-WP\/images\/cabezaycuello.jpg\" alt=\"\" width=\"710\" height=\"250\" \/><br \/>\n<\/p>\n<h4>Tumores de las gl\u00e1ndulas salivares<\/h4>\n<p>Las gl\u00e1ndulas salivales producen saliva hacia el interior de la boca. La saliva contiene enzimas que ayudan en la digesti\u00f3n de los alimentos y anticuerpos que ayudan a proteger contra las infecciones de la boca y la garganta. Existen tres pares de gl\u00e1ndulas salivales principales:<br \/>\nGl\u00e1ndulas par\u00f3tidas: estas son las m\u00e1s grandes entre las gl\u00e1ndulas salivales y se encuentran al frente y justo debajo de cada oreja. La mayor\u00eda de los tumores de las gl\u00e1ndulas salivales comienzan en esta gl\u00e1ndula.<br \/>\nGl\u00e1ndulas sublinguales: estas gl\u00e1ndulas se encuentran debajo de la lengua en el paladar inferior de la boca.<br \/>\nGl\u00e1ndulas submandibulares: estas gl\u00e1ndulas se encuentran debajo del hueso de la mand\u00edbula.<br \/>\nTambi\u00e9n hay centenares de gl\u00e1ndulas salivales peque\u00f1as (menores) que revisten algunas partes de la boca, nariz y la laringe que solo se pueden ver con el microscopio. La mayor\u00eda de los tumores peque\u00f1os de la gl\u00e1ndula salival comienzan en el paladar superior (cielo de la boca).<\/p>\n<p>M\u00e1s de la mitad de los tumores de gl\u00e1ndulas salivales son benignos (no cancerosos) y no se extienden a otros tejidos.<\/p>\n<p>A pesar de que no se conocen las causas de la mayor\u00eda de los c\u00e1nceres de la gl\u00e1ndula salival, entre los factores de riesgo figuran los siguientes:<br \/>\nUna edad avanzada.<br \/>\nTratamiento previo con radioterapia a la cabeza y el cuello.<br \/>\nEl exponerse a ciertas sustancias en el trabajo.<\/p>\n<p>Los signos posibles de c\u00e1ncer de gl\u00e1ndula salival incluyen una masa o tener problemas para tragar. El c\u00e1ncer de gl\u00e1ndula salival podr\u00eda no ocasionar ning\u00fan s\u00edntoma. Por lo general se descubre durante un examen dental rutinario o durante un examen f\u00edsico. Existe la posibilidad de que otras afecciones ocasionen los mismos s\u00edntomas del c\u00e1ncer de gl\u00e1ndula salival. Se debe acudir al m\u00e9dico si se presenta cualquiera de los problemas siguientes:<br \/>\nUn nudo (por lo general no doloroso) en el \u00e1rea del o\u00eddo, mejilla, mand\u00edbula, labio o dentro de la boca.<br \/>\nL\u00edquido que sale de los o\u00eddos.<br \/>\nDificultad para tragar o abrir la boca ampliamente.<br \/>\nSentirse la cara d\u00e9bil o adormecida.<br \/>\nDolor en la cara que no desaparece.<\/p>\n<h5>Diagn\u00f3stico<\/h5>\n<p>Para detectar (encontrar) y diagnosticar el c\u00e1ncer de gl\u00e1ndula salival se utilizan pruebas que examinan la cabeza, el cuello y el interior de la boca:<br \/>\n<strong>Examen f\u00edsico y antecedentes<\/strong>: examen del cuerpo para comprobar los signos generales de salud. Se examinar\u00e1 la cabeza, cuello, boca y garganta en busca de enfermedad tales como n\u00f3dulos o cualquier otra cosa que parezca inusual. Se toma tambi\u00e9n el historial de los h\u00e1bitos de salud del paciente as\u00ed como los antecedentes m\u00e9dicos de enfermedades y los tratamientos previos del paciente.<br \/>\n<strong>RMN (resonancia magn\u00e9tica)<\/strong>: procedimiento que utiliza un im\u00e1n, ondas de radio y una computadora para crear im\u00e1genes detalladas de \u00e1reas internas del cuerpo.<br \/>\n<strong>Exploraci\u00f3n por TAC:<\/strong> procedimiento mediante el cual se toma una serie de fotograf\u00edas detalladas del interior del cuerpo, desde \u00e1ngulos diferentes. Las im\u00e1genes son creadas por una computadora conectada a una m\u00e1quina de rayos X. Se inyecta un tinte en una vena o se ingiere, a fin de que los \u00f3rganos o los tejidos se destaquen m\u00e1s claramente. Este procedimiento se llama tambi\u00e9n tomograf\u00eda axial computarizada.<br \/>\n<strong>Gammagraf\u00eda por PET (gammagraf\u00eda por tomograf\u00eda de emisi\u00f3n de positrones):<\/strong> procedimiento para detectar c\u00e9lulas de tumores malignos en el cuerpo. Se inyecta en una vena una cantidad peque\u00f1a de glucosa (az\u00facar) radiactiva. El explorador de PET rota alrededor del cuerpo y toma una imagen de los lugares del cuerpo que utilizan la glucosa. Las c\u00e9lulas de tumores malignos tienen aspecto m\u00e1s brillante en la imagen porque son m\u00e1s activas y absorben m\u00e1s glucosa que las c\u00e9lulas normales.<br \/>\n<strong>Ecograf\u00eda<\/strong>: procedimiento por el cual se hacen rebotar ondas sonoras de alta energ\u00eda (ultras\u00f3nicas) en tejidos u \u00f3rganos internos y se crean ecos. Los ecos forman una imagen de los tejidos corporales denominada sonograma. La imagen se puede imprimir y observar m\u00e1s tarde.<br \/>\n<strong>Endoscopia<\/strong>: procedimiento mediante el cual se observan los \u00f3rganos y tejidos del cuerpo en busca de anomal\u00edas. En el c\u00e1ncer de gl\u00e1ndula salival, se inserta un endoscopio por la boca para revisar la boca la garganta y la laringe. Un endoscopio es un tubo delgado con iluminaci\u00f3n y un lente para facilitar la observaci\u00f3n.<br \/>\n<strong>Biopsia por aspiraci\u00f3n con aguja fina (PAAF):<\/strong> extracci\u00f3n de tejido o l\u00edquido mediante una aguja fina. Un pat\u00f3logo observa el tejido bajo un microscopio para determinar si hay c\u00e9lulas cancerosas.<\/p>\n<p>Debido a que el c\u00e1ncer de gl\u00e1ndula salival es dif\u00edcil de diagnosticar, los pacientes deben pedir que sus muestras de biopsia sean revisadas por un pat\u00f3logo experimentado en diagn\u00f3stico de c\u00e1ncer de gl\u00e1ndula salival.<\/p>\n<h5>Pron\u00f3stico y tratamiento<\/h5>\n<p>Ciertos factores afectan el pron\u00f3stico (probabilidad de recuperaci\u00f3n) y las opciones de tratamiento. Las opciones de tratamiento y el pron\u00f3stico (probabilidad de recuperaci\u00f3n) dependen de lo siguientes aspectos:<br \/>\nEl estadio del c\u00e1ncer (sobre todo el tama\u00f1o del tumor).<br \/>\nEl tipo de gl\u00e1ndula salivar afectado.<br \/>\nEl tipo de c\u00e9lulas cancerosas (como lucen bajo el microscopio).<br \/>\nEdad y salud general del paciente.<\/p>\n<p>El tratamiento de la mayor\u00eda de los tumores de las gl\u00e1ndulas salivares consiste en la extirpaci\u00f3n de la gl\u00e1ndula afectada. En el caso de la par\u00f3tida, el procedimiento se llama parotidectom\u00eda, y puede ser de l\u00f3bulo superficial o de l\u00f3bulo profundo. En esta cirug\u00eda es preciso, cuando sea posble, conservar el nervio facial, responsable de los movimientos de la m\u00edmica en ese lado de la cara.<\/p>\n<p>Cuando es necesario extirpar el nervio facial junto al tumor, se debe relaizar la reconstrucci\u00f3n de este nervio mediante t\u00e9cnicas microquir\u00fargicas en las que se unen las terminaciones nerviosas, o bien se hacen injertos de nervio. Con respecto a los defectos de volumen producidos tras la extirpaci\u00f3n de la par\u00f3tida, el tratamiento consistir\u00eda en realizar plastias locales o a distancia (con t\u00e9nicas microquir\u00fargicas). La reconstrucci\u00f3n inmediata es la forma m\u00e1s sencilla de evitar secuelas. Por ello, cualquier tratamiento que requiera extirpaci\u00f3n de lesiones en \u00e9sta \u00e1rea, debe tener la posibilidad de solucionar en forma inmediata, tanto los problemas de volumen, como de estructuras nerviosas relacionadas con el nervio facial.<\/p>\n<div class=\"horizontal-line\"><\/div>\n<\/div>\n<div class=\"clearboth\"><\/div>\n<\/div>\n","protected":false},"excerpt":{"rendered":"","protected":false},"author":1,"featured_media":0,"parent":0,"menu_order":0,"comment_status":"closed","ping_status":"closed","template":"","meta":{"footnotes":""},"class_list":["post-956","page","type-page","status-publish","hentry"],"_links":{"self":[{"href":"https:\/\/doctorcastello.com\/index.php?rest_route=\/wp\/v2\/pages\/956","targetHints":{"allow":["GET"]}}],"collection":[{"href":"https:\/\/doctorcastello.com\/index.php?rest_route=\/wp\/v2\/pages"}],"about":[{"href":"https:\/\/doctorcastello.com\/index.php?rest_route=\/wp\/v2\/types\/page"}],"author":[{"embeddable":true,"href":"https:\/\/doctorcastello.com\/index.php?rest_route=\/wp\/v2\/users\/1"}],"replies":[{"embeddable":true,"href":"https:\/\/doctorcastello.com\/index.php?rest_route=%2Fwp%2Fv2%2Fcomments&post=956"}],"version-history":[{"count":5,"href":"https:\/\/doctorcastello.com\/index.php?rest_route=\/wp\/v2\/pages\/956\/revisions"}],"predecessor-version":[{"id":1011,"href":"https:\/\/doctorcastello.com\/index.php?rest_route=\/wp\/v2\/pages\/956\/revisions\/1011"}],"wp:attachment":[{"href":"https:\/\/doctorcastello.com\/index.php?rest_route=%2Fwp%2Fv2%2Fmedia&parent=956"}],"curies":[{"name":"wp","href":"https:\/\/api.w.org\/{rel}","templated":true}]}}