{"id":954,"date":"2011-11-03T19:07:13","date_gmt":"2011-11-03T19:07:13","guid":{"rendered":"http:\/\/doctorcastello.com\/?page_id=954"},"modified":"2011-11-03T22:26:50","modified_gmt":"2011-11-03T22:26:50","slug":"tumores-de-mandibula-y-maxilar","status":"publish","type":"page","link":"https:\/\/doctorcastello.com\/?page_id=954","title":{"rendered":"Tumores de mand\u00edbula y maxilar"},"content":{"rendered":"<div class=\"one\">\n<div class=\"one-fourth\">\n<ul class=\"simple-nav\">\n<li><a href=\"https:\/\/doctorcastello.com\/?page_id=951\">Par\u00e1lisis facial<\/a><\/li>\n<li><a href=\"https:\/\/doctorcastello.com\/?page_id=952\">Reconstrucci\u00f3n de oreja<\/a><\/li>\n<li><a href=\"https:\/\/doctorcastello.com\/?page_id=954\">Tumores de mand\u00edbula y maxilar<\/a><\/li>\n<li><a href=\"https:\/\/doctorcastello.com\/?page_id=956\">Tumores de par\u00f3tida<\/a><\/li>\n<li><a href=\"https:\/\/doctorcastello.com\/?page_id=958\">Tumores de la boca y labio<\/a><\/li>\n<\/ul>\n<\/div>\n<div class=\"inner-content last\">\n<img loading=\"lazy\" decoding=\"async\" class=\"size-full wp-image-48 aligncenter\" title=\"our-services\" src=\"https:\/\/doctorcastello.com\/wp-content\/themes\/PortableStudio-WP\/images\/cabezaycuello.jpg\" alt=\"\" width=\"710\" height=\"250\" \/><br \/>\n<\/p>\n<h4>Tumores de mand\u00edbula y maxilar<\/h4>\n<p>Aunque los tumores que tienen su origen en el maxilar superior e inferior (la mand\u00edbula) son raros, su tratamiento tiene gran importancia, a causa de las deformidades resultantes. Estas son significativas porque estos huesos son necesarios para comer y hablar adecuadamente y las modificaciones de su forma producen cambios externos en la apariencia del paciente y son dif\u00edciles de esconder.<\/p>\n<p>La mayor parte de los tumores mandibulares excepto los que comienzan en los alv\u00e9olos, se manifiestan en forma de una hinchaz\u00f3n, habitualmente indolora. El examen radiol\u00f3gico confirmar\u00e1 la actividad osteol\u00edtica y osteobl\u00e1stica en su extensi\u00f3n pero no indicar\u00e1 de qu\u00e9 tipo de proceso patol\u00f3gico se trata. Esto solo puede determinarse mediante un cuidadoso examen del paciente, y luego, finalmente por la biopsia del tumor.<\/p>\n<h5>Clasificaci\u00f3n de los tumores mandibulares<\/h5>\n<p>Lesiones benignas del alveolo dental:<br \/>\nHiperplasia gingival: se caracteriza por hipertrofia de las enc\u00edas, la mayor parte de las veces provocadas por la dentadura, aunque tambi\u00e9n pueden provocarse por medicaci\u00f3n tales como los antiepil\u00e9pticos.<br \/>\nPapilomas: cuyo tratamiento es la escisi\u00f3n simple.<br \/>\nTumores gestacionales: que aparecen con frecuencia generalmente en el per\u00edodo de gestaci\u00f3n.<br \/>\nEpulis: tumor perif\u00e9rico de c\u00e9lulas gigantes, cuyo tratamiento es la escisi\u00f3n local.<br \/>\nHemangiomas.<br \/>\nTumores mixtos: generalmente benignos, localizados con frecuencia en el paladar.<br \/>\nTumores benignos de los maxilares:<br \/>\nQuistes, como los quistes radiculares, periodontog\u00e9nicos y cong\u00e9nitos, algunos de los cuales crecen mucho.<br \/>\nTumores \u00f3seos: exostosis, osteomas, tumores de c\u00e9lulas gigantes, ameloblastomas.<br \/>\nTumores del tejido conjuntivo: como fibromas y angiomas.<br \/>\nTumores malignos:<br \/>\nCarcinoma epidermoide: Pueden invadir tanto el maxilar superior como el inferior.<br \/>\nAdenocarcinomas: Crecen formando un tumor voluminoso que invade precozmente el hueso y se extiende por ambos maxilares.<br \/>\nOsteosarcoma.<br \/>\nOtros tumores raros.<\/p>\n<h5>Tratamiento de los tumores de los maxilares<\/h5>\n<p>Los quistes o tumores benignos del maxilar pueden tratarse mediante una simple escisi\u00f3n por v\u00eda intrabucal. Debido a esto y a que estos tumores est\u00e1n relacionados con la dentadura, suele ser accesibles por la boca, sin embargo cuando un quiste ha crecido tanto que se extiende por todo cuerpo del maxilar inferior se debe realizar una v\u00eda de acceso externa. La escisi\u00f3n m\u00e1s importante se realiza en el tratamiento de los ameloblastomas y hemangiomas que requieren una resecci\u00f3n muy amplia del hueso sano a ambos lados del tumor.<\/p>\n<p>La displasia de los huesos faciales (displasia craneometafisaria o displasia tubular) es una alteraci\u00f3n \u00f3sea cuya caracter\u00edstica es que afecta los huesos del esqueleto. El tratamiento debe ser en lo posible conservador.<\/p>\n<p>Los tumores malignos del alveolo generalmente pueden extirparse f\u00e1cilmente y generalmente la reconstrucci\u00f3n suele ser f\u00e1cil aunque algunos casos requieren vaciamientos de cuello.<\/p>\n<h5>Reconstruccion de los tumores mandibulares y maxilares<\/h5>\n<p>Cuando la resecci\u00f3n del tejido tumoral es conservadora generalmente se puede recurrir injertos de hueso en peque\u00f1a cantidad. El problema m\u00e1s importante que surge tras la extirpaci\u00f3n de un tumor mandibular o maxilar consiste en la reconstrucci\u00f3n de una parte importante de la mand\u00edbula. Dicha reconstrucci\u00f3n generalmente se realiza mediante t\u00e9cnicas de colgajos \u00f3seos libres vascularizados (mediante microcirug\u00eda) utilizando el peron\u00e9 o la esc\u00e1pula como zona donante.<\/p>\n<p>La resecci\u00f3n de los tumores en este area debe ir seguida de la reconstrucci\u00f3n inmediata del defecto, para graves secuelas por retracci\u00f3n tisular. En algunos casos, la reconstrucci\u00f3n va seguida de la colocaci\u00f3n de implantes dentales sobre los cuales se coloca una pr\u00f3tesis fija. Existen algunos factores como la radioterapia que pueden dificultar estos aspectos.<\/p>\n<p>Aunque la reconstrucci\u00f3n de estos defectos puede hacerse en otro tiempo quir\u00fargico, en este caso, suele ser preciso aportar m\u00e1s tejidos, no s\u00f3lo hueso, para reconstruir la retracci\u00f3n de partes blandas producida tras la cirug\u00eda inicial.<\/p>\n<div class=\"horizontal-line\"><\/div>\n<\/div>\n<div class=\"clearboth\"><\/div>\n<\/div>\n","protected":false},"excerpt":{"rendered":"","protected":false},"author":1,"featured_media":0,"parent":0,"menu_order":0,"comment_status":"closed","ping_status":"closed","template":"","meta":{"footnotes":""},"class_list":["post-954","page","type-page","status-publish","hentry"],"_links":{"self":[{"href":"https:\/\/doctorcastello.com\/index.php?rest_route=\/wp\/v2\/pages\/954","targetHints":{"allow":["GET"]}}],"collection":[{"href":"https:\/\/doctorcastello.com\/index.php?rest_route=\/wp\/v2\/pages"}],"about":[{"href":"https:\/\/doctorcastello.com\/index.php?rest_route=\/wp\/v2\/types\/page"}],"author":[{"embeddable":true,"href":"https:\/\/doctorcastello.com\/index.php?rest_route=\/wp\/v2\/users\/1"}],"replies":[{"embeddable":true,"href":"https:\/\/doctorcastello.com\/index.php?rest_route=%2Fwp%2Fv2%2Fcomments&post=954"}],"version-history":[{"count":5,"href":"https:\/\/doctorcastello.com\/index.php?rest_route=\/wp\/v2\/pages\/954\/revisions"}],"predecessor-version":[{"id":1013,"href":"https:\/\/doctorcastello.com\/index.php?rest_route=\/wp\/v2\/pages\/954\/revisions\/1013"}],"wp:attachment":[{"href":"https:\/\/doctorcastello.com\/index.php?rest_route=%2Fwp%2Fv2%2Fmedia&parent=954"}],"curies":[{"name":"wp","href":"https:\/\/api.w.org\/{rel}","templated":true}]}}