{"id":952,"date":"2011-11-03T19:06:42","date_gmt":"2011-11-03T19:06:42","guid":{"rendered":"http:\/\/doctorcastello.com\/?page_id=952"},"modified":"2011-11-03T22:29:33","modified_gmt":"2011-11-03T22:29:33","slug":"reconstruccion-de-la-oreja","status":"publish","type":"page","link":"https:\/\/doctorcastello.com\/?page_id=952","title":{"rendered":"Reconstrucci\u00f3n de la oreja"},"content":{"rendered":"<div class=\"one\">\n<div class=\"one-fourth\">\n<ul class=\"simple-nav\">\n<li><a href=\"https:\/\/doctorcastello.com\/?page_id=951\">Par\u00e1lisis facial<\/a><\/li>\n<li><a href=\"https:\/\/doctorcastello.com\/?page_id=952\">Reconstrucci\u00f3n de oreja<\/a><\/li>\n<li><a href=\"https:\/\/doctorcastello.com\/?page_id=954\">Tumores de mand\u00edbula y maxilar<\/a><\/li>\n<li><a href=\"https:\/\/doctorcastello.com\/?page_id=956\">Tumores de par\u00f3tida<\/a><\/li>\n<li><a href=\"https:\/\/doctorcastello.com\/?page_id=958\">Tumores de la boca y labio<\/a><\/li>\n<\/ul>\n<\/div>\n<div class=\"inner-content last\">\n<img loading=\"lazy\" decoding=\"async\" class=\"size-full wp-image-48 aligncenter\" title=\"our-services\" src=\"https:\/\/doctorcastello.com\/wp-content\/themes\/PortableStudio-WP\/images\/cabezaycuello.jpg\" alt=\"\" width=\"710\" height=\"250\" \/><br \/>\n<\/p>\n<h4>Reconstrucci\u00f3n de la oreja<\/h4>\n<p>La cirug\u00eda reconstructiva de orejas puede corregir una gran variedad de problemas m\u00e9dicos del pabell\u00f3n auricular (oreja), incluidas las deformidades de nacimiento y los da\u00f1os causados por lesiones traum\u00e1ticas. Los defectos cong\u00e9nitos como la microtia (falta de desarrollo de partes de la oreja) y las lesiones que causan la p\u00e9rdida de parte de la oreja (tumores, accidentes,etc.) pueden influir de manera importante sobre el aspecto general de las personas y la imagen que \u00e9stas tienen de s\u00ed mismas.<\/p>\n<h5>\u00bfQu\u00e9 es la microtia?<\/h5>\n<p>La microtia es un defecto cong\u00e9nito de la oreja que se presenta en alrededor de tres de cada 10.000 nacidos vivos. La traducci\u00f3n literal del nombre m\u00e9dico es \u201coreja peque\u00f1a\u201d y el defecto puede ser unilateral (que afecta s\u00f3lo a una oreja) o bilateral (que afecta a las dos). Cuando la microtia es bilateral, el riesgo de p\u00e9rdida de la audici\u00f3n es mayor. Sin embargo, muchos pacientes alcanzan excelentes niveles auditivos con la cirug\u00eda reconstructiva de orejas y aud\u00edfonos de conducci\u00f3n \u00f3sea. Tanto la microtia unilateral como la bilateral presentan tres niveles b\u00e1sicos de gravedad:<\/p>\n<p>Grado uno: la oreja del ni\u00f1o parece normal pero es notablemente m\u00e1s peque\u00f1a de lo que deber\u00eda ser y puede o no faltar el canal auditivo externo.<\/p>\n<p>Grado dos: faltan algunos rasgos de la oreja normal, como las porciones exteriores del cart\u00edlago, conocidas como h\u00e9lice y antih\u00e9lice.<\/p>\n<p>Grado tres: el tipo m\u00e1s grave de microtia, que presenta una falta casi completa de organizaci\u00f3n del cart\u00edlago y de los rasgos de una oreja normal, aunque puede existir un l\u00f3bulo mal formado. Adem\u00e1s, en general no hay un canal auditivo externo.<\/p>\n<p>No hay evidencias de que la microtia se relacione con las acciones o la salud de la madre durante el embarazo, y la causa del defecto contin\u00faa siendo desconocida. Sin embargo, en ocasiones la deformidad puede estar relacionada con otras afecciones como la microsom\u00eda craneofacial y el s\u00edndrome de Treacher Collins. Las t\u00e9cnicas de la cirug\u00eda reconstructiva de orejas pueden utilizarse para recuperar el aspecto natural de la oreja y para mejorar la capacidad auditiva.<\/p>\n<h5>Cirug\u00eda reconstructiva de la oreja<\/h5>\n<p>Cuando falta toda la oreja, o la mayor parte de \u00e9sta, la primera etapa de la reconstrucc\u00f3n incluye dos procedimientos: obtener cart\u00edlago sano de las costillas e insertar el cart\u00edlago preparado en un bolsillo de piel debajo de la oreja deformada o da\u00f1ada. EN esta etapa se suele crear tambi\u00e9n el l\u00f3bulo de la oreja. Este paso de la cirug\u00eda lleva entre cuatro y cinco horas y requiere dos o tres d\u00edas de recuperaci\u00f3n en el hospital. En ocasiones se emplea material sint\u00e9tico (Medpor) en lugar del cart\u00edlago del paciente, especialmente en pacientes adultos.<\/p>\n<p>M\u00e1s adelante se realiza una nueva cirug\u00eda para separar la orjea y crear el surco existente detras de la oreja. Se suele emplear un injerto de piel obtenido de la parte superior del gl\u00fateo o de la ingle. Pueden ser necesario alg\u00fan tiempo quir\u00fargico extra para realizar peque\u00f1os retoqued de la oreja reconstru\u00edda.<\/p>\n<h5>Cirug\u00eda reconstructiva de orejas despu\u00e9s de un traumatismo<\/h5>\n<p>Las causas m\u00e1s comunes de lesiones en la oreja son las laceraciones, las quemaduras, las perforaciones infectadas o desgarradas y los tumores cut\u00e1neos. Cuando toda o parte de la oreja se ve da\u00f1ada por una lesi\u00f3n, la cirug\u00eda reconstructiva de orejas tiene un papel importante en el tratamiento y la cicatrizaci\u00f3n de la herida. La importancia y la duraci\u00f3n de la cirug\u00eda depender\u00e1n de la gravedad de la lesi\u00f3n: los l\u00f3bulos desgarrados pueden corregirse mediante una diversidad de procedimientos ambulatorios y no requieren mucho tiempo, mientras que una reconstrucci\u00f3n total requiere muchos meses de tratamiento quir\u00fargico. En ciertos casos, las t\u00e9cnicas reconstructivas pueden emplearse de inmediato; sin embargo, algunas lesiones pueden requerir la cicatrizaci\u00f3n de la herida inicial antes de que pueda comenzarse con la cirug\u00eda reconstructiva de orejas. Lo que se debe hacer despu\u00e9s de cualquier traumatismo en la oreja es buscar atenci\u00f3n m\u00e9dica inmediata para evitar mayores da\u00f1os en esta \u00e1rea sensible.<\/p>\n<div class=\"horizontal-line\"><\/div>\n<\/div>\n<div class=\"clearboth\"><\/div>\n<\/div>\n","protected":false},"excerpt":{"rendered":"","protected":false},"author":1,"featured_media":0,"parent":0,"menu_order":0,"comment_status":"closed","ping_status":"closed","template":"","meta":{"footnotes":""},"class_list":["post-952","page","type-page","status-publish","hentry"],"_links":{"self":[{"href":"https:\/\/doctorcastello.com\/index.php?rest_route=\/wp\/v2\/pages\/952","targetHints":{"allow":["GET"]}}],"collection":[{"href":"https:\/\/doctorcastello.com\/index.php?rest_route=\/wp\/v2\/pages"}],"about":[{"href":"https:\/\/doctorcastello.com\/index.php?rest_route=\/wp\/v2\/types\/page"}],"author":[{"embeddable":true,"href":"https:\/\/doctorcastello.com\/index.php?rest_route=\/wp\/v2\/users\/1"}],"replies":[{"embeddable":true,"href":"https:\/\/doctorcastello.com\/index.php?rest_route=%2Fwp%2Fv2%2Fcomments&post=952"}],"version-history":[{"count":4,"href":"https:\/\/doctorcastello.com\/index.php?rest_route=\/wp\/v2\/pages\/952\/revisions"}],"predecessor-version":[{"id":1015,"href":"https:\/\/doctorcastello.com\/index.php?rest_route=\/wp\/v2\/pages\/952\/revisions\/1015"}],"wp:attachment":[{"href":"https:\/\/doctorcastello.com\/index.php?rest_route=%2Fwp%2Fv2%2Fmedia&parent=952"}],"curies":[{"name":"wp","href":"https:\/\/api.w.org\/{rel}","templated":true}]}}