{"id":908,"date":"2011-11-03T12:07:09","date_gmt":"2011-11-03T12:07:09","guid":{"rendered":"http:\/\/doctorcastello.com\/?page_id=908"},"modified":"2011-11-03T20:30:02","modified_gmt":"2011-11-03T20:30:02","slug":"lifting-de-muslos","status":"publish","type":"page","link":"https:\/\/doctorcastello.com\/?page_id=908","title":{"rendered":"Lifting de muslos"},"content":{"rendered":"<div class=\"one\">\n<div class=\"one-fourth\">\n<ul class=\"simple-nav\">\n<li><a href=\"https:\/\/doctorcastello.com\/?page_id=898\">Cirug\u00eda del abdomen<\/a><\/li>\n<li><a href=\"https:\/\/doctorcastello.com\/?page_id=906\">Cirug\u00eda de la nariz<\/a><\/li>\n<li><a href=\"https:\/\/doctorcastello.com\/?page_id=903\">Cirug\u00eda de las orejas<\/a><\/li>\n<li><a href=\"https:\/\/doctorcastello.com\/?page_id=900\">Cirug\u00eda de los p\u00e1rpados<\/a><\/li>\n<li><a href=\"https:\/\/doctorcastello.com\/?page_id=902\">Estiramiento facial<\/a><\/li>\n<li><a href=\"https:\/\/doctorcastello.com\/?page_id=896\">Liposucci\u00f3n<\/a><\/li>\n<li><a href=\"https:\/\/doctorcastello.com\/?page_id=908\">Lifting de muslos<\/a><\/li>\n<li><a href=\"https:\/\/doctorcastello.com\/?page_id=733\">Aumento de mamas<\/a><\/li>\n<li><a href=\"https:\/\/doctorcastello.com\/?page_id=737\">Elevaci\u00f3n de la mama<\/a><\/li>\n<li><a href=\"https:\/\/doctorcastello.com\/?page_id=735\">Reducci\u00f3n de mamas<\/a><\/li>\n<\/ul>\n<\/div>\n<div class=\"inner-content last\">\n<img loading=\"lazy\" decoding=\"async\" class=\"size-full wp-image-48 aligncenter\" title=\"our-services\" src=\"https:\/\/doctorcastello.com\/wp-content\/themes\/PortableStudio-WP\/images\/estetica4.jpg\" alt=\"\" width=\"710\" height=\"250\" \/><br \/>\n<\/p>\n<h4>Lifting de muslos<\/h4>\n<p>El lifting de muslos, es un procedimiento quir\u00fargico dirigido a mejorar la forma y tersura de las piernas por las siguientes razones:<br \/>\nMejorar el contorno corporal de una mujer que, por razones personales, piense que la piel de sus muslos esta descolgada.<br \/>\nCorregir una reducci\u00f3n en el volumen de las piernas y muslos tras una reducci\u00f3n importante de peso.<br \/>\nPermitir el uso de determinadas prendas como trajes de ba\u00f1o, en mujeres con muslos en muy mal estado.<\/p>\n<p>Traccionando de la piel tanto en sentido superior como medial podemos dar mas tersura a al piel distendida del muslo y elevar el tejido descolgado. Este texto le dar\u00e1 un conocimiento b\u00e1sico del procedimiento&#8211; cuando puede ayudarle, como se realiza, y que resultados puede esperar. No puede contestar todas sus dudas, ya que muchas dependen de las circunstancias individuales de cada paciente. En la consulta inicial le explicaremos todas las particularidades de su caso. <\/p>\n<h5>El mejor candidato para un lifting de muslos <\/h5>\n<p>El lifting de muslos puede mejorar su apariencia y su autoestima. Sin embargo antes de decidirse debe revisar cuidadosamente cuales son sus expectativas y discutirlas con nosotros. El lifting de muslos se realiza generalmente para elevar el tejido descolgado de muslos y nalgas, para mejorar el contorno corporal.<\/p>\n<h5>El Lifting de muslos es un procedimiento seguro<\/h5>\n<p>Pero como en cualquier operaci\u00f3n, hay riesgos asociados con la cirug\u00eda y complicaciones especificas asociadas con el procedimiento.<\/p>\n<p>Como con cualquier procedimiento quir\u00fargico, el sangrado tras la operaci\u00f3n puede causar edema y disconfort. Tales molestias se aten\u00faan por la colocaci\u00f3n de drenajes que se mantienen 2 o 3 d\u00edas para evacuar la sangre de la herida. No obstante hay un peque\u00f1o riesgo de hematoma que si se presenta puede requerir la evacuaci\u00f3n de la sangre acumulada. Un peque\u00f1o porcentaje de pacientes pueden presentar una infecci\u00f3n. Esto puede ocurrir en cualquier momento, pero es mas frecuente en la primera semana tras la cirug\u00eda. <\/p>\n<p>As\u00ed mismo hay riesgo de dehiscencia de heridas si se somete a tracci\u00f3n excesiva a las mismas, por lo que deber\u00e1 ser extremadamente cuidadoso con los movimientos del cuerpo durante las primeras dos semanas. Algunas mujeres refieren \u00e1reas de piel con sensibilidad disminuida cerca de las incisiones. Estos s\u00edntomas generalmente desaparecen con el tiempo, pero pueden ser permanentes en algunos pacientes. <\/p>\n<p>En algunas ocasiones las cicatrices de la incisi\u00f3n no son tan buenas como nos gustar\u00eda. Esto depende de factores personales y de localizaci\u00f3n de las cicatrices. Le explicaremos con detalle donde asientan y cual es la calidad prevista de las cicatrices<\/p>\n<p>La mayor\u00eda de los pacientes que se someten a un lifting de muslos y gl\u00fateos no padecen las complicaciones descritas, sin embargo es importante que las conozcan y en la consulta preoperatoria les expliquemos cada una de ellas para que sean conscientes de los beneficios y riesgos de esta intervenci\u00f3n que por otra parte tiene un alto grado de satisfacci\u00f3n.<\/p>\n<h5>Planificando la cirug\u00eda<\/h5>\n<p>En la consulta inicial evaluaremos su estado de salud y le explicaremos las t\u00e9cnicas quir\u00fargicas mas apropiadas para su caso particular, basadas en la firmeza de su piel y las condiciones de su cuerpo. <\/p>\n<p>Expl\u00edquenos cuales son sus expectativas. Seremos igualmente francos con Vd. indic\u00e1ndole las alternativas y las ventajas, riesgos y limitaciones de los tratamientos posibles. Del mismo modo conteste las preguntas que le hagamos acerca de sus h\u00e1bitos como fumar, o de la ingesta de medicaci\u00f3n, vitaminas, y otras drogas.<\/p>\n<p>Le explicaremos el tipo de anestesia que utilizamos habitualmente, el hospital donde realizamos la intervenci\u00f3n, y los costes de la misma.<\/p>\n<h5>Preparando la cirug\u00eda<\/h5>\n<p>Le daremos instrucciones sobre como preparar la cirug\u00eda, el tiempo de ayuno previo a la misma, y la medicaci\u00f3n que debe evitar, as\u00ed como las pautas de administraci\u00f3n de los antibi\u00f3ticos y otros medicamentos que son importantes para que todo vaya bien.<\/p>\n<p>Durante el d\u00eda de la operaci\u00f3n es preciso que le acompa\u00f1e un adulto responsable. Y del mismo modo que alguien le ayude en su vida habitual durante los primeros d\u00edas, hasta que se recupere y pueda desenvolverse por si misma.<\/p>\n<h5>Donde se realiza la cirug\u00eda<\/h5>\n<p>La intervenci\u00f3n se realiza en una cl\u00ednica u hospital. Generalmente con ingreso en el hospital durante un d\u00eda o dos para que su recuperaci\u00f3n sea mas c\u00f3moda.<\/p>\n<h5>Tipos de anestesia<\/h5>\n<p>El lifting de muslos lo realizamos bajo anestesia general, de forma que no sienta molestias durante la intervenci\u00f3n. No olvide que para nosotros es fundamental que su resultado sea \u00f3ptimo, por lo que elegimos la t\u00e9cnica anest\u00e9sica que nos permite trabajar mejor y con m\u00e1s seguridad.<\/p>\n<h5>La cirug\u00eda<\/h5>\n<p>El m\u00e9todo de realizar la tracci\u00f3n de la piel de la pierna depende de su anatom\u00eda, de sus problemas y de nuestras recomendaciones. La incisi\u00f3n puede ser hecha bien solo en la cara interna del muslo cerca de la ingle o puede ser necesario llevarla al pliegue gl\u00fateo. En ocasiones en lifting de muslos y gl\u00fateo puede ser necesario hacerla circular. No olvide sin embargo que las incisiones ser\u00e1n proporcionales a la cantidad de piel sobrante, y que para eliminar \u00e9sta no hay otra forma posible que realizar cicatrices. La elecci\u00f3n se hace con el objetivo de que la incisi\u00f3n este colocada de forma que la cicatrices sean lo menos visibles posible.<\/p>\n<p><img decoding=\"async\" class=\"aligncenter\" src=\"http:\/\/www.doctorcastello.com\/wp-content\/themes\/PortableStudio-WP\/images\/muslos1.jpg\" alt=\"\"\/><\/p>\n<h6>\n<p style=\"text-align: center;\">Lifting de muslos medial.\n<\/p>\n<\/h6>\n<p>En el caso de que las cicatrices sean largas y evidentes hay que sopesar la mejor\u00eda en el contorno corporal con la existencia de tales cicatrices. Le explicaremos cual ser\u00e1 la situaci\u00f3n para que pueda evaluar la mejor\u00eda con objetividad<br \/>\nLas incisiones se hacen para asegurarnos de que las cicatrices sean lo menos visibles posible, en el pliegue inguinal o en el pliegue gl\u00fateo<br \/>\nA trav\u00e9s de incisi\u00f3n realizamos una liposucci\u00f3n para facilitar la tracci\u00f3n de la piel y eliminamos la piel sobrante. Luego las incisiones se suturan con cuidado. Se dejan tubos de drenaje durante algunos d\u00edas tras la cirug\u00eda. Es importante discutir pros y contras de cada una de las t\u00e9cnicas para que entienda las implicaciones del procedimiento que le recomendamos.<br \/>\nLa cirug\u00eda generalmente lleva de dos a tres horas. Se cierra la herida con una sutura enterrada y posteriormente se vendan las piernas durante dos o tres d\u00edas para permitir que su cicatrizaci\u00f3n sea correcta.<br \/>\nDespu\u00e9s de la cirug\u00eda, las piernas muslos y gl\u00fateos tienen mejor aspecto y las cicatrices se aten\u00faan con el tiempo.<\/p>\n<p><img decoding=\"async\" class=\"aligncenter\" src=\"http:\/\/www.doctorcastello.com\/wp-content\/themes\/PortableStudio-WP\/images\/muslos2.jpg\" alt=\"\"\/><\/p>\n<h6>\n<p style=\"text-align: center;\">Lifting de muslos lateral.\n<\/p>\n<\/h6>\n<h5>Despu\u00e9s de la cirug\u00eda<\/h5>\n<p>Se sentir\u00e1 cansada y molesta algunos d\u00edas tras la intervenci\u00f3n, deber\u00e1 estar en reposo en la cama uno o dos d\u00edas, sin someter a tensi\u00f3n las suturas. Podr\u00e1 hacer una vida normalizada sin excesivas tensiones al cabo de una semana. La mayor parte de sus molestias ser\u00e1n tratadas con medicaci\u00f3n.<br \/>\nEn dos o tres d\u00edas le retiraremos vendajes y drenajes y le indicaremos el tipo de medias que debe emplear. Las sensaciones extra\u00f1as en la piel y la hinchaz\u00f3n m\u00e1s importante disminuir\u00e1n en m\u00e1s o menos tres semanas.<\/p>\n<p>Las suturas ser\u00e1n retiradas aproximadamente en dos semanas. Pero la pierna tardara algunas semanas m\u00e1s en recuperar su aspecto completamente normal.<\/p>\n<h5>Volviendo a la normalidad<\/h5>\n<p>Debe ser capaz de volver a su trabajo en unos quince d\u00edas dependiendo del nivel de actividad que requiera el mismo. Siga nuestros consejos sobre cuando comenzar a realizar ejercicio y actividad normal. Sus piernas probablemente estar\u00e1n m\u00e1s sensibles a la estimulaci\u00f3n directa en dos o tres semanas, de forma que debe evitar el contacto f\u00edsico. Despu\u00e9s progresivamente volver\u00e1n al estado normal.<\/p>\n<p>Las cicatrices estar\u00e1n endurecidas y rosas al menos durante seis semanas. Aunque este endurecimiento puede durar algunos meses. Despu\u00e9s progresivamente se Ir\u00e1n atenuando hasta hacerse muy poco evidentes.<\/p>\n<p>Las mujeres sometidas a este tratamiento mejoran en aspecto y en autoestima al encontrarse mas seguras con su nuevo aspecto.<\/p>\n<p>La decisi\u00f3n de realizar un lifting de muslos es altamente personal, incluso puede haber personas que no lo entiendan. Lo importante es como se sienta usted con una silueta mejor. Si consigue sus objetivos y expectativas, la cirug\u00eda es un \u00e9xito.<\/p>\n<div class=\"horizontal-line\"><\/div>\n<\/div>\n<div class=\"clearboth\"><\/div>\n<\/div>\n","protected":false},"excerpt":{"rendered":"","protected":false},"author":1,"featured_media":0,"parent":0,"menu_order":0,"comment_status":"closed","ping_status":"closed","template":"","meta":{"footnotes":""},"class_list":["post-908","page","type-page","status-publish","hentry"],"_links":{"self":[{"href":"https:\/\/doctorcastello.com\/index.php?rest_route=\/wp\/v2\/pages\/908","targetHints":{"allow":["GET"]}}],"collection":[{"href":"https:\/\/doctorcastello.com\/index.php?rest_route=\/wp\/v2\/pages"}],"about":[{"href":"https:\/\/doctorcastello.com\/index.php?rest_route=\/wp\/v2\/types\/page"}],"author":[{"embeddable":true,"href":"https:\/\/doctorcastello.com\/index.php?rest_route=\/wp\/v2\/users\/1"}],"replies":[{"embeddable":true,"href":"https:\/\/doctorcastello.com\/index.php?rest_route=%2Fwp%2Fv2%2Fcomments&post=908"}],"version-history":[{"count":6,"href":"https:\/\/doctorcastello.com\/index.php?rest_route=\/wp\/v2\/pages\/908\/revisions"}],"predecessor-version":[{"id":983,"href":"https:\/\/doctorcastello.com\/index.php?rest_route=\/wp\/v2\/pages\/908\/revisions\/983"}],"wp:attachment":[{"href":"https:\/\/doctorcastello.com\/index.php?rest_route=%2Fwp%2Fv2%2Fmedia&parent=908"}],"curies":[{"name":"wp","href":"https:\/\/api.w.org\/{rel}","templated":true}]}}