{"id":903,"date":"2011-11-03T12:02:17","date_gmt":"2011-11-03T12:02:17","guid":{"rendered":"http:\/\/doctorcastello.com\/?page_id=903"},"modified":"2011-11-03T20:31:34","modified_gmt":"2011-11-03T20:31:34","slug":"otoplastia","status":"publish","type":"page","link":"https:\/\/doctorcastello.com\/?page_id=903","title":{"rendered":"Otoplastia"},"content":{"rendered":"<div class=\"one\">\n<div class=\"one-fourth\">\n<ul class=\"simple-nav\">\n<li><a href=\"https:\/\/doctorcastello.com\/?page_id=898\">Cirug\u00eda del abdomen<\/a><\/li>\n<li><a href=\"https:\/\/doctorcastello.com\/?page_id=906\">Cirug\u00eda de la nariz<\/a><\/li>\n<li><a href=\"https:\/\/doctorcastello.com\/?page_id=903\">Cirug\u00eda de las orejas<\/a><\/li>\n<li><a href=\"https:\/\/doctorcastello.com\/?page_id=900\">Cirug\u00eda de los p\u00e1rpados<\/a><\/li>\n<li><a href=\"https:\/\/doctorcastello.com\/?page_id=902\">Estiramiento facial<\/a><\/li>\n<li><a href=\"https:\/\/doctorcastello.com\/?page_id=896\">Liposucci\u00f3n<\/a><\/li>\n<li><a href=\"https:\/\/doctorcastello.com\/?page_id=908\">Lifting de muslos<\/a><\/li>\n<li><a href=\"https:\/\/doctorcastello.com\/?page_id=733\">Aumento de mamas<\/a><\/li>\n<li><a href=\"https:\/\/doctorcastello.com\/?page_id=737\">Elevaci\u00f3n de la mama<\/a><\/li>\n<li><a href=\"https:\/\/doctorcastello.com\/?page_id=735\">Reducci\u00f3n de mamas<\/a><\/li>\n<\/ul>\n<\/div>\n<div class=\"inner-content last\">\n<img loading=\"lazy\" decoding=\"async\" class=\"size-full wp-image-48 aligncenter\" title=\"our-services\" src=\"https:\/\/doctorcastello.com\/wp-content\/themes\/PortableStudio-WP\/images\/estetica3.jpg\" alt=\"\" width=\"710\" height=\"250\" \/><br \/>\n<\/p>\n<h4>Cirug\u00eda Est\u00e9tica de las orejas (otoplastia)<\/h4>\n<p>La otoplastia es la cirug\u00eda que se realiza para reposicionar las orejas prominentes o \u201cen soplillo\u201d a una posici\u00f3n m\u00e1s normal, m\u00e1s pegadas a la cabeza, o para reducir el tama\u00f1o de las orejas grandes. Generalmente, es una cirug\u00eda que se realiza en ni\u00f1os entre los 4 y 14 a\u00f1os. Las orejas han crecido casi completamente a los 4 a\u00f1os, as\u00ed que cuanto antes se realice la cirug\u00eda, menor ser\u00e1 el rid\u00edculo que pase el ni\u00f1o en el colegio. La otoplastia tambi\u00e9n se puede realizar en adultos, no existiendo mayores riesgos en esta edad.<\/p>\n<p>Si usted o su hijo est\u00e1 considerando la posibilidad de someterse a una otoplastia, obtendr\u00e1 informaci\u00f3n b\u00e1sica acerca de la cirug\u00eda, cu\u00e1ndo est\u00e1 indicada, c\u00f3mo se realiza y qu\u00e9 resultados se pueden esperar. Sin embargo, es imposible que todas sus preguntas queden contestadas, puesto que en gran parte dependen de factores personales y de las preferencias del cirujano pl\u00e1stico. Si no entiende algo, consulte a su cirujano pl\u00e1stico.<\/p>\n<h5>\u00bfQui\u00e9n es el candidato ideal para someterse a una otoplastia?<\/h5>\n<p>La mayor\u00eda de los cirujanos pl\u00e1sticos recomiendan a los padres observar el comportamiento del ni\u00f1o en relaci\u00f3n a sus orejas prominentes; no se debe insistir en la cirug\u00eda hasta que el ni\u00f1o as\u00ed lo desee. Aquellos ni\u00f1os que se encuentran a disgusto con sus orejas y quieren operarse, cooperan m\u00e1s durante la intervenci\u00f3n y est\u00e1n m\u00e1s contentos con el resultado.<\/p>\n<p>Muchos pacientes, ni\u00f1os o adultos, pueden estar inseguros acerca del resultado de la otoplastia. Tenga en cuenta que se pretende conseguir una mejor\u00eda, no la perfecci\u00f3n absoluta. No espere una simetr\u00eda exacta, que incluso quedar\u00eda poco natural. Si comenta con su cirujano pl\u00e1stico, tanto el procedimiento, como sus expectativas y opciones, los resultados ser\u00e1n muy satisfactorios.<\/p>\n<p>En la primera consulta, el cirujano pl\u00e1stico realizar\u00e1 una evaluaci\u00f3n del problema y recomendar\u00e1 la t\u00e9cnica m\u00e1s efectiva para su caso. Tambi\u00e9n le proporcionar\u00e1 las instrucciones para prepararse para la cirug\u00eda.<\/p>\n<p>El cat\u00e1logo de prestaciones de la Seguridad Social no incluye la realizaci\u00f3n de una otoplastia por motivos est\u00e9ticos, excepto en casos en los que hay un trastorno psicol\u00f3gico asociado importante o cuando la deformidad es muy importante, y siempre y cuando sea durante la edad escolar.<\/p>\n<h5>\u00bfDonde se realiza la otoplastia?<\/h5>\n<p>La otoplastia se realiza en el quir\u00f3fano, dentro de una cl\u00ednica u hospital. Dependiendo del tipo de anestesia, el procedimiento se realiza en r\u00e9gimen ambulante o se permanecer\u00e1 en el hospital la noche de la cirug\u00eda.<\/p>\n<h5>Anestesia<\/h5>\n<p>Si el ni\u00f1o es peque\u00f1o, el cirujano pl\u00e1stico le recomendar\u00e1 realizar la intervenci\u00f3n bajo anestesia general. Para ni\u00f1os mayores y adultos, se emplear\u00e1 anestesia local asociada o no a sedaci\u00f3n, de manera que est\u00e9 despierto durante la cirug\u00eda, pero relajado. <\/p>\n<h5>La cirug\u00eda<\/h5>\n<p>Una otoplastia suele durar entre 2 y 3 horas, aunque en casos complejos puede llevar m\u00e1s tiempo. La t\u00e9cnica empleada depender\u00e1 del problema concreto. Generalmente se realiza una peque\u00f1a incisi\u00f3n en la parte posterior de la oreja para exponer el cart\u00edlago auricular. Despu\u00e9s se esculpe el cart\u00edlago y se dobla hacia atr\u00e1s; se pueden emplear puntos internos para mantener la nueva forma. En ocasiones, puede ser necesario extirpar una parte del cart\u00edlago para obtener una oreja m\u00e1s natural. Por \u00faltimo se extirpa una cu\u00f1a de piel de la parte posterior de la oreja. La cicatriz resultante de la otoplastia queda disimulada detr\u00e1s de la oreja. La mayor\u00eda de las veces, aunque solo una oreja parezca anormal, se intervienen las dos para conseguir una mejor simetr\u00eda.<\/p>\n<p><img decoding=\"async\" class=\"aligncenter\" src=\"http:\/\/www.doctorcastello.com\/wp-content\/themes\/PortableStudio-WP\/images\/otoplastia.jpg\" alt=\"\"\/><\/p>\n<h6>\n<p style=\"text-align: center;\">Dise\u00f1o de las incisiones y t\u00e9cnica quir\u00fargica. Aspecto despu\u00e9s de la cirug\u00eda.\n<\/p>\n<\/h6>\n<p>La vuelta a la normalidad La mayor\u00eda de los pacientes, ni\u00f1os y adultos, se encuentran bien a las pocas horas de la cirug\u00eda, aunque puede ser recomendable permanecer una noche en la cl\u00ednica hasta que desaparezcan los efectos de la anestesia general. Se coloca un vendaje alrededor de la cabeza nada m\u00e1s finalizar la cirug\u00eda. Las orejas pueden doler un poco los primeros d\u00edas, pero se alivia f\u00e1cilmente con medicaci\u00f3n. En pocos d\u00edas se cambia el vendaje por uno m\u00e1s ligero parecido a una cinta de pelo. Es importante seguir las instrucciones de su cirujano pl\u00e1stico respecto al uso del vendaje, sobre todo por la noche. Debe evitarse durante el primer mes cualquier actividad en la que puedan doblarse las orejas.<br \/>\nLa mayor\u00eda de los adultos vuelven al trabajo a los 5 d\u00edas de la cirug\u00eda; los ni\u00f1os vuelven al colegio en unos 7 d\u00edas, siempre y cuando tengan cuidado con las actividades f\u00edsicas.<\/p>\n<h5>\u00bfExisten riesgos? \u00bfHay garant\u00edas?<\/h5>\n<p>Cuando la otoplastia es realizada por un cirujano pl\u00e1stico cualificado las complicaciones son infrecuentes y de poca importancia. Sin embargo, como en cualquier otra intervenci\u00f3n, existen riesgos propios de una cirug\u00eda y complicaciones propias de este procedimiento. Un peque\u00f1o porcentaje de pacientes pueden desarrollar un hematoma, que se disuelva espont\u00e1neamente o que precise drenaje. Ocasionalmente, puede producirse una infecci\u00f3n del cart\u00edlago que aumente el tejido cicatrizal de la oreja; su tratamiento consiste en la administraci\u00f3n de antibi\u00f3ticos; en raras ocasiones puede ser necesario el drenaje quir\u00fargico.<\/p>\n<h5>Cirug\u00eda est\u00e9tica de las orejas: resumen<\/h5>\n<p>La cirug\u00eda que se realiza con m\u00e1s frecuencia en las orejas es la que corrige las \u201corejas de soplillo\u201d. Es una intervenci\u00f3n solicitada con frecuencia por adolescentes e incluso ni\u00f1os, por los problemas psicol\u00f3gicos y sociales que esta deformidad conlleva.<br \/>\nDependiendo de la edad del paciente a tratar, la intervenci\u00f3n se puede realizar bajo anestesia general o local. La incisi\u00f3n se suele hacer por detr\u00e1s de la oreja, dejando por tanto una cicatriz pr\u00e1cticamente invisible. A partir de esta incisi\u00f3n se remodela el cart\u00edlago de la oreja, haciendo que se pliegue en los sitios adecuados y extirpando una elipse de piel, que se sutura.<br \/>\nSe coloca un vendaje que modele las orejas para que curen en posici\u00f3n correcta. Una vez retirado (a la semana) se quitan los puntos y se coloca una cinta el\u00e1stica durante dos semanas para evitar que durante el sue\u00f1o se plieguen las orejas hacia delante.<br \/>\nEl resultado de la operaci\u00f3n es permanente. Rara vez es necesario un retoque y las complicaciones, ya sean cut\u00e1neas o del cart\u00edlago, son excepcionales.<\/p>\n<h5>Otros problemas de las orejas<\/h5>\n<p>Adem\u00e1s de las orejas prominentes u orejas \u201cen soplillo\u201d, existen otros problemas que tambi\u00e9n pueden solucionarse con cirug\u00eda. Estos incluyen la oreja contra\u00edda y la oreja en copa. Tambi\u00e9n pueden mejorarse quir\u00fargicamente los l\u00f3bulos alargados y los l\u00f3bulos rasgados. El cirujano pl\u00e1stico tambi\u00e9n es capaz de crear una nueva oreja cuando se nace sin ella (microtia) o cuando se pierde por un traumatismo.<\/p>\n<div class=\"horizontal-line\"><\/div>\n<\/div>\n<div class=\"clearboth\"><\/div>\n<\/div>\n","protected":false},"excerpt":{"rendered":"","protected":false},"author":1,"featured_media":0,"parent":0,"menu_order":0,"comment_status":"closed","ping_status":"closed","template":"","meta":{"footnotes":""},"class_list":["post-903","page","type-page","status-publish","hentry"],"_links":{"self":[{"href":"https:\/\/doctorcastello.com\/index.php?rest_route=\/wp\/v2\/pages\/903","targetHints":{"allow":["GET"]}}],"collection":[{"href":"https:\/\/doctorcastello.com\/index.php?rest_route=\/wp\/v2\/pages"}],"about":[{"href":"https:\/\/doctorcastello.com\/index.php?rest_route=\/wp\/v2\/types\/page"}],"author":[{"embeddable":true,"href":"https:\/\/doctorcastello.com\/index.php?rest_route=\/wp\/v2\/users\/1"}],"replies":[{"embeddable":true,"href":"https:\/\/doctorcastello.com\/index.php?rest_route=%2Fwp%2Fv2%2Fcomments&post=903"}],"version-history":[{"count":6,"href":"https:\/\/doctorcastello.com\/index.php?rest_route=\/wp\/v2\/pages\/903\/revisions"}],"predecessor-version":[{"id":995,"href":"https:\/\/doctorcastello.com\/index.php?rest_route=\/wp\/v2\/pages\/903\/revisions\/995"}],"wp:attachment":[{"href":"https:\/\/doctorcastello.com\/index.php?rest_route=%2Fwp%2Fv2%2Fmedia&parent=903"}],"curies":[{"name":"wp","href":"https:\/\/api.w.org\/{rel}","templated":true}]}}