{"id":902,"date":"2011-11-03T12:02:40","date_gmt":"2011-11-03T12:02:40","guid":{"rendered":"http:\/\/doctorcastello.com\/?page_id=902"},"modified":"2026-03-06T08:25:47","modified_gmt":"2026-03-06T08:25:47","slug":"lifting","status":"publish","type":"page","link":"https:\/\/doctorcastello.com\/?page_id=902","title":{"rendered":"Lifting"},"content":{"rendered":"<div class=\"one\">\n<div class=\"one-fourth\">\n<ul class=\"simple-nav\">\n<li><a href=\"https:\/\/doctorcastello.com\/?page_id=898\">Cirug\u00eda del abdomen<\/a><\/li>\n<li><a href=\"https:\/\/doctorcastello.com\/?page_id=906\">Cirug\u00eda de la nariz<\/a><\/li>\n<li><a href=\"https:\/\/doctorcastello.com\/?page_id=903\">Cirug\u00eda de las orejas<\/a><\/li>\n<li><a href=\"https:\/\/doctorcastello.com\/?page_id=900\">Cirug\u00eda de los p\u00e1rpados<\/a><\/li>\n<li><a href=\"https:\/\/doctorcastello.com\/?page_id=902\">Estiramiento facial<\/a><\/li>\n<li><a href=\"https:\/\/doctorcastello.com\/?page_id=896\">Liposucci\u00f3n<\/a><\/li>\n<li><a href=\"https:\/\/doctorcastello.com\/?page_id=908\">Lifting de muslos<\/a><\/li>\n<li><a href=\"https:\/\/doctorcastello.com\/?page_id=733\">Aumento de mamas<\/a><\/li>\n<li><a href=\"https:\/\/doctorcastello.com\/?page_id=737\">Elevaci\u00f3n de la mama<\/a><\/li>\n<li><a href=\"https:\/\/doctorcastello.com\/?page_id=735\">Reducci\u00f3n de mamas<\/a><\/li>\n<\/ul>\n<\/div>\n<div class=\"inner-content last\">\n<img loading=\"lazy\" decoding=\"async\" class=\"size-full wp-image-48 aligncenter\" title=\"our-services\" src=\"https:\/\/doctorcastello.com\/wp-content\/themes\/PortableStudio-WP\/images\/estetica2.jpg\" alt=\"\" width=\"710\" height=\"250\" \/><br \/>\n<\/p>\n<h4>Estiramiento facial (lifting)<\/h4>\n<p>A medida que envejecemos, los efectos de la gravedad, la exposici\u00f3n al sol y el estr\u00e9s de la vida diaria se notan en nuestras caras. Se forman surcos profundos entre la nariz y la boca; las mejillas caen; aparecen alrededor del cuello grasa y arrugas. Un lifting cervicofacial no puede detener este proceso; sin embargo, lo que s\u00ed puede hacer es parar el reloj, mejorando los signos m\u00e1s visibles del envejecimiento, tensando los m\u00fasculos de la cara, eliminando el exceso de grasa y redistribuyendo la piel de la cara y el cuello. El lifting puede realizarse aislado o asociado con otros procedimientos como la blefaroplastia o la rinoplastia. El lifting frontal corrige la ca\u00edda de las cejas y las arrugas de la frente y de las cejas.<br \/>\nSi usted esta considerando la posibilidad de someterse a un lifting, obtendr\u00e1 informaci\u00f3n b\u00e1sica acerca de la cirug\u00eda, cu\u00e1ndo est\u00e1 indicada, c\u00f3mo se realiza y qu\u00e9 resultados se pueden esperar. Sin embargo, es imposible que todas sus preguntas queden contestadas, puesto que en gran parte dependen de factores personales y de las preferencias del cirujano pl\u00e1stico. Si no entiende algo, consulte a su cirujano pl\u00e1stico.<\/p>\n<h5>\u00bfQui\u00e9n es el candidato ideal para someterse a un lifting?<\/h5>\n<p>Los candidatos ideales para someterse a un lifting son aquellas mujeres u hombres cuya cara y cuello comienzan a \u201ccaerse\u201d, pero cuya piel conserva todav\u00eda cierta elasticidad. La mayor\u00eda de los pacientes tienen entre 40 y 60 a\u00f1os, pero tambi\u00e9n puede realizarse con \u00e9xito entre los 70 y 80 a\u00f1os. Un lifting puede hacer que parezca m\u00e1s joven y que aumente la confianza en s\u00ed mismo, pero no le proporcionar\u00e1 un aspecto completamente distinto, ni puede restablecer su salud o vitalidad. Antes de decidir si se va a realizar una rinoplastia piense qu\u00e9 quiere conseguir y disc\u00fatalo con su cirujano pl\u00e1stico.<\/p>\n<h5>Planificando la cirug\u00eda<\/h5>\n<p>La buena comunicaci\u00f3n entre usted y su cirujano pl\u00e1stico es esencial. En la primera consulta se evaluar\u00e1 la cara, incluyendo la piel y las estructuras \u00f3seas subyacentes y se discutir\u00e1n las posibilidades quir\u00fargicas. Se comprobar\u00e1 su estado de salud incluyendo aquellos problemas que puedan complicar la cirug\u00eda, como la tensi\u00f3n arterial alta, los problemas de coagulaci\u00f3n o de cicatrizaci\u00f3n. Es importante que diga a su cirujano si fuma o toma alguna medicaci\u00f3n, especialmente aspirina\u00ae.<br \/>\nSi decide someterse a un lifting se le explicar\u00e1n las t\u00e9cnicas y el tipo de anestesia que se emplear\u00e1n, d\u00f3nde se realizar\u00e1 la cirug\u00eda, los riesgos y el coste de la intervenci\u00f3n. El cat\u00e1logo de prestaciones de la Seguridad Social no incluye el lifting. No dudo en preguntar a su cirujano todas las cuestiones que tenga, sobre todo aquellas relacionadas con sus expectativas y los resultados.<\/p>\n<p>Su cirujano pl\u00e1stico le proporcionar\u00e1 instrucciones espec\u00edficas acerca de c\u00f3mo prepararse para la cirug\u00eda, incluyendo normas sobre toma de alimentos y l\u00edquidos, tabaco o toma o supresi\u00f3n de medicamentos y vitaminas y lavado de la cara. Es importante dejar de fumar al menos una o dos semanas antes de la cirug\u00eda. Si lleva el pelo corto, puede querer dej\u00e1rselo crecer antes de la cirug\u00eda para disimular mejor las cicatrices mientras \u00e9stas curan. Un cumplimiento cuidadoso har\u00e1 que la cirug\u00eda sea realizada en mejores condiciones. Aseg\u00farese, adem\u00e1s, de que alg\u00fan familiar o acompa\u00f1ante pueda llevarle a casa cuando se le d\u00e9 el alta y que, en caso necesario, puedan ayudarle unos d\u00edas.<\/p>\n<p><img decoding=\"async\" class=\"aligncenter\" src=\"http:\/\/www.doctorcastello.com\/wp-content\/themes\/PortableStudio-WP\/images\/lifting1.jpg\" alt=\"\"\/><\/p>\n<h6>\n<p style=\"text-align: center;\">Las incisiones suelen colocarse en el pelo, delante de la oreja y detr\u00e1s de \u00e9sta. El tejido de la cara y el cuello y la musculatura son separados para conseguir un estiramiento adecuado. Una alternativa al abordaje tradicional es el empleo de incisiones limitadas. Resultado postoperatorio.\n<\/p>\n<\/h6>\n<h5>La cirug\u00eda<\/h5>\n<p>El lifting se realiza siempre en quir\u00f3fano, dentro de una cl\u00ednica u hospital. Normalmente, se permanece en la cl\u00ednica la noche tras la cirug\u00eda, d\u00e1ndose el alta al d\u00eda siguiente.<\/p>\n<p>El lifting puede realizarse bajo anestesia local m\u00e1s sedaci\u00f3n, o lo que es m\u00e1s frecuente, con anestesia general, dependiendo de la complejidad de la cirug\u00eda y de las preferencias de su cirujano. Si se realiza con anestesia local m\u00e1s sedaci\u00f3n, el paciente se siente relajado y la cara est\u00e1 insensible al dolor; con anestesia general el paciente est\u00e1 dormido durante la operaci\u00f3n (<a href=\"https:\/\/www.kimblecenterforpelvicwellness.com\/cenforce-online\/\">cenforce pills<\/a>). <\/p>\n<p>Un lifting cervicofacial suele durar varias horas, o m\u00e1s cuando se asocia a otras intervenciones. La colocaci\u00f3n exacta de las incisiones y los pasos de la cirug\u00eda var\u00eda mucho seg\u00fan las estructuras de su cara y la t\u00e9cnica preferida por su cirujano pl\u00e1stico. Las incisiones comienzan generalmente a nivel de las sienes, disimuladas en el pelo, se extienden por una l\u00ednea natural que pasa justo delante de las orejas y contin\u00faa detr\u00e1s del l\u00f3bulo de las orejas hacia la parte posterior del cuero cabelludo. Si es preciso trabajar sobre el cuello, se puede hacer una peque\u00f1a incisi\u00f3n detr\u00e1s de la barbilla. Generalmente se separa la piel de la grasa y los m\u00fasculos subyacentes. La grasa puede ser extirpada o liposuccionada alrededor del cuello y la barbilla para mejorar el contorno de la cara.. Despu\u00e9s se tensan los m\u00fasculos subyacentes y , por \u00faltimo, la piel, extirp\u00e1ndose la que sobra. Tras la cirug\u00eda, se puede colocar, durante unos d\u00edas, un peque\u00f1o tubo detr\u00e1s de las orejas para drenar cualquier l\u00edquido que se pudiese acumular. Tambi\u00e9n se suele colocar un vendaje ligero.<\/p>\n<p>En el lifting frontal la incisi\u00f3n se coloca en la frente, disimulada detr\u00e1s del pelo, o en determinados casos, en el l\u00edmite entre el pelo y la frente. La piel de esta zona se separa de las estructuras subyacentes, resecando los m\u00fasculos responsables de las arrugas y el exceso de piel.<\/p>\n<h5>La vuelta a la normalidad<\/h5>\n<p>Suele haber pocas molestias despu\u00e9s de la cirug\u00eda; si las hubiese, se alivian f\u00e1cilmente con la medicaci\u00f3n prescrita por su cirujano (si presentase dolor severo o persistente debe comunic\u00e1rselo a su cirujano). Es normal que existan ciertas zonas de la piel adormecidas; esta sensaci\u00f3n desaparece en unas semanas o meses. Deber\u00e1 mantener la cabeza elevada durante unos d\u00edas despu\u00e9s de la cirug\u00eda, para disminuir la inflamaci\u00f3n. Si se le han colocado tubos de drenaje, \u00e9stos se retiraran en un par de d\u00edas; los vendajes se retiran entre el primero y el quinto d\u00eda tras el lifting. No se sorprenda por el aspecto hinchado y amoratado de los primeros d\u00edas; recuerde que en pocas semanas su apariencia ser\u00e1 normal. La mayor\u00eda de los puntos de sutura se retiran a los cinco d\u00edas; los puntos o grapas del pelo se retiran m\u00e1s tarde.<\/p>\n<p>La mayor\u00eda de los pacientes que se someten a un lifting se encuentran bien en 2 d\u00edas, pero debe descansar durante la primera semana. Sea especialmente cuidadoso con la cara y el pelo, ya que estar\u00e1n m\u00e1s sensibles durante un tiempo. Aunque su cirujano pl\u00e1stico le proporcionar\u00e1 instrucciones concretas, algunas recomendaciones son: evite actividades extenuantes durante al menos 2 semanas, evite ba\u00f1os de vapor o saunas durante varias semanas y limite la exposici\u00f3n solar durante unos meses. Sobre todo descanse y permita que su cuerpo emplee toda su energ\u00eda en una buena curaci\u00f3n. Al principio, su cara le puede parecer extra\u00f1a debido a la inflamaci\u00f3n y sus movimientos faciales pueden parecer algo lentos. Pueden persistir algunos moratones durante 2 a 3 semanas, y se puede cansar con m\u00e1s facilidad. Para la tercera semana su aspecto ser\u00e1 mucho mejor. La mayor\u00eda de los pacientes vuelven a trabajar entre los 10 d\u00edas y las 2 semanas despu\u00e9s de la cirug\u00eda. Si es preciso, puede aplicarse maquillaje para disimular los moratones.<\/p>\n<p><img decoding=\"async\" class=\"aligncenter\" src=\"http:\/\/www.doctorcastello.com\/wp-content\/themes\/PortableStudio-WP\/images\/lifting2.jpg\" alt=\"\"\/><\/p>\n<h6>\n<p style=\"text-align: center;\">Lifting cervical. Resultado postoperatorio.\n<\/p>\n<\/h6>\n<h5>\u00bfExisten riesgos? \u00bfHay garant\u00edas?<\/h5>\n<p>Cuando el lifting es realizado por un cirujano pl\u00e1stico cualificado las complicaciones son infrecuentes y de poca importancia. Sin embargo cada persona tiene una anatom\u00eda espec\u00edfica, unas reacciones f\u00edsicas y unas capacidades de curaci\u00f3n distintas, y por tanto los resultados no son absolutamente predecibles. Puede presentarse alguna complicaci\u00f3n, como los hematomas, la lesi\u00f3n, casi siempre temporal, de los nervios que controlan los m\u00fasculos faciales, la infecci\u00f3n y las reacciones a la anestesia. Los problemas de cicatrizaci\u00f3n son m\u00e1s frecuentes en fumadores. Se pueden minimizar los riesgos siguiendo de manera cuidadosa las instrucciones de su cirujano pl\u00e1stico, tanto antes como despu\u00e9s de la cirug\u00eda.<\/p>\n<h5>Los resultados<\/h5>\n<p>Los resultados son muy satisfactorios y se sentir\u00e1 feliz, siempre y cuando comprenda que el resultado no es inmediato. Incluso despu\u00e9s de que el hinchaz\u00f3n y los moratones desaparezcan, el pelo alrededor de las sienes puede ser fino y la piel estar algo seca y \u00e1spera durante unos meses. Las cicatrices del lifting quedar\u00e1n disimuladas tras el pelo y en los pliegues naturales de la cara; en cualquier caso ir\u00e1n disminuyendo con el tiempo haci\u00e9ndose poco visibles.<\/p>\n<p>Un lifting no detiene el reloj; su cara seguir\u00e1 envejeciendo a medida que pase el tiempo, pudiendo incluso desear someterse a un nuevo lifting tras 5 \u00f3 10 a\u00f1os. Sin embargo, los resultados son duraderos; tras varios a\u00f1os seguir\u00e1 pareciendo m\u00e1s joven.<\/p>\n<h5>Cirug\u00eda del rejuvenecimiento facial: resumen<\/h5>\n<p>El estiramiento facial o \u201clifting\u201d es un procedimiento destinado a tensar la piel facial y cervical con objeto de reducir los pliegues o arrugas. La estructura \u00f3sea de la cara, la musculatura y la textura cut\u00e1nea sufren un proceso involutivo con el paso de los a\u00f1os. Adem\u00e1s hay unos factores hereditarios, h\u00e1bitos alimentarios, situaciones de estr\u00e9s, exposici\u00f3n prolongada al sol, etc., que modifican sustancialmente los signos de envejecimiento facial.<br \/>\nLa ritidectom\u00eda habitualmente trata la piel del cuello y las mejillas, pero en ocasiones, se corrigen tambi\u00e9n las arrugas de la frente y el descenso de las cejas. La cirug\u00eda de los p\u00e1rpados, con bastante frecuencia, se realiza junto con la ritidectom\u00eda.<br \/>\nLa operaci\u00f3n se puede realizar con anestesia general o anestesia local y sedaci\u00f3n, dependiendo de cada caso particular (cirug\u00eda m\u00e1s o menos amplia, deseos personales del paciente, etc.).<\/p>\n<p>Las incisiones de esta operaci\u00f3n se realizan en el cuero cabelludo en las regiones frontal y temporal, rodean las orejas y terminan en la zona pr\u00f3xima a la nuca. A trav\u00e9s de estas incisiones el cirujano realiza un despegamiento m\u00e1s o menos amplio de la piel, al objeto de poder obtener un tensado de la misma. Mediante el mismo abordaje, el cirujano puede reducir ac\u00famulos grasos o tensar m\u00fasculos que han quedado fl\u00e1ccidos, proporcionando a la cara un aspecto m\u00e1s firme.<\/p>\n<p>Despu\u00e9s de la intervenci\u00f3n, que suele durar entre 2 y 4 horas, en funci\u00f3n de la amplitud de la misma y de si se hace alg\u00fan tratamiento de los p\u00e1rpados, liposucci\u00f3n, etc., se colocan unos drenajes para disminuir la posibilidad de hematomas y reducir la inflamaci\u00f3n.<\/p>\n<p>En el postoperatorio se observar\u00e1 un grado variable de hinchaz\u00f3n de la cara y el cuello, equimosis o cardenales y sensaci\u00f3n de tirantez y acorchamiento. Estas molestias son pasajeras y ceden espont\u00e1neamente o con analg\u00e9sicos.<br \/>\nLa mayor parte de las cicatrices quedan ocultas en el cuero cabelludo por encima de la sien y hacia la nuca. Solamente en una zona alrededor de la oreja y en las primeras semanas tras la cirug\u00eda, pueden notarse algo las cicatrices, que, por otra parte, pueden ocultarse f\u00e1cilmente con el peinado.<\/p>\n<p>A los 5-6 d\u00edas se comienza a quitar los puntos de sutura, proceso que se termina de realizar a los 8-10 d\u00edas. Habitualmente, en la tercera semana postoperatoria se puede realizar una vida pr\u00e1cticamente normal, incorpor\u00e1ndose incluso a su tarea profesional.<\/p>\n<p>Las intervenciones de estiramiento facial no s\u00f3lo logran un rejuvenecimiento notable sino que, adem\u00e1s, la edad aparente sigue retrasada durante mucho tiempo en relaci\u00f3n a la edad cronol\u00f3gica. Si con el paso de los a\u00f1os volviesen a aparecer arrugas y pliegues, la operaci\u00f3n podr\u00eda volver a realizarse.<br \/>\nLas posibles complicaciones de la ritidectom\u00eda son escasas y, en la mayor\u00eda de los casos, transitorias: hematomas, defectos de cicatrizaci\u00f3n, ca\u00edda de cabello en la cicatriz del cuero cabelludo, alteraci\u00f3n de la movilidad de la ceja o de los labios, etc. S\u00f3lo en raras ocasiones es necesario realizar peque\u00f1as operaciones complementarias para tratar estas complicaciones en el per\u00edodo postoperatorio inmediato o tard\u00edo.<\/p>\n<div class=\"horizontal-line\"><\/div>\n<\/div>\n<div class=\"clearboth\"><\/div>\n<\/div>\n","protected":false},"excerpt":{"rendered":"","protected":false},"author":1,"featured_media":0,"parent":0,"menu_order":0,"comment_status":"open","ping_status":"open","template":"","meta":{"footnotes":""},"class_list":["post-902","page","type-page","status-publish","hentry"],"_links":{"self":[{"href":"https:\/\/doctorcastello.com\/index.php?rest_route=\/wp\/v2\/pages\/902","targetHints":{"allow":["GET"]}}],"collection":[{"href":"https:\/\/doctorcastello.com\/index.php?rest_route=\/wp\/v2\/pages"}],"about":[{"href":"https:\/\/doctorcastello.com\/index.php?rest_route=\/wp\/v2\/types\/page"}],"author":[{"embeddable":true,"href":"https:\/\/doctorcastello.com\/index.php?rest_route=\/wp\/v2\/users\/1"}],"replies":[{"embeddable":true,"href":"https:\/\/doctorcastello.com\/index.php?rest_route=%2Fwp%2Fv2%2Fcomments&post=902"}],"version-history":[{"count":6,"href":"https:\/\/doctorcastello.com\/index.php?rest_route=\/wp\/v2\/pages\/902\/revisions"}],"predecessor-version":[{"id":1228,"href":"https:\/\/doctorcastello.com\/index.php?rest_route=\/wp\/v2\/pages\/902\/revisions\/1228"}],"wp:attachment":[{"href":"https:\/\/doctorcastello.com\/index.php?rest_route=%2Fwp%2Fv2%2Fmedia&parent=902"}],"curies":[{"name":"wp","href":"https:\/\/api.w.org\/{rel}","templated":true}]}}