{"id":843,"date":"2011-11-01T18:11:18","date_gmt":"2011-11-01T18:11:18","guid":{"rendered":"http:\/\/doctorcastello.com\/?page_id=843"},"modified":"2011-11-03T20:31:39","modified_gmt":"2011-11-03T20:31:39","slug":"otros-procedimientos-en-cirugia-de-la-mano","status":"publish","type":"page","link":"https:\/\/doctorcastello.com\/?page_id=843","title":{"rendered":"Otros procedimientos en cirugia de la mano"},"content":{"rendered":"<div class=\"one\">\n<div class=\"one-fourth\">\n<ul class=\"simple-nav\">\n<li><a href=\"https:\/\/doctorcastello.com\/?page_id=828\">Enfermedad de Dupuytren<\/a><\/li>\n<li><a href=\"https:\/\/doctorcastello.com\/?page_id=833\">S\u00edndrome del t\u00fanel carpiano<\/a><\/li>\n<li><a href=\"https:\/\/doctorcastello.com\/?page_id=835\">Mano reum\u00e1tica<\/a><\/li>\n<li><a href=\"https:\/\/doctorcastello.com\/?page_id=837\">Mano paral\u00edtica<\/a><\/li>\n<li><a href=\"https:\/\/doctorcastello.com\/?page_id=839\">Rizartrosis<\/a><\/li>\n<li><a href=\"https:\/\/doctorcastello.com\/?page_id=841\">Deformidades cong\u00e9nitas<\/a><\/li>\n<li><a href=\"https:\/\/doctorcastello.com\/?page_id=843\">Otros procedimientos<\/a><\/li>\n<\/ul>\n<\/div>\n<div class=\"inner-content last\">\n<img loading=\"lazy\" decoding=\"async\" class=\"size-full wp-image-48 aligncenter\" title=\"our-services\" src=\"https:\/\/doctorcastello.com\/wp-content\/themes\/PortableStudio-WP\/images\/mano.jpg\" alt=\"\" width=\"710\" height=\"250\" \/><\/p>\n<h4>Otros procedimientos en Cirug\u00eda de la Mano<\/h4>\n<p>Cirug\u00eda de la mano es un t\u00e9rmino general que incorpora una amplia gama de diferentes tipos de cirug\u00eda de la mano. Los cirujanos pl\u00e1sticos que realizan la cirug\u00eda de la mano intentan restaurar no s\u00f3lo la funci\u00f3n de la mano, sino que tambi\u00e9n tratan de maximizar la apariencia est\u00e9tica de la mano. La cirug\u00eda de la mano puede realizarse por muchas razones, incluyendo, entre otras las siguientes: traumatismo en la mano, cambios reum\u00e1ticos en las estructuras de la mano, deformidades cong\u00e9nitas (presentes al nacer), infecciones.<\/p>\n<p>Existen muchos tipos diferentes de cirug\u00eda que pueden realizarse en la mano, dependiendo de la causa subyacente del problema. La siguiente es una breve descripci\u00f3n general de algunos de los tipos de cirug\u00eda que pueden realizarse.<\/p>\n<h5>Injertos de piel<\/h5>\n<p>Los injertos de piel consisten en reemplazar o unir piel a una parte de la mano que no tiene piel. El tipo m\u00e1s com\u00fan de lesi\u00f3n que requiere un injerto de piel son las amputaciones o lesiones de la yema del dedo. Los injertos de piel se realizan tomando un pedazo de piel sana de otra zona del cuerpo (llamada la zona donante) y coloc\u00e1ndolo en la zona que carece de piel.<\/p>\n<h5>Colgajos de piel<\/h5>\n<p>Un colgajo de piel es similar a un injerto de piel, en el cual se toma una parte de la piel de otra zona. Sin embargo, con un colgajo de piel, la piel que se injerta tiene su propio suministro de sangre. La secci\u00f3n de piel utilizada incluye los vasos sangu\u00edneos, la grasa y los m\u00fasculos esenciales. Los colgajos se utilizan cuando una zona a la que le falta piel no tiene un buen suministro de sangre debido a la ubicaci\u00f3n, da\u00f1o en los vasos sangu\u00edneos o da\u00f1o considerable en el tejido.<\/p>\n<h5>Fijaci\u00f3n y reducci\u00f3n cerrada<\/h5>\n<p>Esta t\u00e9cnica puede utilizarse cuando hay una fractura en una parte de la mano, incluyendo los dedos. Este tipo de cirug\u00eda intenta volver a alinear el hueso fracturado y luego inmoviliza la zona durante la fase de curaci\u00f3n. La inmovilizaci\u00f3n puede hacerse con dispositivos internos, como con alambres, tubos, entablillados y yesos.<\/p>\n<h5>Reparaci\u00f3n de tendones<\/h5>\n<p>Los tendones son las fibras que unen el m\u00fasculo al hueso. La reparaci\u00f3n de los tendones sigue siendo un desaf\u00edo quir\u00fargico debido a la estructura del tend\u00f3n. Las lesiones de los tendones pueden ocurrir debeido a las infecciones, trauma o la ruptura expont\u00e1nea. La reparaci\u00f3n de un tend\u00f3n puede clasificarse como primaria, primaria retrasada o secundaria. La reparaci\u00f3n primaria de una lesi\u00f3n aguda normalmente se completa dentro de 24 horas tras la lesi\u00f3n. La reparaci\u00f3n primaria se realiza unos pocos d\u00edas despu\u00e9s de la lesi\u00f3n, pero mientras todav\u00eda haya una abertura en la piel de la herida. Las reparaciones secundarias pueden realizarse de dos a cinco semanas o m\u00e1s tarde despu\u00e9s de la lesi\u00f3n. Las reparaciones primarias suelen consistir en la correcci\u00f3n quir\u00fargica directa de la lesi\u00f3n, mientras que las reparaciones secundarias pueden incluir injertos de tendones (insertar tendones de otras partes del cuerpo en lugar del tend\u00f3n da\u00f1ado) u otros procedimientos m\u00e1s complejos.<\/p>\n<h5>Reparaci\u00f3n de nervios<\/h5>\n<p>Hay tres nervios principales que inervan la mano, incluyendo el nervio cubital, el nervio mediano y el nervio radial. El da\u00f1o en estos nervios por una lesi\u00f3n puede provocar la disminuci\u00f3n de la capacidad de mover la mano y la sensibilidad. Algunas lesiones de los nervios pueden curarse por s\u00ed solas, mientras que otras requieren cirug\u00eda. En general, el mejor momento para reparar los nervios que est\u00e1n asociados con otras lesiones m\u00e1s complicadas es aproximadamente de tres a seis semanas despu\u00e9s de la lesi\u00f3n. La cirug\u00eda para investigar un nervio da\u00f1ado que no est\u00e1 complicado por otras lesiones se suele realizar al poco tiempo despu\u00e9s del traumatismo para aumentar las probabilidades de recuperaci\u00f3n completa. El nervio puede ser reparado volvi\u00e9ndolo a unir directamente al otro extremo del nervio, o utilizando un injerto de nervio (insertando nervios de otras zonas del cuerpo en lugar del nervio da\u00f1ado) para reparar la secci\u00f3n da\u00f1ada.<\/p>\n<h5>Fasciotom\u00eda<\/h5>\n<p>Este procedimiento se realiza para ayudar a tratar los s\u00edndromes de compartimiento. Un compartimiento es un espacio anat\u00f3mico tridimensional en el cuerpo que est\u00e1 rodeado de fascia o hueso y contiene arterias, nervios y venas. El s\u00edndrome de compartimiento es una condici\u00f3n que se produce cuando hay un aumento de la presi\u00f3n del tejido intracompartimental dentro de un espacio del cuerpo, generalmente causado por un traumatismo, que puede interferir con la circulaci\u00f3n a los tejidos del cuerpo y destruir el funcionamiento. En la mano, el s\u00edndrome de compartimiento puede llevar a un aumento en el dolor, debilidad de los m\u00fasculos y finalmente un cambio en el color de los dedos y de las u\u00f1as.<br \/>\nLa fasciotom\u00eda es el tratamiento de las etapas tempranas de los s\u00edndromes de compartimiento. Se hacen incisiones quir\u00fargicas en la mano o brazo para permitir la liberaci\u00f3n de la presi\u00f3n que est\u00e1 aumentando dentro del cuerpo. Cualquier tejido dentro del cuerpo que est\u00e9 ya da\u00f1ado puede quitarse en este momento. Una fasciotom\u00eda ayudar\u00e1 a prevenir una disminuci\u00f3n mayor del funcionamiento y el da\u00f1o de la extremidad afectada.<\/p>\n<h5>Drenaje quir\u00fargico y, o desbridaci\u00f3n<\/h5>\n<p>Nuestras manos est\u00e1n constantemente a riesgo de lesi\u00f3n e infecci\u00f3n. Las infecciones de la mano son una raz\u00f3n frecuente por la que las personas buscan tratamiento; alrededor del 25 por ciento de las personas tratadas por cirujanos de la mano tienen infecciones. El tratamiento de las infecciones de la mano puede incluir reposo, uso de calor, elevaci\u00f3n, antibi\u00f3ticos y cirug\u00eda. El drenaje quir\u00fargico puede utilizarse si hay un absceso en la mano para ayudar a quitar el almacenamiento de pus. La desbridaci\u00f3n o limpieza de una herida para prevenir una infecci\u00f3n mayor y para ayudar a estimular la curaci\u00f3n, puede utilizarse si la infecci\u00f3n o la herida es severa.<\/p>\n<h5>Sustituci\u00f3n de articulaciones<\/h5>\n<p>Este tipo de cirug\u00eda, tambi\u00e9n llamada artroplastia, puede utilizarse en las personas que tienen artritis severa en la mano. Esto consiste en reemplazar una articulaci\u00f3n que ha sido destruida por el proceso de la enfermedad por una articulaci\u00f3n artificial. Esta articulaci\u00f3n artificial puede estar hecha de metal, pl\u00e1stico, goma de silicona o del propio tejido del paciente (como un tend\u00f3n).<\/p>\n<h5>Reimplantaci\u00f3n<\/h5>\n<p>Este tipo de cirug\u00eda reemplaza los dedos o manos que han sido amputados por accidente, normalmente por alg\u00fan tipo de traumatismo. La reimplantaci\u00f3n utiliza microcirug\u00eda, que es una cirug\u00eda compleja y precisa que se realiza con magnificaci\u00f3n. Algunas lesiones severas pueden necesitar m\u00e1s de una cirug\u00eda para la recuperaci\u00f3n \u00f3ptima.<\/p>\n<h5>1\u00bfCu\u00e1les son los riesgos de la cirug\u00eda de la mano?<\/h5>\n<p>La mayor\u00eda de las cirug\u00edas conllevan los riesgos de la anestesia y de hemorragia. Los riesgos adicionales asociados con la cirug\u00eda dependen mucho del tipo de cirug\u00eda que se vaya a realizar y pueden incluir, pero no est\u00e1n limitados a, los siguientes: infecci\u00f3n, curaci\u00f3n incompleta, p\u00e9rdida de sensibilidad o movimiento de la mano o los dedos.<\/p>\n<div class=\"horizontal-line\"><\/div>\n<\/div>\n<div class=\"clearboth\"><\/div>\n<\/div>\n","protected":false},"excerpt":{"rendered":"","protected":false},"author":1,"featured_media":0,"parent":0,"menu_order":0,"comment_status":"closed","ping_status":"closed","template":"","meta":{"footnotes":""},"class_list":["post-843","page","type-page","status-publish","hentry"],"_links":{"self":[{"href":"https:\/\/doctorcastello.com\/index.php?rest_route=\/wp\/v2\/pages\/843","targetHints":{"allow":["GET"]}}],"collection":[{"href":"https:\/\/doctorcastello.com\/index.php?rest_route=\/wp\/v2\/pages"}],"about":[{"href":"https:\/\/doctorcastello.com\/index.php?rest_route=\/wp\/v2\/types\/page"}],"author":[{"embeddable":true,"href":"https:\/\/doctorcastello.com\/index.php?rest_route=\/wp\/v2\/users\/1"}],"replies":[{"embeddable":true,"href":"https:\/\/doctorcastello.com\/index.php?rest_route=%2Fwp%2Fv2%2Fcomments&post=843"}],"version-history":[{"count":5,"href":"https:\/\/doctorcastello.com\/index.php?rest_route=\/wp\/v2\/pages\/843\/revisions"}],"predecessor-version":[{"id":996,"href":"https:\/\/doctorcastello.com\/index.php?rest_route=\/wp\/v2\/pages\/843\/revisions\/996"}],"wp:attachment":[{"href":"https:\/\/doctorcastello.com\/index.php?rest_route=%2Fwp%2Fv2%2Fmedia&parent=843"}],"curies":[{"name":"wp","href":"https:\/\/api.w.org\/{rel}","templated":true}]}}