{"id":839,"date":"2011-11-01T18:07:29","date_gmt":"2011-11-01T18:07:29","guid":{"rendered":"http:\/\/doctorcastello.com\/?page_id=839"},"modified":"2011-11-03T20:32:39","modified_gmt":"2011-11-03T20:32:39","slug":"rizartrosis","status":"publish","type":"page","link":"https:\/\/doctorcastello.com\/?page_id=839","title":{"rendered":"Rizartrosis"},"content":{"rendered":"<div class=\"one\">\n<div class=\"one-fourth\">\n<ul class=\"simple-nav\">\n<li><a href=\"https:\/\/doctorcastello.com\/?page_id=828\">Enfermedad de Dupuytren<\/a><\/li>\n<li><a href=\"https:\/\/doctorcastello.com\/?page_id=833\">S\u00edndrome del t\u00fanel carpiano<\/a><\/li>\n<li><a href=\"https:\/\/doctorcastello.com\/?page_id=835\">Mano reum\u00e1tica<\/a><\/li>\n<li><a href=\"https:\/\/doctorcastello.com\/?page_id=837\">Mano paral\u00edtica<\/a><\/li>\n<li><a href=\"https:\/\/doctorcastello.com\/?page_id=839\">Rizartrosis<\/a><\/li>\n<li><a href=\"https:\/\/doctorcastello.com\/?page_id=841\">Deformidades cong\u00e9nitas<\/a><\/li>\n<li><a href=\"https:\/\/doctorcastello.com\/?page_id=843\">Otros procedimientos<\/a><\/li>\n<\/ul>\n<\/div>\n<div class=\"inner-content last\">\n<img loading=\"lazy\" decoding=\"async\" class=\"size-full wp-image-48 aligncenter\" title=\"our-services\" src=\"https:\/\/doctorcastello.com\/wp-content\/themes\/PortableStudio-WP\/images\/mano.jpg\" alt=\"\" width=\"710\" height=\"250\" \/><\/p>\n<h4>Rizartrosis o artrosis del pulgar<\/h4>\n<p>La artrosis de la articulaci\u00f3n de la base del pulgar (rizartrosis) se produce por el desgaste o degeneraci\u00f3n de la articulaci\u00f3n de la base del pulgar (articulaci\u00f3n trapecio-metacarpiana). Cuando el cart\u00edlago articular se lesiona se desarrolla la artrosis. Esto produce dolor en la articulaci\u00f3n, inflamaci\u00f3n de los tejidos que rodean la articulaci\u00f3n y formaci\u00f3n de osteofitos (salientes \u00f3seos en los m\u00e1rgenes articulares). El resultado es una articulaci\u00f3n r\u00edgida y dolorosa, con su movilidad limitada.<\/p>\n<h5>\u00bfQu\u00e9 causa la rizartrosis<\/h5>\n<p>La rizartrosis se debe a la degeneraci\u00f3n de la superficie cartilaginosa de deslizamiento de los dos huesos que forman la articulaci\u00f3n. En algunos pacientes, una inestabilidad subyacente de la articulaci\u00f3n puede contribuir al desgaste del cart\u00edlago y conducir a la artrosis. Las personas con rizartrosis pueden tener artrosis en otras articulaciones de la mano o de otras partes del cuerpo, o puede ser la \u00fanica localizaci\u00f3n.<\/p>\n<h5>\u00bfCu\u00e1les son los s\u00edntomas de la rizartrosis? <\/h5>\n<p>La rizartrosis provoca dolor en la articulaci\u00f3n que une el pulgar a la mu\u00f1eca. Los s\u00edntomas incluyen inflamaci\u00f3n y sensibilidad a la palpaci\u00f3n. Algunas actividades como girar una llave, abrir un frasco, o asir objetos, pueden ser dolorosas. Tambi\u00e9n puede haber dolor en periodos con m\u00e1s utilizaci\u00f3n de la mano, o con los cambios de tiempo. Se puede apreciar una prominencia \u00f3sea o bulto sobre la articulaci\u00f3n, y puede ser dif\u00edcil extender el pulgar.<\/p>\n<h5>\u00bfC\u00f3mo se diagnostica la rizartosis?<\/h5>\n<p>Es conveniente que le explique al m\u00e9dico cu\u00e1ndo aparece el dolor, las actividades que lo agravan, o alguna lesi\u00f3n previa del pulgar. Durante la exploraci\u00f3n, su m\u00e9dico forzar\u00e1 la articulaci\u00f3n intentando reproducir los s\u00edntomas. Puede que mida la distancia entre el pulgar y el \u00edndice as\u00ed como los movimientos de la mu\u00f1eca y de las otras articulaciones del pulgar.<\/p>\n<p>Las radiograf\u00edas ayudar\u00e1n a valorar la severidad de la artrosis. En la rizartrosis, puede haberse perdido el espacio articular, lo cual significa que puede haber inestabilidad o mala alineaci\u00f3n de la articulaci\u00f3n, y puede haber esp\u00edculas \u00f3seas o calcificaciones de los tejidos blandos. Dado que muchos pacientes con rizartrosis tienen s\u00edntomas del S\u00edndrome del T\u00fanel Carpiano, su m\u00e9dico puede realizar pruebas para descartar \u00e9ste (mediante la exploraci\u00f3n o estudios electrofisiol\u00f3gicos).<\/p>\n<p><img decoding=\"async\" class=\"aligncenter\" src=\"http:\/\/www.doctorcastello.com\/wp-content\/themes\/PortableStudio-WP\/images\/rizartrosis.jpg\" alt=\"\" \/><\/p>\n<h6>\n<p style=\"text-align: center;\">Radiograf\u00eda de una mano con rizartrosis del pulgar.<\/p>\n<\/h6>\n<h5>Tratamiento de la rizartrosis<\/h5>\n<p>Los s\u00edntomas mejoran con frecuencia con tratamiento no quir\u00fargico. El uso intermitente de una f\u00e9rula de inmovilizaci\u00f3n ayuda a mantener la articulaci\u00f3n en reposo, y los antiinflamatorios pueden disminuir el dolor y la inflamaci\u00f3n. Tambi\u00e9n puede ser \u00fatil un programa de ejercicios para fortalecer los peque\u00f1os m\u00fasculos que estabilizan la articulaci\u00f3n. Su m\u00e9dico puede aconsejar una infiltraci\u00f3n con corticoide dentro de la articulaci\u00f3n para reducir la inflamaci\u00f3n y mejorar los s\u00edntomas. Si los s\u00edntomas no mejoran, puede ser necesaria la intervenci\u00f3n quir\u00fargica para aliviar el dolor y mejorar la funci\u00f3n del pulgar y de la mano.<\/p>\n<p>La cirug\u00eda supone sustituir el hueso artr\u00f3sico, un procedimiento llamado artroplastia. Se extirpa el hueso trapecio artr\u00f3sico, y se toman tejidos blandos de la mu\u00f1eca para estabilizar el hueso restante y crear un espaciador en la zona donde se ha extirpado el hueso. En los pacientes con inestabilidad de la articulaci\u00f3n, pero con m\u00ednimos cambios artr\u00f3sicos, puede recomendarse la estabilizaci\u00f3n quir\u00fargica de la articulaci\u00f3n, pero sin artroplastia. Tras la intervenci\u00f3n, el pulgar se mantiene en una f\u00e9rula o yeso durante tres a seis semanas (dependiendo de la t\u00e9cnica utilizada y de las preferencias de su cirujano). Tras la cirug\u00eda, la rehabilitaci\u00f3n con la supervisi\u00f3n de un fisioterapeuta le ayudar\u00e1 a recuperar el movimiento y la fuerza de la mano. Tras la artroplastia , generalmente se tardan varios meses en recuperar la movilidad y fuerza completas de la mano.<\/p>\n<div class=\"horizontal-line\"><\/div>\n<\/div>\n<div class=\"clearboth\"><\/div>\n<\/div>\n","protected":false},"excerpt":{"rendered":"","protected":false},"author":1,"featured_media":0,"parent":0,"menu_order":0,"comment_status":"closed","ping_status":"closed","template":"","meta":{"footnotes":""},"class_list":["post-839","page","type-page","status-publish","hentry"],"_links":{"self":[{"href":"https:\/\/doctorcastello.com\/index.php?rest_route=\/wp\/v2\/pages\/839","targetHints":{"allow":["GET"]}}],"collection":[{"href":"https:\/\/doctorcastello.com\/index.php?rest_route=\/wp\/v2\/pages"}],"about":[{"href":"https:\/\/doctorcastello.com\/index.php?rest_route=\/wp\/v2\/types\/page"}],"author":[{"embeddable":true,"href":"https:\/\/doctorcastello.com\/index.php?rest_route=\/wp\/v2\/users\/1"}],"replies":[{"embeddable":true,"href":"https:\/\/doctorcastello.com\/index.php?rest_route=%2Fwp%2Fv2%2Fcomments&post=839"}],"version-history":[{"count":4,"href":"https:\/\/doctorcastello.com\/index.php?rest_route=\/wp\/v2\/pages\/839\/revisions"}],"predecessor-version":[{"id":1004,"href":"https:\/\/doctorcastello.com\/index.php?rest_route=\/wp\/v2\/pages\/839\/revisions\/1004"}],"wp:attachment":[{"href":"https:\/\/doctorcastello.com\/index.php?rest_route=%2Fwp%2Fv2%2Fmedia&parent=839"}],"curies":[{"name":"wp","href":"https:\/\/api.w.org\/{rel}","templated":true}]}}