{"id":835,"date":"2011-11-01T18:06:41","date_gmt":"2011-11-01T18:06:41","guid":{"rendered":"http:\/\/doctorcastello.com\/?page_id=835"},"modified":"2011-11-03T20:31:16","modified_gmt":"2011-11-03T20:31:16","slug":"mano-reumatica","status":"publish","type":"page","link":"https:\/\/doctorcastello.com\/?page_id=835","title":{"rendered":"Mano reum\u00e1tica"},"content":{"rendered":"<div class=\"one\">\n<div class=\"one-fourth\">\n<ul class=\"simple-nav\">\n<li><a href=\"https:\/\/doctorcastello.com\/?page_id=828\">Enfermedad de Dupuytren<\/a><\/li>\n<li><a href=\"https:\/\/doctorcastello.com\/?page_id=833\">S\u00edndrome del t\u00fanel carpiano<\/a><\/li>\n<li><a href=\"https:\/\/doctorcastello.com\/?page_id=835\">Mano reum\u00e1tica<\/a><\/li>\n<li><a href=\"https:\/\/doctorcastello.com\/?page_id=837\">Mano paral\u00edtica<\/a><\/li>\n<li><a href=\"https:\/\/doctorcastello.com\/?page_id=839\">Rizartrosis<\/a><\/li>\n<li><a href=\"https:\/\/doctorcastello.com\/?page_id=841\">Deformidades cong\u00e9nitas<\/a><\/li>\n<li><a href=\"https:\/\/doctorcastello.com\/?page_id=843\">Otros procedimientos<\/a><\/li>\n<\/ul>\n<\/div>\n<div class=\"inner-content last\">\n<img loading=\"lazy\" decoding=\"async\" class=\"size-full wp-image-48 aligncenter\" title=\"our-services\" src=\"https:\/\/doctorcastello.com\/wp-content\/themes\/PortableStudio-WP\/images\/mano.jpg\" alt=\"\" width=\"710\" height=\"250\" \/><\/p>\n<h4>Mano reum\u00e1tica<\/h4>\n<p>La artritis reumatoide es una enfermedad cr\u00f3nica que provoca la inflamaci\u00f3n de las articulaciones. La inflamaci\u00f3n puede volverse tan severa que pueden verse afectadas la funci\u00f3n y la apariencia de las manos, as\u00ed como otras partes del cuerpo. En la mano, la artritis reumatoide puede causar deformidades en las articulaciones de los dedos, dificultando el movimiento de los dedos. Los bultos, conocidos como n\u00f3dulos reumatoides, pueden formarse sobre las articulaciones peque\u00f1as de las manos y de la mu\u00f1eca. <\/p>\n<p>La artritis reumatoide juvenil (su sigla en ingl\u00e9s es JRA) es una forma de artritis que se presenta en los ni\u00f1os de hasta 16 a\u00f1os y que produce inflamaci\u00f3n y rigidez de las articulaciones durante m\u00e1s de seis semanas. A diferencia de la artritis reumatoide de los adultos, que es cr\u00f3nica y dura toda la vida, los ni\u00f1os suelen superar la artritis reumatoide juvenil. Sin embargo, la enfermedad puede afectar al desarrollo de los huesos en los ni\u00f1os en edad de crecimiento.<\/p>\n<h5>\u00bfQu\u00e9 causa la artritis reumatoide?<\/h5>\n<p>Se desconoce la causa exacta de la artritis reumatoide. La artritis reumatoide es un trastorno autoinmunol\u00f3gico, es decir, que el sistema inmunol\u00f3gico del cuerpo ataca a sus propias c\u00e9lulas y tejidos sanos. La respuesta del cuerpo provoca la inflamaci\u00f3n en y alrededor de las articulaciones, lo que puede llevar a la destrucci\u00f3n del sistema esquel\u00e9tico. La artritis reumatoide puede tambi\u00e9n tener efectos devastadores en otros \u00f3rganos, como el coraz\u00f3n y los pulmones. Los investigadores creen que determinados factores, incluyendo la herencia, pueden contribuir al inicio de la enfermedad.<\/p>\n<p>La artritis reumatoide afecta m\u00e1s a las mujeres que a los hombres (el 75 por ciento de las personas que tienen artritis reumatoide son mujeres). La enfermedad ocurre con mayor frecuencia entre las edades de 20 y 45 a\u00f1os.<\/p>\n<h5>\u00bfCu\u00e1les son los s\u00edntomas de la artritis reumatoide? <\/h5>\n<p>Las articulaciones que con mayor frecuencia resultan afectadas por la artritis reumatoide son las de las manos, las mu\u00f1ecas, los pies, los tobillos, las rodillas, los hombros y los codos. La enfermedad generalmente causa inflamaci\u00f3n sim\u00e9trica en el cuerpo, es decir, que las dos articulaciones a ambos lados del cuerpo resultan afectadas. Los s\u00edntomas de la artritis reumatoide pueden empezar de forma repentina o gradual. A continuaci\u00f3n, se enumeran los s\u00edntomas m\u00e1s comunes de la artritis reumatoide en las manos. Sin embargo, cada individuo puede experimentar los s\u00edntomas de una forma diferente. Los s\u00edntomas pueden incluir los siguientes:<br \/>\nDolor.<br \/>\nRigidez.<br \/>\nHinchaz\u00f3n de las articulaciones.<br \/>\nDisminuci\u00f3n del movimiento.<br \/>\nDolor que empeora con el movimiento de las articulaciones.<br \/>\nPueden notarse bultos sobre las articulaciones peque\u00f1as.<br \/>\nDificultad para realizar las actividades diarias, como atarse los zapatos, abrir frascos o abotonarse la camisa.<br \/>\nDisminuci\u00f3n de la capacidad de agarrar o pellizcar.<\/p>\n<p>Se puede confirmar el diagn\u00f3stico de artritis reumatoide cuando una persona presenta cuatro o m\u00e1s de los siguientes s\u00edntomas:<\/p>\n<p>Rigidez matutina que dura m\u00e1s de una hora durante al menos seis semanas.<br \/>\nTres o m\u00e1s articulaciones inflamadas durante al menos seis semanas.<br \/>\nPresencia de artritis en las articulaciones de la mano, la mu\u00f1eca o los dedos de las manos durante al menos seis semanas.<br \/>\nFactor reumatoide positivo en los ex\u00e1menes de sangre.<br \/>\nRayos X que muestren los cambios t\u00edpicos en las articulaciones.<\/p>\n<p>Los s\u00edntomas de la artritis reumatoide pueden parecerse a los de otras condiciones o problemas m\u00e9dicos. Siempre consulte a su m\u00e9dico para el diagn\u00f3stico.<\/p>\n<h5>\u00bfC\u00f3mo se diagnostica la artritis reumatoide?<\/h5>\n<p>El diagn\u00f3stico de la artritis reumatoide puede resultar dif\u00edcil en las primeras etapas de la enfermedad porque los s\u00edntomas pueden ser muy leves y no se detectan alteraciones en los rayos X ni en los ex\u00e1menes de sangre. Adem\u00e1s del examen f\u00edsico y la historia m\u00e9dica completa, los procedimientos para diagnosticar la artritis reumatoide pueden incluir los siguientes:<\/p>\n<p>Rayos X &#8211; examen de diagn\u00f3stico que utiliza rayos invisibles de energ\u00eda electromagn\u00e9tica para producir im\u00e1genes de los tejidos internos, los huesos y los \u00f3rganos en una placa.<br \/>\nAspiraci\u00f3n de la articulaci\u00f3n &#8211; consiste en extraer una muestra del l\u00edquido de la bolsa inflamada para descartar que la causa pueda ser gota o una infecci\u00f3n.<br \/>\nBiopsia (del tejido de los n\u00f3dulos) &#8211; procedimiento en el que se extraen muestras de tejido (con una aguja o durante la cirug\u00eda) del cuerpo para examinarlas con un microscopio con el fin de determinar si existen c\u00e9lulas cancerosas o anormales.<br \/>\nEx\u00e1menes de sangre (para detectar ciertos anticuerpos, llamados factor reumatoide, y otros indicadores de artritis reumatoide).<\/p>\n<p><img decoding=\"async\" class=\"aligncenter\" src=\"http:\/\/www.doctorcastello.com\/wp-content\/themes\/PortableStudio-WP\/images\/manoreumatica.jpg\" alt=\"\" \/><\/p>\n<h6>\n<p style=\"text-align: center;\">Distintos grados de afectaci\u00f3n de la Mano reum\u00e1tica.<\/p>\n<\/h6>\n<h5>Tratamiento de la artritis reumatoide<\/h5>\n<p>El tratamiento espec\u00edfico de la artritis reumatoide ser\u00e1 determinado por su m\u00e9dico bas\u00e1ndose en lo siguiente:<br \/>\nSu edad, su estado general de salud y su historia m\u00e9dica.<br \/>\nQu\u00e9 tan avanzada est\u00e1 la condici\u00f3n.<br \/>\nSu tolerancia a determinados medicamentos, procedimientos o terapias.<br \/>\nSus expectativas para la trayectoria de la condici\u00f3n.<br \/>\nSu opini\u00f3n o preferencia.<\/p>\n<p>El tratamiento puede incluir lo siguiente:<\/p>\n<p>F\u00e9rula: Pueden utilizarse f\u00e9rulas para ayudar a proteger las articulaciones y fortalecer las articulaciones d\u00e9biles.<br \/>\nFisioterapia: Puede utilizarse la fisioterapia para ayudar a aumentar la fuerza y movimiento de las zonas afectadas.<br \/>\nCirug\u00eda: Puede realizarse cirug\u00eda si fallan las opciones de tratamiento anteriores. La decisi\u00f3n de la cirug\u00eda debe realizarse consultando con su m\u00e9dico. La reparaci\u00f3n o reconstrucci\u00f3n de la mano y la mu\u00f1eca pueden realizarse de varias maneras, incluyendo las siguientes:<br \/>\nLimpieza quir\u00fargica: Esta opci\u00f3n puede realizarse en los pacientes que tienen artritis reumatoide u otros tipos de artritis de la mano. Los tejidos inflamados y enfermos de las manos pueden eliminarse para ayudar a aumentar la funci\u00f3n.<br \/>\nSustituci\u00f3n de articulaciones: Este tipo de cirug\u00eda, tambi\u00e9n llamada artroplastia, puede utilizarse en las personas que tienen artritis severa en la mano. Esta opci\u00f3n puede realizarse en los pacientes de m\u00e1s edad, que tienen un nivel de actividad m\u00e1s bajo. La sustituci\u00f3n de la articulaci\u00f3n puede brindar una disminuci\u00f3n del dolor y un aumento en la funci\u00f3n de las manos y los dedos. Esto consiste en reemplazar una articulaci\u00f3n que ha sido destruida por el proceso de la enfermedad por una articulaci\u00f3n artificial. Esta articulaci\u00f3n artificial puede estar hecha de metal, pl\u00e1stico, goma de silicona o del propio tejido del paciente (como un tend\u00f3n).<br \/>\nFusi\u00f3n de articulaciones: Esta opci\u00f3n normalmente consiste en quitar la articulaci\u00f3n y fusionar los dos extremos de los huesos. Esto forma un hueso largo, sin articulaci\u00f3n. Esta opci\u00f3n normalmente se utiliza en pacientes que tienen artritis avanzada. Despu\u00e9s de la fusi\u00f3n del hueso, se elimina el movimiento en la articulaci\u00f3n fusionada.<\/p>\n<p>Es importante recordar que la cirug\u00eda no corrige la enfermedad subyacente. S\u00f3lo ayuda a corregir las deformidades causadas por la enfermedad. La artritis reumatoide puede seguir causando problemas en la mano, e incluso puede requerir m\u00e1s cirug\u00edas. Es necesario un seguimiento cuidadoso por parte de su m\u00e9dico para un control \u00f3ptimo de esta enfermedad.<\/p>\n<div class=\"horizontal-line\"><\/div>\n<\/div>\n<div class=\"clearboth\"><\/div>\n<\/div>\n","protected":false},"excerpt":{"rendered":"","protected":false},"author":1,"featured_media":0,"parent":0,"menu_order":0,"comment_status":"closed","ping_status":"closed","template":"","meta":{"footnotes":""},"class_list":["post-835","page","type-page","status-publish","hentry"],"_links":{"self":[{"href":"https:\/\/doctorcastello.com\/index.php?rest_route=\/wp\/v2\/pages\/835","targetHints":{"allow":["GET"]}}],"collection":[{"href":"https:\/\/doctorcastello.com\/index.php?rest_route=\/wp\/v2\/pages"}],"about":[{"href":"https:\/\/doctorcastello.com\/index.php?rest_route=\/wp\/v2\/types\/page"}],"author":[{"embeddable":true,"href":"https:\/\/doctorcastello.com\/index.php?rest_route=\/wp\/v2\/users\/1"}],"replies":[{"embeddable":true,"href":"https:\/\/doctorcastello.com\/index.php?rest_route=%2Fwp%2Fv2%2Fcomments&post=835"}],"version-history":[{"count":6,"href":"https:\/\/doctorcastello.com\/index.php?rest_route=\/wp\/v2\/pages\/835\/revisions"}],"predecessor-version":[{"id":992,"href":"https:\/\/doctorcastello.com\/index.php?rest_route=\/wp\/v2\/pages\/835\/revisions\/992"}],"wp:attachment":[{"href":"https:\/\/doctorcastello.com\/index.php?rest_route=%2Fwp%2Fv2%2Fmedia&parent=835"}],"curies":[{"name":"wp","href":"https:\/\/api.w.org\/{rel}","templated":true}]}}