{"id":828,"date":"2011-11-01T17:43:09","date_gmt":"2011-11-01T17:43:09","guid":{"rendered":"http:\/\/doctorcastello.com\/?page_id=828"},"modified":"2011-11-03T20:30:28","modified_gmt":"2011-11-03T20:30:28","slug":"enfermedad-de-dupuytren","status":"publish","type":"page","link":"https:\/\/doctorcastello.com\/?page_id=828","title":{"rendered":"Enfermedad de Dupuytren"},"content":{"rendered":"<div class=\"one\">\n<div class=\"one-fourth\">\n<ul class=\"simple-nav\">\n<li><a href=\"https:\/\/doctorcastello.com\/?page_id=828\">Enfermedad de Dupuytren<\/a><\/li>\n<li><a href=\"https:\/\/doctorcastello.com\/?page_id=833\">S\u00edndrome del t\u00fanel carpiano<\/a><\/li>\n<li><a href=\"https:\/\/doctorcastello.com\/?page_id=835\">Mano reum\u00e1tica<\/a><\/li>\n<li><a href=\"https:\/\/doctorcastello.com\/?page_id=837\">Mano paral\u00edtica<\/a><\/li>\n<li><a href=\"https:\/\/doctorcastello.com\/?page_id=839\">Rizartrosis<\/a><\/li>\n<li><a href=\"https:\/\/doctorcastello.com\/?page_id=841\">Deformidades cong\u00e9nitas<\/a><\/li>\n<li><a href=\"https:\/\/doctorcastello.com\/?page_id=843\">Otros procedimientos<\/a><\/li>\n<\/ul>\n<\/div>\n<div class=\"inner-content last\">\n<img loading=\"lazy\" decoding=\"async\" class=\"size-full wp-image-48 aligncenter\" title=\"our-services\" src=\"https:\/\/doctorcastello.com\/wp-content\/themes\/PortableStudio-WP\/images\/mano.jpg\" alt=\"\" width=\"710\" height=\"250\" \/><\/p>\n<h4>Contractura o enfermedad de Dupuytren<\/h4>\n<p>La contractura de Dupuytren, tambi\u00e9n llamada enfermedad de Dupuytren, normalmente empieza con un engrosamiento de la piel de la palma de la mano, el cual se puede convertir en un bulto duro o banda gruesa que con el tiempo podr\u00eda provocar que los dedos se contrajeran, o tiraran hacia la palma.<\/p>\n<h5>\u00bfQu\u00e9 causa la contractura de Dupuytren?<\/h5>\n<p>Desde que esta enfermedad se registr\u00f3 por primera vez en los a\u00f1os 1600, se han hecho grandes avances en el conocimiento de esta enfermedad; sin embargo, todav\u00eda quedan algunas preguntas sin respuestas. Se cree que es una enfermedad hereditaria, lo que quiere decir heredada de la familia, pero a\u00fan no se conoce la causa exacta. La contractura de Dupuytren puede estar asociada con fumar cigarrillos, la epilepsia, la diabetes y el alcoholismo, y normalmente se presenta en la edad mediana.<\/p>\n<h5>Datos acerca de la contractura de Dupuytren<\/h5>\n<p>Considere las siguientes estad\u00edsticas relacionadas con la contractura de Dupuytren:<\/p>\n<p>El dedo anular es el dedo m\u00e1s com\u00fanmente afectado.<br \/>\nEl dedo me\u00f1ique es el segundo dedo m\u00e1s com\u00fanmente afectado.<br \/>\nEl treinta y tres por ciento de los casos afecta s\u00f3lo a un dedo.<br \/>\nEl treinta y tres por ciento de los casos afecta a dos dedos.<br \/>\nEl treinta y tres por ciento de los casos afecta a m\u00e1s de dos dedos.<\/p>\n<h5>\u00bfCu\u00e1les son los s\u00edntomas de la contractura de Dupuytren?<\/h5>\n<p>A continuaci\u00f3n, se enumeran los s\u00edntomas m\u00e1s comunes de la contractura de Dupuytren. Sin embargo, cada individuo puede experimentar los s\u00edntomas de una forma diferente. Los s\u00edntomas pueden incluir los siguientes:<\/p>\n<p>Desarrollo de tejido grueso debajo de la piel de la palma de la mano.<br \/>\nEl dedo o los dedos tiran hacia delante.<br \/>\nDisminuci\u00f3n de la funci\u00f3n de la mano.<\/p>\n<p>Los s\u00edntomas de la contractura de Dupuytren pueden parecerse a los de otras condiciones o problemas m\u00e9dicos. Siempre consulte a su m\u00e9dico para el diagn\u00f3stico.<\/p>\n<p><img decoding=\"async\" class=\"aligncenter\" src=\"http:\/\/www.doctorcastello.com\/wp-content\/themes\/PortableStudio-WP\/images\/dupuytren.jpg\" alt=\"\" \/><\/p>\n<h6>\n<p style=\"text-align: center;\">Enfermedad de Dupuytren con distintos grados de afectaci\u00f3n.<\/p>\n<\/h6>\n<p>En la enfermedad de Dupuytren, un tejido cicatricial localizado en la palma tracciona los dedos hacia una posici\u00f3n anormal. El cirujano puede hacer incisiones en zig-zag sobre estas bandas, creando peque\u00f1os colgajos cut\u00e1neos que alivian la tensi\u00f3n.<\/p>\n<h5>Tratamiento de la contractura de Dupuytren<\/h5>\n<p>El tratamiento espec\u00edfico de la contractura de Dupuytren ser\u00e1 determinado por su m\u00e9dico bas\u00e1ndose en lo siguiente:<\/p>\n<p>Su edad, su estado general de salud y su historia m\u00e9dica.<br \/>\nQu\u00e9 tan avanzada est\u00e1 la enfermedad.<br \/>\nSu tolerancia a determinados medicamentos, procedimientos o terapias.<br \/>\nSus expectativas para la trayectoria de la enfermedad.<br \/>\nSu opini\u00f3n o preferencia.<\/p>\n<p>Actualmente, la cirug\u00eda es el \u00fanico tratamiento disponible para ayudar a corregir la contractura de Dupuytren avanzada. Aunque la cirug\u00eda puede aumentar la movilidad del dedo o de los dedos, no corrige el proceso subyacente de la enfermedad.<\/p>\n<p>Despu\u00e9s de la cirug\u00eda los colgajos reposicionados se expanden como un acorde\u00f3n, permitiendo el libre movimiento de los dedos.<\/p>\n<p>Durante la cirug\u00eda, el cirujano hace una incisi\u00f3n en la mano y corta la zona de tejido engrosado. Esto permite la mejora del movimiento de los tendones y aumenta la movilidad del dedo. Es una cirug\u00eda muy precisa porque los nervios de la mano est\u00e1n a menudo en esta zona de tejido engrosado. Algunas veces, son necesarios injertos de piel para corregir la piel de encima. Esto implica reemplazar o unir piel a una parte de la mano que no tiene piel. Los injertos de piel se realizan tomando un pedazo de piel sana de otra zona del cuerpo (llamada la zona donante) y uni\u00e9ndola a la zona necesitada.<\/p>\n<p>Despu\u00e9s de la cirug\u00eda, se realizar\u00e1 fisioterapia en la mano afectada para ayudar a incrementar su fuerza y funci\u00f3n.<\/p>\n<div class=\"horizontal-line\"><\/div>\n<\/div>\n<div class=\"clearboth\"><\/div>\n<\/div>\n","protected":false},"excerpt":{"rendered":"","protected":false},"author":1,"featured_media":0,"parent":0,"menu_order":0,"comment_status":"closed","ping_status":"closed","template":"","meta":{"footnotes":""},"class_list":["post-828","page","type-page","status-publish","hentry"],"_links":{"self":[{"href":"https:\/\/doctorcastello.com\/index.php?rest_route=\/wp\/v2\/pages\/828","targetHints":{"allow":["GET"]}}],"collection":[{"href":"https:\/\/doctorcastello.com\/index.php?rest_route=\/wp\/v2\/pages"}],"about":[{"href":"https:\/\/doctorcastello.com\/index.php?rest_route=\/wp\/v2\/types\/page"}],"author":[{"embeddable":true,"href":"https:\/\/doctorcastello.com\/index.php?rest_route=\/wp\/v2\/users\/1"}],"replies":[{"embeddable":true,"href":"https:\/\/doctorcastello.com\/index.php?rest_route=%2Fwp%2Fv2%2Fcomments&post=828"}],"version-history":[{"count":8,"href":"https:\/\/doctorcastello.com\/index.php?rest_route=\/wp\/v2\/pages\/828\/revisions"}],"predecessor-version":[{"id":988,"href":"https:\/\/doctorcastello.com\/index.php?rest_route=\/wp\/v2\/pages\/828\/revisions\/988"}],"wp:attachment":[{"href":"https:\/\/doctorcastello.com\/index.php?rest_route=%2Fwp%2Fv2%2Fmedia&parent=828"}],"curies":[{"name":"wp","href":"https:\/\/api.w.org\/{rel}","templated":true}]}}