{"id":758,"date":"2011-10-31T17:37:49","date_gmt":"2011-10-31T17:37:49","guid":{"rendered":"http:\/\/doctorcastello.com\/?page_id=758"},"modified":"2011-11-03T19:55:44","modified_gmt":"2011-11-03T19:55:44","slug":"areola-y-pezon","status":"publish","type":"page","link":"https:\/\/doctorcastello.com\/?page_id=758","title":{"rendered":"Areola y pez\u00f3n"},"content":{"rendered":"<div class=\"one\">\n<div class=\"one-fourth\">\n<ul class=\"simple-nav\">\n<li><a href=\"https:\/\/doctorcastello.com\/?page_id=733\">Aumento mamario<\/a><\/li>\n<li><a href=\"https:\/\/doctorcastello.com\/?page_id=735\">Reducci\u00f3n mamaria<\/a><\/li>\n<li><a href=\"https:\/\/doctorcastello.com\/?page_id=737\">Mastopexia<\/a><\/li>\n<li><a href=\"https:\/\/doctorcastello.com\/?page_id=739\">Mamas tuberosas<\/a><\/li>\n<li><a href=\"https:\/\/doctorcastello.com\/?page_id=741\">Asimetr\u00eda mamaria<\/a><\/li>\n<li><a href=\"https:\/\/doctorcastello.com\/?page_id=718\">Ginecomastia<\/a><\/li>\n<li><a href=\"https:\/\/doctorcastello.com\/?page_id=743\">Reconstrucci\u00f3n de mama<\/a><\/li>\n<li><a href=\"https:\/\/doctorcastello.com\/?page_id=745\">Reconstrucci\u00f3n con DIEP<\/a><\/li>\n<li><a href=\"https:\/\/doctorcastello.com\/?page_id=747\">Reconstrucci\u00f3n con dorsal ancho<\/a><\/li>\n<li><a href=\"https:\/\/doctorcastello.com\/?page_id=749\">Cirug\u00eda del linfedema<\/a><\/li>\n<li><a href=\"https:\/\/doctorcastello.com\/?page_id=758\">Areola y pez\u00f3n<\/a><\/li>\n<li><a href=\"https:\/\/doctorcastello.com\/?page_id=752\">Mastectom\u00eda profil\u00e1ctica<\/a><\/li>\n<li><a href=\"https:\/\/doctorcastello.com\/?page_id=754\">C\u00e1ncer de mama<\/a><\/li>\n<\/ul>\n<\/div>\n<div class=\"inner-content last\">\n<img loading=\"lazy\" decoding=\"async\" class=\"size-full wp-image-48 aligncenter\" title=\"our-services\" src=\"https:\/\/doctorcastello.com\/wp-content\/themes\/PortableStudio-WP\/images\/mama1.jpg\" alt=\"\" width=\"710\" height=\"250\" \/><br \/>\n<\/p>\n<h4>Reconstrucci\u00f3n de la areola y el pez\u00f3n<\/h4>\n<p>Existen una serie de problemas que afectan a la areola y pez\u00f3n de la mama de forma particular. Entre ellas est\u00e1n las siguientes:<\/p>\n<p>Pezones umbilicados: Los pezones umbilicados son un problema frecuente. Habitualmente el pez\u00f3n est\u00e1 invaginado dentro de la gl\u00e1ndula mamaria. El tratamiento consiste en seccionar las fibras que invaginan el pez\u00f3n.<\/p>\n<p>Pezones de gran tama\u00f1o: La correcci\u00f3n de este problema se consigue realizando una plastia bajo anestesia local, reduciendo el mismo aun tama\u00f1o y forma adecuada.<\/p>\n<p>Falta de areola y pez\u00f3n tras una mastectom\u00eda: La reconstrucci\u00f3n de pez\u00f3n y areola puede realizarse con diversas t\u00e9cnicas, todas ellas con anestesia local. El pez\u00f3n se suele hacer con una plastia local o con un injerto del pez\u00f3n contralateral. La areola puede reconstruirse injertando piel de la ingle o de la otra areola o bien tatuando la piel alrededor del pez\u00f3n.<\/p>\n<p><img decoding=\"async\" class=\"aligncenter\" src=\"http:\/\/www.doctorcastello.com\/wp-content\/themes\/PortableStudio-WP\/images\/recmama6.jpg\" alt=\"\"\/><\/p>\n<h6>\n<p style=\"text-align: center;\">Reconstrucci\u00f3n del pez\u00f3n tras una mastectom\u00eda.<\/p>\n<\/h6>\n<p>Todos estos procedimientos son sencillos y se hacen bajo anestesia local. El tiempo de recuperaci\u00f3n es corto y  se puede realizar una vida normal a partir del d\u00eda siguiente a la intervenci\u00f3n.<\/p>\n<div class=\"horizontal-line\"><\/div>\n<\/div>\n<div class=\"clearboth\"><\/div>\n<\/div>\n","protected":false},"excerpt":{"rendered":"","protected":false},"author":1,"featured_media":0,"parent":0,"menu_order":0,"comment_status":"closed","ping_status":"closed","template":"","meta":{"footnotes":""},"class_list":["post-758","page","type-page","status-publish","hentry"],"_links":{"self":[{"href":"https:\/\/doctorcastello.com\/index.php?rest_route=\/wp\/v2\/pages\/758","targetHints":{"allow":["GET"]}}],"collection":[{"href":"https:\/\/doctorcastello.com\/index.php?rest_route=\/wp\/v2\/pages"}],"about":[{"href":"https:\/\/doctorcastello.com\/index.php?rest_route=\/wp\/v2\/types\/page"}],"author":[{"embeddable":true,"href":"https:\/\/doctorcastello.com\/index.php?rest_route=\/wp\/v2\/users\/1"}],"replies":[{"embeddable":true,"href":"https:\/\/doctorcastello.com\/index.php?rest_route=%2Fwp%2Fv2%2Fcomments&post=758"}],"version-history":[{"count":5,"href":"https:\/\/doctorcastello.com\/index.php?rest_route=\/wp\/v2\/pages\/758\/revisions"}],"predecessor-version":[{"id":974,"href":"https:\/\/doctorcastello.com\/index.php?rest_route=\/wp\/v2\/pages\/758\/revisions\/974"}],"wp:attachment":[{"href":"https:\/\/doctorcastello.com\/index.php?rest_route=%2Fwp%2Fv2%2Fmedia&parent=758"}],"curies":[{"name":"wp","href":"https:\/\/api.w.org\/{rel}","templated":true}]}}