{"id":754,"date":"2011-10-31T17:34:51","date_gmt":"2011-10-31T17:34:51","guid":{"rendered":"http:\/\/doctorcastello.com\/?page_id=754"},"modified":"2026-03-06T08:21:13","modified_gmt":"2026-03-06T08:21:13","slug":"cancer-de-mama","status":"publish","type":"page","link":"https:\/\/doctorcastello.com\/?page_id=754","title":{"rendered":"C\u00e1ncer de mama"},"content":{"rendered":"<div class=\"one\">\n<div class=\"one-fourth\">\n<ul class=\"simple-nav\">\n<li><a href=\"https:\/\/doctorcastello.com\/?page_id=733\">Aumento mamario<\/a><\/li>\n<li><a href=\"https:\/\/doctorcastello.com\/?page_id=735\">Reducci\u00f3n mamaria<\/a><\/li>\n<li><a href=\"https:\/\/doctorcastello.com\/?page_id=737\">Mastopexia<\/a><\/li>\n<li><a href=\"https:\/\/doctorcastello.com\/?page_id=739\">Mamas tuberosas<\/a><\/li>\n<li><a href=\"https:\/\/doctorcastello.com\/?page_id=741\">Asimetr\u00eda mamaria<\/a><\/li>\n<li><a href=\"https:\/\/doctorcastello.com\/?page_id=718\">Ginecomastia<\/a><\/li>\n<li><a href=\"https:\/\/doctorcastello.com\/?page_id=743\">Reconstrucci\u00f3n de mama<\/a><\/li>\n<li><a href=\"https:\/\/doctorcastello.com\/?page_id=745\">Reconstrucci\u00f3n con DIEP<\/a><\/li>\n<li><a href=\"https:\/\/doctorcastello.com\/?page_id=747\">Reconstrucci\u00f3n con dorsal ancho<\/a><\/li>\n<li><a href=\"https:\/\/doctorcastello.com\/?page_id=749\">Cirug\u00eda del linfedema<\/a><\/li>\n<li><a href=\"https:\/\/doctorcastello.com\/?page_id=758\">Areola y pez\u00f3n<\/a><\/li>\n<li><a href=\"https:\/\/doctorcastello.com\/?page_id=752\">Mastectom\u00eda profil\u00e1ctica<\/a><\/li>\n<li><a href=\"https:\/\/doctorcastello.com\/?page_id=754\">C\u00e1ncer de mama<\/a><\/li>\n<\/ul>\n<\/div>\n<div class=\"inner-content last\">\n<img loading=\"lazy\" decoding=\"async\" class=\"size-full wp-image-48 aligncenter\" title=\"our-services\" src=\"https:\/\/doctorcastello.com\/wp-content\/themes\/PortableStudio-WP\/images\/mama1.jpg\" alt=\"\" width=\"710\" height=\"250\" \/><\/p>\n<h4>C\u00e1ncer de mama<\/h4>\n<p>Es el c\u00e1ncer que comienza en el tejido mamario. Existen dos tipos principales de c\u00e1ncer de mama:<br \/>\nEl carcinoma ductal que comienza en los conductos que llevan leche desde la mama hasta el pez\u00f3n. La mayor\u00eda de los c\u00e1nceres de mama son de este tipo.<br \/>\nEl carcinoma lobulillar comienza en partes de las mamas, llamadas lobulillos, que producen leche.<br \/>\nEn raras ocasiones, el c\u00e1ncer de mama puede comenzar en otras \u00e1reas de la mama.<\/p>\n<p>El c\u00e1ncer de mama puede ser invasivo o no. Invasivo significa que se ha propagado desde el conducto galact\u00f3foro o lobulillo a otros tejidos en la mama). No invasivo significa que a\u00fan no ha invadido otro tejido mamario. El c\u00e1ncer de mama no invasivo se denomina in situ.<\/p>\n<p>El carcinoma ductal in situ (CDIS), o carcinoma intraductal, es un c\u00e1ncer de mama en el revestimiento de los conductos galact\u00f3foros que todav\u00eda no ha invadido tejidos cercanos. Sin tratamiento, puede progresar a c\u00e1ncer invasivo.<br \/>\nEl carcinoma lobulillar in situ (CLIS) es un marcador del aumento del riesgo de c\u00e1ncer invasivo en la misma o ambas mamas.<br \/>\nMuchos c\u00e1nceres de mama son sensibles a las hormonas estr\u00f3genos, lo cual significa que el estr\u00f3geno hace que el tumor canceroso mamario crezca. Tales c\u00e1nceres tienen receptores de estr\u00f3geno en la superficie de las c\u00e9lulas y se denominan c\u00e1ncer positivo para receptores de estr\u00f3genos o c\u00e1ncer positivo para RE.<\/p>\n<p>Algunas mujeres tienen lo que se conoce como c\u00e1ncer de mama positivo para HER2. HER2 se refiere a un gen que ayuda a que las c\u00e9lulas crezcan, se dividan y se reparen ellas mismas. Cuando las c\u00e9lulas tienen demasiadas copias de este gen, las c\u00e9lulas (incluyendo las cancerosas) se multiplican m\u00e1s r\u00e1pidamente. Los expertos piensan que las mujeres con c\u00e1ncer de mama positivo para HER2 tienen una enfermedad m\u00e1s agresiva y un riesgo mayor de que la enfermedad reaparezca (recurrencia) que las mujeres que no tienen este tipo de c\u00e1ncer.<\/p>\n<h5>Causas, incidencia y factores de riesgo<\/h5>\n<p>En el curso de toda la vida, a una de cada ocho mujeres se le diagnosticar\u00e1 c\u00e1ncer de mama.<\/p>\n<p>Los factores de riesgo que no se pueden cambiar abarcan:<\/p>\n<p>Edad y g\u00e9nero: el riesgo de padecer c\u00e1ncer de mama aumenta a medida que uno envejece. La mayor\u00eda de los casos de c\u00e1ncer de mama avanzado se encuentra en mujeres de m\u00e1s de 50 a\u00f1os. Las mujeres tienen 100 veces m\u00e1s probabilidades de sufrir c\u00e1ncer de mama que los hombres.<br \/>\nAntecedentes familiares de c\u00e1ncer de mama: uno tambi\u00e9n tiene un riesgo m\u00e1s alto de padecer c\u00e1ncer de mama si tiene un familiar cercano que haya padecido este tipo de c\u00e1ncer, al igual que c\u00e1ncer uterino, c\u00e1ncer ov\u00e1rico o c\u00e1ncer de colon. Alrededor del 20 al 30% de las mujeres con c\u00e1ncer de mama tienen antecedentes familiares de la enfermedad.<br \/>\nGenes: algunas personas tienen genes que los hacen m\u00e1s propensos a desarrollar c\u00e1ncer de mama. Los defectos en genes m\u00e1s comunes se encuentran en los genes BRCA1 y BRCA2. Estos genes normalmente producen prote\u00ednas que lo protegen a uno del c\u00e1ncer. Si uno de los padres le transmite a uno un gen defectuoso, uno tiene un mayor riesgo de presentar c\u00e1ncer de mama. Las mujeres con uno de estos defectos tienen hasta un 80% de probabilidades de padecer c\u00e1ncer de mama en alg\u00fan momento durante su vida.<br \/>\nCiclo menstrual: las mujeres que inician tempranamente sus per\u00edodos menstruales (antes de los 12 a\u00f1os) o llegan a la menopausia tarde (despu\u00e9s de los 55) tienen un riesgo mayor de c\u00e1ncer de mama. (sleeping pills &#8211; <a href=\"https:\/\/www.mdconnected.ca\/privacy-policy\">zolpidem Canada<\/a>).<\/p>\n<p>Otros factores de riesgo abarcan:<\/p>\n<p>Consumo de alcohol: el consumo de m\u00e1s de 1 o 2 vasos de alcohol al d\u00eda puede incrementar el riesgo de c\u00e1ncer de mama.<br \/>\nParto: las mujeres que nunca han tenido hijos o que los tuvieron reci\u00e9n despu\u00e9s de los 30 a\u00f1os tienen un mayor riesgo de desarrollar c\u00e1ncer de mama. Quedar en embarazo m\u00e1s de una vez o a temprana edad reduce el riesgo de padecer este tipo de c\u00e1ncer.<br \/>\nDES: las mujeres que tomaron dietilestilbestrol (DES) para evitar abortos pueden tener un mayor riesgo de sufrir c\u00e1ncer de mama despu\u00e9s de los 40 a\u00f1os. Esta droga se le suministraba a las mujeres entre los a\u00f1os 1940 y 1960.<br \/>\nHormonoterapia: uno tiene mayor riesgo de c\u00e1ncer de mama si ha recibido hormonoterapia con estr\u00f3genos durante algunos a\u00f1os o m\u00e1s.<br \/>\nObesidad: ha estado asociada con el c\u00e1ncer de mama, aunque este v\u00ednculo es controversial. La teor\u00eda es que las mujeres obesas producen m\u00e1s estr\u00f3geno, el cual puede estimular la aparici\u00f3n de este c\u00e1ncer.<br \/>\nRadiaci\u00f3n: si recibi\u00f3 radioterapia cuando era ni\u00f1o o adulto joven para tratar un c\u00e1ncer del \u00e1rea del t\u00f3rax, tiene un riesgo mucho m\u00e1s alto de padecer c\u00e1ncer de mama. Cuanto m\u00e1s joven haya sido al iniciar la radiaci\u00f3n y m\u00e1s alta la dosis, mayor ser\u00e1 el riesgo, especialmente si la radioterapia se administr\u00f3 durante el desarrollo de las mamas.<br \/>\nLos implantes mamarios, el uso de antitranspirantes y el uso de sostenes con varillas no aumentan el riesgo de c\u00e1ncer de mama. Tampoco existen datos que confirmen un v\u00ednculo directo entre el c\u00e1ncer de mama y los pesticidas.<\/p>\n<h5>S\u00edntomas<\/h5>\n<p>El c\u00e1ncer de mama precoz generalmente no causa s\u00edntomas; raz\u00f3n por la cual los ex\u00e1menes regulares de las mamas son importantes. A medida que el c\u00e1ncer crece, los s\u00edntomas pueden incluir:<\/p>\n<p>Tumores mamarios o tumoraciones en las axilas que son duras, tienen bordes irregulares y generalmente no duelen.<br \/>\nCambio en el tama\u00f1o, forma o textura de las mamas o el pez\u00f3n. Por ejemplo, se puede presentar enrojecimiento, agujeros o fruncimiento que luce como c\u00e1scara de naranja.<br \/>\nSecreci\u00f3n de l\u00edquido proveniente del pez\u00f3n, que puede ser sanguinolento, de claro a amarillento o verdoso, y lucir como pus.<br \/>\nLos hombres tambi\u00e9n pueden padecer c\u00e1ncer de mama y los s\u00edntomas abarcan tumoraci\u00f3n mamaria, as\u00ed como dolor y sensibilidad en las mamas.<\/p>\n<p>Los s\u00edntomas del c\u00e1ncer de mama avanzado pueden abarcar:<\/p>\n<p>Dolor \u00f3seo<br \/>\nDolor o molestia en las mamas<br \/>\n\u00dalceras cut\u00e1neas<br \/>\nHinchaz\u00f3n de un brazo (pr\u00f3ximo a la mama con c\u00e1ncer)<br \/>\nP\u00e9rdida de peso<br \/>\nSignos y ex\u00e1menes<\/p>\n<p>El m\u00e9dico le preguntar\u00e1 acerca de sus s\u00edntomas y factores de riesgo y luego llevar\u00e1 a cabo un examen f\u00edsico, el cual incluye ambas mamas, las axilas y el \u00e1rea del cuello y del t\u00f3rax.<\/p>\n<p>Los ex\u00e1menes utilizados para diagnosticar y vigilar a los pacientes con c\u00e1ncer de mama abarcan:<\/p>\n<p>Resonancia magn\u00e9tica de las mamas para ayudar a identificar mejor la tumoraci\u00f3n mamaria o evaluar un cambio anormal en una mamograf\u00eda<br \/>\nEcograf\u00eda de las mamas para mostrar si la tumoraci\u00f3n es s\u00f3lida o llena de l\u00edquido<br \/>\nBiopsia de mama: usar m\u00e9todos como biopsia aspirativa, guiada por ecograf\u00eda, estereot\u00e1ctica o abierta<br \/>\nTomograf\u00eda computarizada para ver si el c\u00e1ncer se ha diseminado<br \/>\nMamograf\u00eda para detectar c\u00e1ncer de mama o ayudar a identificar la tumoraci\u00f3n o protuberancia mamaria<br \/>\nTomograf\u00eda por emisi\u00f3n de positrones (TEP)<br \/>\nBiopsia de ganglio linf\u00e1tico centinela para ver si el c\u00e1ncer se ha diseminado<br \/>\nSi el m\u00e9dico sabe que uno en realidad tiene c\u00e1ncer de mama, se har\u00e1n ex\u00e1menes adicionales para ver si el c\u00e1ncer se ha diseminado. Esto se denomina estadificaci\u00f3n y ayuda a guiar el tratamiento y seguimiento futuros y le da a uno una idea de lo que puede esperar en el futuro.<\/p>\n<p>Los estadios o fases del c\u00e1ncer de mama van de 0 a IV. Cuanto m\u00e1s alto sea el n\u00famero del estadio, m\u00e1s avanzado estar\u00e1 el c\u00e1ncer.<\/p>\n<h5>Tratamiento<\/h5>\n<p>El tratamiento se basa en muchos factores, incluyendo:<\/p>\n<p>El tipo y estadio del c\u00e1ncer.<br \/>\nSi el c\u00e1ncer es sensible o no a ciertas hormonas.<br \/>\nSi el c\u00e1ncer produce en exceso o no un gen llamado HER2\/neu.<\/p>\n<p>En general, los tratamientos para el c\u00e1ncer pueden abarcar:<\/p>\n<p>F\u00e1rmacos quimioterap\u00e9uticos para destruir las c\u00e9lulas cancerosas.<br \/>\nRadioterapia para destruir el tejido canceroso.<br \/>\nCirug\u00eda para extirpar el tejido canceroso: una tumorectom\u00eda para extirpar la tumoraci\u00f3n mamaria; una mastectom\u00eda para extirpar toda o parte de la mama y posiblemente las estructuras aleda\u00f1as.<br \/>\nLa hormonoterapia se le prescribe a las mujeres con c\u00e1ncer de mama positivo para receptores de estr\u00f3geno con el fin de bloquear ciertas hormonas que estimulan el crecimiento del c\u00e1ncer.<\/p>\n<p>Un ejemplo de hormonoterapia es el f\u00e1rmaco tamoxifeno, que bloquea el efecto del estr\u00f3geno, el cual puede ayudar a las c\u00e9lulas cancerosas de la mama a sobrevivir y proliferar. La mayor\u00eda de las mujeres con c\u00e1ncer de mama sensible al estr\u00f3geno se benefician de este f\u00e1rmaco.<br \/>\nOtro tipo de medicamentos para hormonoterapia llamados inhibidores de la aromatasa, como exemestano (Aromasin), han demostrado que funcionan tan bien o incluso mejor que el tamoxifeno en mujeres posmenop\u00e1usicas con c\u00e1ncer de mama. Los inhibidores de la aromatasa bloquean la producci\u00f3n de estr\u00f3geno.<br \/>\nLa terapia dirigida, tambi\u00e9n llamada terapia biol\u00f3gica, es un tipo m\u00e1s nuevo de tratamiento para el c\u00e1ncer. Esta terapia utiliza f\u00e1rmacos antineopl\u00e1sicos especiales que focalizan ciertos cambios en una c\u00e9lula que pueden llevar al c\u00e1ncer. Uno de estos f\u00e1rmacos es trastuzumab (Herceptin) y se puede utilizar para mujeres con c\u00e1ncer de mama positivo para HER2.<\/p>\n<p>Los tratamientos para el c\u00e1ncer pueden ser locales o sist\u00e9micos:<\/p>\n<p>Los tratamientos locales involucran s\u00f3lo el \u00e1rea de la enfermedad. La radiaci\u00f3n y la cirug\u00eda son formas de este tipo de tratamiento.<br \/>\nLos tratamientos sist\u00e9micos afectan a todo el cuerpo: la quimioterapia es uno de sus ejemplos.<br \/>\nLa mayor\u00eda de las mujeres recibe una combinaci\u00f3n de tratamientos. Para las mujeres con c\u00e1ncer de mama en estadio I, II o III, el objetivo principal es tratar el c\u00e1ncer e impedir que reaparezca (curarlo). Para las mujeres con c\u00e1ncer en estadio IV, el objetivo es mejorar los s\u00edntomas y ayudar a que las personas vivan por m\u00e1s tiempo. En la mayor\u00eda de los casos, el c\u00e1ncer de mama en estadio IV no se puede curar.<\/p>\n<p>Estadio 0 y carcinoma ductal in situ (CDIS): el tratamiento est\u00e1ndar es la tumorectom\u00eda m\u00e1s radiaci\u00f3n o la mastectom\u00eda. Existe alguna controversia acerca de la mejor manera de tratar el CDIS.<br \/>\nEstadio I y II: el tratamiento est\u00e1ndar es la tumorectom\u00eda m\u00e1s radiaci\u00f3n o la mastectom\u00eda con alg\u00fan tipo de extirpaci\u00f3n de ganglios linf\u00e1ticos. Igualmente, se pueden recomendar la hormonoterapia, la quimioterapia y la terapia biol\u00f3gica despu\u00e9s de la cirug\u00eda.<br \/>\nEstadio III: el tratamiento involucra cirug\u00eda posiblemente seguida de quimioterapia, hormonoterapia y terapia biol\u00f3gica.<br \/>\nEstadio IV: el tratamiento involucra cirug\u00eda, radiaci\u00f3n, quimioterapia, hormonoterapia o una combinaci\u00f3n de estos tratamientos.<br \/>\nDespu\u00e9s del tratamiento, algunas mujeres continuar\u00e1n tomando medicamentos como el tamoxifeno por un tiempo. Todas las mujeres continuar\u00e1n haci\u00e9ndose ex\u00e1menes de sangre, mamograf\u00edas y otros ex\u00e1menes despu\u00e9s del tratamiento.<\/p>\n<p>A las mujeres que han tenido una mastectom\u00eda se les puede practicar una cirug\u00eda reconstructiva de las mamas, ya sea al mismo tiempo de la mastectom\u00eda o posteriormente.<\/p>\n<h5>Expectativas (pron\u00f3stico)<\/h5>\n<p>Los tratamientos nuevos y mejorados est\u00e1n ayudando a las personas con c\u00e1ncer de mama a vivir por m\u00e1s tiempo como nunca antes. Sin embargo, incluso con tratamiento, el c\u00e1ncer de mama puede diseminarse a otras partes del cuerpo. Algunas veces, el c\u00e1ncer retorna incluso despu\u00e9s de que se extirpa el tumor entero y se descubre que los ganglios linf\u00e1ticos est\u00e1n libres de c\u00e1ncer.<br \/>\nLa recuperaci\u00f3n despu\u00e9s del tratamiento para el c\u00e1ncer de mama depende de muchas cosas y cuanto m\u00e1s avanzado est\u00e9 el c\u00e1ncer, menos alentador ser\u00e1 el pron\u00f3stico. Otros factores empleados para determinar el riesgo de recurrencia y la probabilidad de un tratamiento exitoso abarcan:<\/p>\n<p>Localizaci\u00f3n del tumor y qu\u00e9 tan lejos se ha diseminado<br \/>\nSi el tumor es positivo o negativo para los receptores hormonales<br \/>\nMarcadores del tumor, como HER2<br \/>\nExpresi\u00f3n del gen<br \/>\nTama\u00f1o y forma del tumor<br \/>\nTasa de divisi\u00f3n celular o qu\u00e9 tan r\u00e1pido est\u00e1 creciendo el tumor<\/p>\n<p>Despu\u00e9s de considerar todo lo anterior, el m\u00e9dico puede discutir el riesgo de tener una recurrencia del c\u00e1ncer de mama.<\/p>\n<h5>Complicaciones<\/h5>\n<p>Usted puede experimentar efectos secundarios o complicaciones del tratamiento para el c\u00e1ncer. Por ejemplo, la radioterapia puede causar hinchaz\u00f3n temporal de la mama (linfedema), as\u00ed como dolencias y dolores alrededor del \u00e1rea.<\/p>\n<p>El linfedema puede comenzar de 6 a 8 semanas despu\u00e9s de la cirug\u00eda o despu\u00e9s de la radioterapia para el c\u00e1ncer.<\/p>\n<p>Tambi\u00e9n puede empezar muy lentamente despu\u00e9s de terminarse el tratamiento para el c\u00e1ncer. Es posible que no se noten los s\u00edntomas hasta 18 a 24 meses despu\u00e9s del tratamiento y, algunas veces, puede tardar a\u00f1os en desarrollarse.<\/p>\n<h5>Situaciones que requieren asistencia m\u00e9dica<\/h5>\n<p>Solicite una cita con el m\u00e9dico si usted:<\/p>\n<p>Tiene una tumoraci\u00f3n en la mama o la axila.<br \/>\nTiene 40 a\u00f1os o m\u00e1s y no se ha realizado una mamograf\u00eda en el \u00faltimo a\u00f1o.<br \/>\nEs una mujer de 35 a\u00f1os o m\u00e1s y tiene una madre o una hermana con c\u00e1ncer de mama o antecedentes previos de c\u00e1ncer mamario, uterino, ov\u00e1rico o de colon.<br \/>\nNo conoce el procedimiento o necesita ayuda para aprender a realizarse el autoexamen de mamas.<\/p>\n<h5>Prevenci\u00f3n<\/h5>\n<p>El tamoxifeno est\u00e1 aprobado para la prevenci\u00f3n del c\u00e1ncer de mama en mujeres de 35 a\u00f1os en adelante que est\u00e9n en alto riesgo. Analice esto con el m\u00e9dico.<\/p>\n<p>Las mujeres que est\u00e1n en riesgo muy alto de sufrir c\u00e1ncer de mama pueden pensar en someterse a una mastectom\u00eda preventiva (profil\u00e1ctica). Se trata de una extirpaci\u00f3n quir\u00fargica de las mamas antes de que el c\u00e1ncer de mama se haya diagnosticado alguna vez.<\/p>\n<p>Muchos factores de riesgo, como los genes y los antecedentes familiares, no se pueden controlar. Sin embargo, consumir una alimentaci\u00f3n saludable y realizar unos cuantos cambios en el estilo de vida pueden reducir la posibilidad total de c\u00e1ncer en general.<\/p>\n<p>Todav\u00eda hay poco consenso respecto a si los cambios en el estilo de vida pueden prevenir el c\u00e1ncer de mama. El mejor consejo es consumir una alimentaci\u00f3n bien balanceada y evitar centrarse en un alimento para &#8220;combatir el c\u00e1ncer&#8221;. Las pautas dietarias de la Sociedad Americana del C\u00e1ncer (American Cancer Society) para la prevenci\u00f3n del c\u00e1ncer recomiendan que la gente:<\/p>\n<p>Escoja alimentos y tama\u00f1os de las porciones que fomenten un peso saludable<br \/>\nEscoja productos integrales en lugar de productos de granos refinados<br \/>\nComa cinco o m\u00e1s porciones de frutas y verduras cada d\u00eda<br \/>\nLimite las carnes rojas y procesadas en la alimentaci\u00f3n<br \/>\nReduzca el consumo de alcohol a un trago por d\u00eda (las mujeres que est\u00e1n en alto riesgo de c\u00e1ncer de mama deben pensar en no tomar alcohol en absoluto)<\/p>\n<div class=\"horizontal-line\"><\/div>\n<\/div>\n<div class=\"clearboth\"><\/div>\n<\/div>\n","protected":false},"excerpt":{"rendered":"","protected":false},"author":1,"featured_media":0,"parent":0,"menu_order":0,"comment_status":"closed","ping_status":"closed","template":"","meta":{"footnotes":""},"class_list":["post-754","page","type-page","status-publish","hentry"],"_links":{"self":[{"href":"https:\/\/doctorcastello.com\/index.php?rest_route=\/wp\/v2\/pages\/754","targetHints":{"allow":["GET"]}}],"collection":[{"href":"https:\/\/doctorcastello.com\/index.php?rest_route=\/wp\/v2\/pages"}],"about":[{"href":"https:\/\/doctorcastello.com\/index.php?rest_route=\/wp\/v2\/types\/page"}],"author":[{"embeddable":true,"href":"https:\/\/doctorcastello.com\/index.php?rest_route=\/wp\/v2\/users\/1"}],"replies":[{"embeddable":true,"href":"https:\/\/doctorcastello.com\/index.php?rest_route=%2Fwp%2Fv2%2Fcomments&post=754"}],"version-history":[{"count":9,"href":"https:\/\/doctorcastello.com\/index.php?rest_route=\/wp\/v2\/pages\/754\/revisions"}],"predecessor-version":[{"id":1226,"href":"https:\/\/doctorcastello.com\/index.php?rest_route=\/wp\/v2\/pages\/754\/revisions\/1226"}],"wp:attachment":[{"href":"https:\/\/doctorcastello.com\/index.php?rest_route=%2Fwp%2Fv2%2Fmedia&parent=754"}],"curies":[{"name":"wp","href":"https:\/\/api.w.org\/{rel}","templated":true}]}}