{"id":747,"date":"2011-10-31T17:33:37","date_gmt":"2011-10-31T17:33:37","guid":{"rendered":"http:\/\/doctorcastello.com\/?page_id=747"},"modified":"2011-11-03T20:32:13","modified_gmt":"2011-11-03T20:32:13","slug":"reconstruccion-con-dorsal-ancho","status":"publish","type":"page","link":"https:\/\/doctorcastello.com\/?page_id=747","title":{"rendered":"Reconstruccion con dorsal ancho"},"content":{"rendered":"<div class=\"one\">\n<div class=\"one-fourth\">\n<ul class=\"simple-nav\">\n<li><a href=\"https:\/\/doctorcastello.com\/?page_id=733\">Aumento mamario<\/a><\/li>\n<li><a href=\"https:\/\/doctorcastello.com\/?page_id=735\">Reducci\u00f3n mamaria<\/a><\/li>\n<li><a href=\"https:\/\/doctorcastello.com\/?page_id=737\">Mastopexia<\/a><\/li>\n<li><a href=\"https:\/\/doctorcastello.com\/?page_id=739\">Mamas tuberosas<\/a><\/li>\n<li><a href=\"https:\/\/doctorcastello.com\/?page_id=741\">Asimetr\u00eda mamaria<\/a><\/li>\n<li><a href=\"https:\/\/doctorcastello.com\/?page_id=718\">Ginecomastia<\/a><\/li>\n<li><a href=\"https:\/\/doctorcastello.com\/?page_id=743\">Reconstrucci\u00f3n de mama<\/a><\/li>\n<li><a href=\"https:\/\/doctorcastello.com\/?page_id=745\">Reconstrucci\u00f3n con DIEP<\/a><\/li>\n<li><a href=\"https:\/\/doctorcastello.com\/?page_id=747\">Reconstrucci\u00f3n con dorsal ancho<\/a><\/li>\n<li><a href=\"https:\/\/doctorcastello.com\/?page_id=749\">Cirug\u00eda del linfedema<\/a><\/li>\n<li><a href=\"https:\/\/doctorcastello.com\/?page_id=758\">Areola y pez\u00f3n<\/a><\/li>\n<li><a href=\"https:\/\/doctorcastello.com\/?page_id=752\">Mastectom\u00eda profil\u00e1ctica<\/a><\/li>\n<li><a href=\"https:\/\/doctorcastello.com\/?page_id=754\">C\u00e1ncer de mama<\/a><\/li>\n<\/ul>\n<\/div>\n<div class=\"inner-content last\">\n<img loading=\"lazy\" decoding=\"async\" class=\"size-full wp-image-48 aligncenter\" title=\"our-services\" src=\"https:\/\/doctorcastello.com\/wp-content\/themes\/PortableStudio-WP\/images\/mama1.jpg\" alt=\"\" width=\"710\" height=\"250\" \/><br \/>\n<\/p>\n<h4>Reconstrucci\u00f3n mamaria mediante t\u00e9cnica de dorsal ancho<\/h4>\n<p>La reconstrucci\u00f3n de una mama que ha sido extirpada por cancer u otra enfermedad es uno de los procedimientos quir\u00fargicos m\u00e1s satisfactorios disponibles hoy en d\u00eda. Las nuevas t\u00e9cnicas m\u00e9dicas y los nuevos dispositivos posibilitan a los cirujanos pl\u00e1sticos crear una mama que est\u00e1 muy cerca en forma y apariencia a la mama normal. La mayor\u00eda de las pacientes mastectomizadas son candidatas para la reconstrucci\u00f3n, generalmente en el mismo momento en que la mama es extirpada. <\/p>\n<p>Puede empezar a hablar de la reconstrucci\u00f3n tan pronto como se le haya diagnosticado un c\u00e1ncer de mama. Lo ideal es que el cirujano general, o ginec\u00f3logo y el cirujano pl\u00e1stico, trabajen juntos para planificar una estrategia que la situ\u00e9 en las mejores condiciones para la reconstrucci\u00f3n. Despu\u00e9s de evaluar su estado de salud, se le explicar\u00e1 cu\u00e1les son sus opciones reconstructivas, y entre ellas cual es la m\u00e1s apropiada a su edad, anatom\u00eda, tejidos disponibles, y objetivos. La reconstrucci\u00f3n postmastectom\u00eda puede mejorar su apariencia y renovar su autoestima, pero debe tener en mente expectativas realistas.<\/p>\n<h5>\u00bfQui\u00e9n es candidata a una reconstrucci\u00f3n con dorsal ancho?<\/h5>\n<p>Esta t\u00e9cnica no exige el empleo de t\u00e9cnicas microquir\u00fargicas, como cuando empleamos tejidos abdominales (DIEP), del gl\u00fateo o de la cara interna del muslo, lo que permite cirug\u00edas m\u00e1s r\u00e1pidas. Por lo general, tampoco precisa estancia en la Unidad de Cuidados Intensivos, y tiene una estancia hospitalaria m\u00e1s corta, entre 2 y 4 d\u00edas.<\/p>\n<p>Esta t\u00e9cnica se emplea en pacientes en las que no est\u00e1 indicado emplear tejido abdominal: pacientes delgadas, que no tienen tejido abdominal en exceso, pacientes obesas, cicatrices abdominales, en algunos casos bilaterales o en pacientes de edad avanzada o con un estado general que no permita cirug\u00edas largas.<\/p>\n<h5>La cirug\u00eda<\/h5>\n<p>La reconstrucci\u00f3n con colgajo dorsal ancho es una t\u00e9cnica de reconstrucci\u00f3n mamaria que emplea tejido de la propia paciente, procedente de la espalda. El colgajo, formado de piel, grasa, y m\u00fasculo con su soporte sangu\u00edneo es tunelizado por debajo de la piel hasta la mama. En general este tipo de reconstrucci\u00f3n se combina con el uso de un peque\u00f1o implante, que se sit\u00faa debajo del tejido procedente de la espalda. Se realiza bajo anestesia general.<\/p>\n<p>La duraci\u00f3n de la intervenci\u00f3n es de 2 a 4 horas.<\/p>\n<p>El empleo del m\u00fasculo dorsal ancho no produce limitaciones funcionales, por lo que la mayor\u00eda de las pacientes podr\u00e1n realizar una vida deportiva completa sin secuelas.<\/p>\n<p><img decoding=\"async\" class=\"aligncenter\" src=\"http:\/\/www.doctorcastello.com\/wp-content\/themes\/PortableStudio-WP\/images\/recmama2.jpg\" alt=\"\"\/><\/p>\n<h6>\n<p style=\"text-align: center;\">Reconstrucci\u00f3n mamaria mediante dorsal ancho e implante.<\/p>\n<\/h6>\n<h5>Planificaci\u00f3n de la cirug\u00eda<\/h5>\n<p>Le explicaremos los tiempos quir\u00fargicos que necesitamos y el tipo de anestesia en cada uno de ellos, donde se realizara la cirug\u00eda y los costes de la misma. Su ginec\u00f3logo y  nosotros le daremos instrucciones especificas sobre c\u00f3mo preparar la cirug\u00eda, incluyendo pautas de ayuno, e instrucciones sobre la ingesta de medicamentos y vitaminas. Es preciso evitar el tabaco durante, al menos, 6 semanas antes de la cirug\u00eda.<\/p>\n<h5>Despu\u00e9s de la cirug\u00eda<\/h5>\n<p>Se sentir\u00e1 un poco cansada y molesta durante una semana o dos, tras la reconstrucci\u00f3n. La mayor\u00eda del disconfort puede ser aliviado por la medicaci\u00f3n que le recomendaremos. La mayor\u00eda de las pacientes son dadas de alta entre los 3 y 4 d\u00edas. Es frecuente mantener los drenajes unos d\u00edas tras el alta. Estos se retiran en la primera semana tras la cirug\u00eda. La mayor\u00eda de las suturas se retiran en una o dos semanas.<\/p>\n<p>Siga nuestros consejos para comenzar la actividad normal y el ejercicio. Como regla general tardara unas tres semanas en poder ir comenzando con ejercicio normal, y luego debe ir progresivamente aument\u00e1ndolo.<\/p>\n<p>Trataremos que la simetr\u00eda de sus mamas sea lo m\u00e1s perfecta posible, pero no debe olvidar que es una reconstrucci\u00f3n y que su aspecto podr\u00e1 ser diferente a la mama no tratada. La reconstrucci\u00f3n le permitir\u00e1 mejorar de forma importante su apariencia y su calidad de vida, sin depender de pr\u00f3tesis externas.<\/p>\n<div class=\"horizontal-line\"><\/div>\n<\/div>\n<div class=\"clearboth\"><\/div>\n<\/div>\n","protected":false},"excerpt":{"rendered":"","protected":false},"author":1,"featured_media":0,"parent":0,"menu_order":0,"comment_status":"closed","ping_status":"closed","template":"","meta":{"footnotes":""},"class_list":["post-747","page","type-page","status-publish","hentry"],"_links":{"self":[{"href":"https:\/\/doctorcastello.com\/index.php?rest_route=\/wp\/v2\/pages\/747","targetHints":{"allow":["GET"]}}],"collection":[{"href":"https:\/\/doctorcastello.com\/index.php?rest_route=\/wp\/v2\/pages"}],"about":[{"href":"https:\/\/doctorcastello.com\/index.php?rest_route=\/wp\/v2\/types\/page"}],"author":[{"embeddable":true,"href":"https:\/\/doctorcastello.com\/index.php?rest_route=\/wp\/v2\/users\/1"}],"replies":[{"embeddable":true,"href":"https:\/\/doctorcastello.com\/index.php?rest_route=%2Fwp%2Fv2%2Fcomments&post=747"}],"version-history":[{"count":4,"href":"https:\/\/doctorcastello.com\/index.php?rest_route=\/wp\/v2\/pages\/747\/revisions"}],"predecessor-version":[{"id":999,"href":"https:\/\/doctorcastello.com\/index.php?rest_route=\/wp\/v2\/pages\/747\/revisions\/999"}],"wp:attachment":[{"href":"https:\/\/doctorcastello.com\/index.php?rest_route=%2Fwp%2Fv2%2Fmedia&parent=747"}],"curies":[{"name":"wp","href":"https:\/\/api.w.org\/{rel}","templated":true}]}}