{"id":741,"date":"2011-10-31T17:32:34","date_gmt":"2011-10-31T17:32:34","guid":{"rendered":"http:\/\/doctorcastello.com\/?page_id=741"},"modified":"2011-11-03T19:55:52","modified_gmt":"2011-11-03T19:55:52","slug":"asimetria-mamaria","status":"publish","type":"page","link":"https:\/\/doctorcastello.com\/?page_id=741","title":{"rendered":"Asimetr\u00eda mamaria"},"content":{"rendered":"<div class=\"one\">\n<div class=\"one-fourth\">\n<ul class=\"simple-nav\">\n<li><a href=\"https:\/\/doctorcastello.com\/?page_id=733\">Aumento mamario<\/a><\/li>\n<li><a href=\"https:\/\/doctorcastello.com\/?page_id=735\">Reducci\u00f3n mamaria<\/a><\/li>\n<li><a href=\"https:\/\/doctorcastello.com\/?page_id=737\">Mastopexia<\/a><\/li>\n<li><a href=\"https:\/\/doctorcastello.com\/?page_id=739\">Mamas tuberosas<\/a><\/li>\n<li><a href=\"https:\/\/doctorcastello.com\/?page_id=741\">Asimetr\u00eda mamaria<\/a><\/li>\n<li><a href=\"https:\/\/doctorcastello.com\/?page_id=718\">Ginecomastia<\/a><\/li>\n<li><a href=\"https:\/\/doctorcastello.com\/?page_id=743\">Reconstrucci\u00f3n de mama<\/a><\/li>\n<li><a href=\"https:\/\/doctorcastello.com\/?page_id=745\">Reconstrucci\u00f3n con DIEP<\/a><\/li>\n<li><a href=\"https:\/\/doctorcastello.com\/?page_id=747\">Reconstrucci\u00f3n con dorsal ancho<\/a><\/li>\n<li><a href=\"https:\/\/doctorcastello.com\/?page_id=749\">Cirug\u00eda del linfedema<\/a><\/li>\n<li><a href=\"https:\/\/doctorcastello.com\/?page_id=758\">Areola y pez\u00f3n<\/a><\/li>\n<li><a href=\"https:\/\/doctorcastello.com\/?page_id=752\">Mastectom\u00eda profil\u00e1ctica<\/a><\/li>\n<li><a href=\"https:\/\/doctorcastello.com\/?page_id=754\">C\u00e1ncer de mama<\/a><\/li>\n<\/ul>\n<\/div>\n<div class=\"inner-content last\">\n<img loading=\"lazy\" decoding=\"async\" class=\"size-full wp-image-48 aligncenter\" title=\"our-services\" src=\"https:\/\/doctorcastello.com\/wp-content\/themes\/PortableStudio-WP\/images\/mama1.jpg\" alt=\"\" width=\"710\" height=\"250\" \/><br \/>\n<\/p>\n<h4>Asimetr\u00eda mamaria<\/h4>\n<p>La asimetr\u00eda mamaria consiste en que el tama\u00f1o, la forma o la situaci\u00f3n de una mama es diferente al de la contralateral. La asimetr\u00eda de la mama puede afectar a toda la mama, a la areola o al pez\u00f3n o a ambas. La simetr\u00eda completa entre los dos lados del cuerpo no existe. En las mamas esta diferencia de tama\u00f1o puede ser m\u00e1s evidente, de manera que las mujeres que padecen de este problema, pueden precisar su correcci\u00f3n quir\u00fargica.<\/p>\n<p>La correcci\u00f3n quir\u00fargica est\u00e1 indicada cuando la diferencia entre el tama\u00f1o de las mamas representa un problema en quien lo padece, distorsionando la percepci\u00f3n de su cuerpo y su feminidad. Se debe definir tanto la forma como el volumen ideal de las mamas, y luego tratar de conseguirlo en los dos lados. Si alguna de las dos mamas est\u00e1 bien,  no es necesario hacer nada sobre ella. Las t\u00e9cnicas que se emplean son las que se utilizan en remodelaci\u00f3n mamaria: t\u00e9cnicas de reducci\u00f3n mamaria, de elevaci\u00f3n mamaria, de aumento mamario, y t\u00e9cnicas de mastectom\u00eda subcut\u00e1nea. En algunos casos, puede ser necesaria la reducci\u00f3n de uno de los pechos y el aumento con pr\u00f3tesis del otro.<br \/>\n<img decoding=\"async\" class=\"aligncenter\" src=\"http:\/\/www.doctorcastello.com\/wp-content\/themes\/PortableStudio-WP\/images\/asimetria1.jpg\" alt=\"\"\/><\/p>\n<h6>\n<p style=\"text-align: center;\">Distintos tipos de asimetr\u00eda mamaria.<\/p>\n<\/h6>\n<h5>S\u00edndrome de Poland<\/h5>\n<p>Otra patolog\u00eda que cursa con asimetr\u00eda mamaria es el S\u00edndrome de Poland caracterizado por la ausencia de mama y del m\u00fasculo pectoral mayor que se puede acompa\u00f1ar de la ausencia de la clav\u00edcula, malformaciones en los dedos de la mano y miembro superior e incluso ausencia de costillas. Puede darse en ambos sexos dejando una deformidad que suele ser m\u00e1s visible en las mujeres, por la falta de desarrollo de la gl\u00e1ndula mamaria.<\/p>\n<p>Su tratamiento consiste en recuperar la forma mediante pr\u00f3tesis preformadas, inyecci\u00f3n de grasa, la trasposici\u00f3n del m\u00fasculo dorsal ancho, o una combinaci\u00f3n de estas t\u00e9cnicas.  <\/p>\n<p><img decoding=\"async\" class=\"aligncenter\" src=\"http:\/\/www.doctorcastello.com\/wp-content\/themes\/PortableStudio-WP\/images\/asimetria2.jpg\" alt=\"\"\/><\/p>\n<h6>\n<p style=\"text-align: center;\">S\u00edndrome de Poland en un var\u00f3n.<\/p>\n<\/h6>\n<div class=\"horizontal-line\"><\/div>\n<\/div>\n<div class=\"clearboth\"><\/div>\n<\/div>\n","protected":false},"excerpt":{"rendered":"","protected":false},"author":1,"featured_media":0,"parent":0,"menu_order":0,"comment_status":"closed","ping_status":"closed","template":"","meta":{"footnotes":""},"class_list":["post-741","page","type-page","status-publish","hentry"],"_links":{"self":[{"href":"https:\/\/doctorcastello.com\/index.php?rest_route=\/wp\/v2\/pages\/741","targetHints":{"allow":["GET"]}}],"collection":[{"href":"https:\/\/doctorcastello.com\/index.php?rest_route=\/wp\/v2\/pages"}],"about":[{"href":"https:\/\/doctorcastello.com\/index.php?rest_route=\/wp\/v2\/types\/page"}],"author":[{"embeddable":true,"href":"https:\/\/doctorcastello.com\/index.php?rest_route=\/wp\/v2\/users\/1"}],"replies":[{"embeddable":true,"href":"https:\/\/doctorcastello.com\/index.php?rest_route=%2Fwp%2Fv2%2Fcomments&post=741"}],"version-history":[{"count":6,"href":"https:\/\/doctorcastello.com\/index.php?rest_route=\/wp\/v2\/pages\/741\/revisions"}],"predecessor-version":[{"id":975,"href":"https:\/\/doctorcastello.com\/index.php?rest_route=\/wp\/v2\/pages\/741\/revisions\/975"}],"wp:attachment":[{"href":"https:\/\/doctorcastello.com\/index.php?rest_route=%2Fwp%2Fv2%2Fmedia&parent=741"}],"curies":[{"name":"wp","href":"https:\/\/api.w.org\/{rel}","templated":true}]}}