{"id":718,"date":"2011-10-31T12:59:08","date_gmt":"2011-10-31T12:59:08","guid":{"rendered":"http:\/\/doctorcastello.com\/?page_id=718"},"modified":"2025-08-03T13:58:55","modified_gmt":"2025-08-03T13:58:55","slug":"ginecomastia","status":"publish","type":"page","link":"https:\/\/doctorcastello.com\/?page_id=718","title":{"rendered":"Ginecomastia"},"content":{"rendered":"<div class=\"one\">\n<div class=\"one-fourth\">\n<ul class=\"simple-nav\">\n<li><a href=\"https:\/\/doctorcastello.com\/?page_id=733\">Aumento mamario<\/a><\/li>\n<li><a href=\"https:\/\/doctorcastello.com\/?page_id=735\">Reducci\u00f3n mamaria<\/a><\/li>\n<li><a href=\"https:\/\/doctorcastello.com\/?page_id=737\">Mastopexia<\/a><\/li>\n<li><a href=\"https:\/\/doctorcastello.com\/?page_id=739\">Mamas tuberosas<\/a><\/li>\n<li><a href=\"https:\/\/doctorcastello.com\/?page_id=741\">Asimetr\u00eda mamaria<\/a><\/li>\n<li><a href=\"https:\/\/doctorcastello.com\/?page_id=718\">Ginecomastia<\/a><\/li>\n<li><a href=\"https:\/\/doctorcastello.com\/?page_id=743\">Reconstrucci\u00f3n de mama<\/a><\/li>\n<li><a href=\"https:\/\/doctorcastello.com\/?page_id=745\">Reconstrucci\u00f3n con DIEP<\/a><\/li>\n<li><a href=\"https:\/\/doctorcastello.com\/?page_id=747\">Reconstrucci\u00f3n con dorsal ancho<\/a><\/li>\n<li><a href=\"https:\/\/doctorcastello.com\/?page_id=749\">Cirug\u00eda del linfedema<\/a><\/li>\n<li><a href=\"https:\/\/doctorcastello.com\/?page_id=758\">Areola y pez\u00f3n<\/a><\/li>\n<li><a href=\"https:\/\/doctorcastello.com\/?page_id=752\">Mastectom\u00eda profil\u00e1ctica<\/a><\/li>\n<li><a href=\"https:\/\/doctorcastello.com\/?page_id=754\">C\u00e1ncer de mama<\/a><\/li>\n<\/ul>\n<\/div>\n<div class=\"inner-content last\">\n<img loading=\"lazy\" decoding=\"async\" class=\"size-full wp-image-48 aligncenter\" title=\"our-services\" src=\"https:\/\/doctorcastello.com\/wp-content\/themes\/PortableStudio-WP\/images\/mama2.jpg\" alt=\"\" width=\"710\" height=\"250\" \/><br \/>\n<\/p>\n<h4>Ginecomastia<\/h4>\n<h5>Introducci\u00f3n<\/h5>\n<p>Ginecomastia es un t\u00e9rmino medico que viene de la palabra griega usada para definir \u201cmamas similares a las de la mujer\u201d. Aunque nos es frecuente o\u00edr hablar de este problema, actualmente es bastante com\u00fan. Se estima que la ginecomastia afecta a un 40-60 % de los hombres. Y puede afectar a una sola mama o a las dos. Aunque ciertas drogas o medicamentos y algunos problemas m\u00e9dicos pueden estar unidos al sobredesarrollo de la mama masculina, En la gran mayor\u00eda de los casos no hay causa conocida. Para hombres preocupados por su apariencia, la reducci\u00f3n de la mama puede ser de utilidad. El procedimiento quita grasa y tejido glandular de las mamas, y en casos extremos tambi\u00e9n extirpa piel sobrante, dando lugar a un t\u00f3rax plano, firme, y bien contorneado.<\/p>\n<p>Si esta considerando la cirug\u00eda de la ginecomastia, este texto le dar\u00e1 un conocimiento b\u00e1sico del procedimiento \u2014 cuando puede ayudarle, como se realiza, y que resultados puede esperar. No puede contestar a todas sus dudas, ya que muchas de ellas dependen de sus circunstancias individuales. Por favor preg\u00fantenos si hay algo sobre el procedimiento que no comprenda.<\/p>\n<h5>El mejor candidato para la correcci\u00f3n de la ginecomastia<\/h5>\n<p>La cirug\u00eda para la correcci\u00f3n de la ginecomastia puede realizarse en hombres sanos, emocionalmente estables, de cualquier edad. El mejor resultado se obtiene cuando la piel es el\u00e1stica y firme y se adapta al nuevo contorno corporal.<\/p>\n<p>Puede desaconsejarse la cirug\u00eda en hombres obesos o con sobrepeso que no hayan intentado primero corregir el problema con ejercicio o p\u00e9rdida de peso. Tampoco son considerados buenos candidatos, individuos que tomen alcohol en exceso o fumen derivados del hach\u00eds. Estas drogas junto con los esteroides anabolizantes pueden causar ginecomastia. Por lo tanto, estos pacientes deben cambiar de h\u00e1bitos previamente para ver si la plenitud de su mama disminuye, antes de considerar la cirug\u00eda.<\/p>\n<p>Cuando se realiza la cirug\u00eda de reducci\u00f3n mamaria por un cirujano pl\u00e1stico cualificado, las complicaciones son infrecuentes y generalmente menores. De cualquier manera como en cualquier cirug\u00eda, siempre hay ciertos riesgos. Estos incluyen infecci\u00f3n, lesiones cut\u00e1neas, sangrado excesivo, y aparici\u00f3n de seromas. El procedimiento puede provocar cicatrices visibles, cambios de pigmento en el \u00e1rea de la mama, o mamas y pezones ligeramente asim\u00e9tricos. Si la asimetr\u00eda es evidente, puede ser necesario un segundo tiempo para retirar tejido adicional.<\/p>\n<p>Los efectos secundarios temporales de la reducci\u00f3n mamaria incluyen disminuci\u00f3n de la sensibilidad cut\u00e1nea en la mama, que puede tardar hasta un a\u00f1o en recuperarse.<\/p>\n<h5>Planificaci\u00f3n de la cirug\u00eda<\/h5>\n<p>La primera consulta es muy importante. Le haremos una historia medica completa, examinando sus mamas y buscando las posibles causas de ginecomastia, tales como funci\u00f3n hep\u00e1tica alterada, uso de medicaci\u00f3n que contenga estr\u00f3genos, o uso de esteroides anabolizantes. Si se sospecha un problema medico como causa, le referiremos al especialista apropiado.<\/p>\n<p>En casos extremos podemos recomendarle una mamograf\u00eda. Esta no solo descartara la peque\u00f1a posibilidad del c\u00e1ncer de mama, sino que revelara la composici\u00f3n de la mama. Una vez que conozcamos cuanta grasa y cuanto tejido glandular contiene la mama, podremos elegir la t\u00e9cnica quir\u00fargica adecuada.<\/p>\n<p>No tema hacernos las preguntas que desee en la primera consulta &#8211; incluyendo aquellas relacionadas con cualquier aspecto del diagnostico o tratamiento o incluso los costes que acarrea el procedimiento-.<\/p>\n<h5>Prepar\u00e1ndose para la cirug\u00eda<\/h5>\n<p>Le dar\u00e1n instrucciones especificas acerca de como prepararse, incluyendo aspectos como tiempo de ayuno y actitud a seguir con la medicaci\u00f3n que tome o que necesite.<\/p>\n<p>Los fumadores deben dejar de fumar durante un m\u00ednimo de una o dos semanas previas a la cirug\u00eda y durante la recuperaci\u00f3n. Fumar disminuye la circulaci\u00f3n e interfiere con la cicatrizaci\u00f3n. Para el \u00e9xito del tratamiento es esencial seguir nuestras instrucciones.<br \/>\n<img decoding=\"async\" class=\"aligncenter\" src=\"http:\/\/www.doctorcastello.com\/wp-content\/themes\/PortableStudio-WP\/images\/ginecomastia0.jpg\" alt=\"\"\/><\/p>\n<h6>\n<p style=\"text-align: center;\">Distintos tipos de ginecomastia.<\/p>\n<\/h6>\n<h5>Donde se realiza la cirug\u00eda<\/h5>\n<p>La cirug\u00eda para la ginecomastia se realiza generalmente como paciente ambulatorio, pero en casos extremos, o en aquellos con condicionantes m\u00e9dicos o sociales especiales, con una estancia de un d\u00eda en el hospital. La cirug\u00eda suele durar sobre una hora y media. Sin embargo en casos especiales puede durar m\u00e1s.<\/p>\n<h5>Tipo de anestesia<\/h5>\n<p>la correcci\u00f3n de las mamas aumentadas en hombres puede realizarse bajo anestesia general, o en algunos casos bajo anestesia local y sedaci\u00f3n. Estar\u00e1 despierto, relajado y sin sentir dolor. Las correcciones mas extensas pueden requerir anestesia general, lo que permite al paciente dormir durante toda la operaci\u00f3n. Discutiremos con usted que opci\u00f3n es la mas recomendable en su caso, y porque.<\/p>\n<h5>La cirug\u00eda<\/h5>\n<p>si el exceso glandular es la causa primaria del aumento mamario, este debe ser retirado con bistur\u00ed. Este procedimiento puede ser realizado solo o con liposucci\u00f3n. En un tratamiento normal, la incisi\u00f3n se hace en una zona poco visible &#8211; en el reborde de la areola -. Trabajando a trav\u00e9s de esta incisi\u00f3n se quita el exceso de tejido glandular, la grasa y la piel sobrante. En casos m\u00e1s severos la remoci\u00f3n del exceso de tejido puede conllevar incisiones y cicatrices m\u00e1s amplias, pero no es corriente. Si se usa la liposucci\u00f3n para retirar el exceso de grasa, la c\u00e1nula habitualmente se inserta a trav\u00e9s de las incisiones existentes.<\/p>\n<p><img decoding=\"async\" class=\"aligncenter\" src=\"http:\/\/www.doctorcastello.com\/wp-content\/themes\/PortableStudio-WP\/images\/ginecomastia1.jpg\" alt=\"\"\/><\/p>\n<p>Si la ginecomastia consiste fundamentalmente en un exceso de tejido graso, utilizamos la liposucci\u00f3n para retirarlo. Se hace una peque\u00f1a incisi\u00f3n &#8211; de menos de 1 cm.\u2013 en \u00e1reas no visibles, y con la ayuda de una c\u00e1nula hueca unida a una bomba de vac\u00edo, se rompe la grasa y se aspira. Puede sentir una vibraci\u00f3n o fricci\u00f3n durante el procedimiento, pero no dolor.<\/p>\n<p><img decoding=\"async\" class=\"aligncenter\" src=\"http:\/\/www.doctorcastello.com\/wp-content\/themes\/PortableStudio-WP\/images\/ginecomastia2.jpg\" alt=\"\" \/><\/p>\n<p>En casos extremos, cuando se quitan grandes cantidades de grasa, la piel puede no ajustar bien con el nuevo contorno corporal. En estos casos, el exceso de piel puede tener que ser extirpado para permitir a la piel restante reajustarse correctamente al nuevo contorno mamario.<\/p>\n<p><img decoding=\"async\" class=\"aligncenter\" src=\"http:\/\/www.doctorcastello.com\/wp-content\/themes\/PortableStudio-WP\/images\/ginecomastia3.jpg\" alt=\"\"\/><\/p>\n<p>Algunas veces se deja un peque\u00f1o tubo de drenaje para eliminar el exceso de secreci\u00f3n de la herida. Posteriormente se venda el t\u00f3rax para que la piel se adapte correctamente.<\/p>\n<h5>Despu\u00e9s de la cirug\u00eda<\/h5>\n<p>Tanto si la escisi\u00f3n ha sido con bistur\u00ed o con liposucci\u00f3n, sentir\u00e1 algunas molestias unos d\u00edas tras la cirug\u00eda. Sin embargo las molestias pueden ser controladas con medicaci\u00f3n. En cualquier caso debe ser acompa\u00f1ado por un adulto responsable durante un d\u00eda o dos, que le pueda ayudar en lo que necesite.<\/p>\n<p>Estar\u00e1 hinchado alg\u00fan tiempo &#8211; de hecho, puede preguntarse al principio si el tratamiento ha sido efectivo -. Para ayudar a reducir la inflamaci\u00f3n llevara una prenda el\u00e1stica durante alg\u00fan tiempo. Aunque la mayor parte de la inflamaci\u00f3n desaparecer\u00e1 en unas pocas semanas, puede tardar tres meses o m\u00e1s, hasta que el resultado final de la cirug\u00eda sea aparente.<\/p>\n<p>Mientras tanto, es importante volver a la normalidad. Debe recuperarse progresivamente y volver a su actividad habitual cuando se sienta bien &#8211; que podr\u00eda ser en uno a dos d\u00edas tras la cirug\u00eda-. Si hay suturas, estas se retiran en una o dos semanas tras el procedimiento. Buy Clomid online <a href=\"https:\/\/hk-uk.co.uk\/the-origins-of-kinesiology-health-kinesiology\/\">https:\/\/hk-uk.co.uk\/the-origins-of-kinesiology-health-kinesiology\/<\/a> Canadian pharmacy.<\/p>\n<p>Le aconsejaremos que limite su actividad f\u00edsica al principio, evitando ejercicios pesados durante tres semanas. En general, estar\u00e1 aproximadamente un mes, antes de que pueda volver a su actividad f\u00edsica normal.<\/p>\n<p>Debe evitar la exposici\u00f3n de la cicatrices al sol al menos durante seis meses. La luz del sol puede provocar cambios permanentes de pigmentaci\u00f3n en la piel, provocando el oscurecimiento de las cicatrices. Si la exposici\u00f3n al sol es imperativa, use protectores solares.<\/p>\n<p>Los resultados del procedimiento son significativos y permanentes. Si sus expectativas son realistas, los cambios ser\u00e1n buenos y estar\u00e1 satisfecho con su nuevo aspecto.<\/p>\n<div class=\"horizontal-line\"><\/div>\n<\/div>\n<div class=\"clearboth\"><\/div>\n<\/div>\n","protected":false},"excerpt":{"rendered":"","protected":false},"author":1,"featured_media":0,"parent":0,"menu_order":0,"comment_status":"closed","ping_status":"closed","template":"","meta":{"footnotes":""},"class_list":["post-718","page","type-page","status-publish","hentry"],"_links":{"self":[{"href":"https:\/\/doctorcastello.com\/index.php?rest_route=\/wp\/v2\/pages\/718","targetHints":{"allow":["GET"]}}],"collection":[{"href":"https:\/\/doctorcastello.com\/index.php?rest_route=\/wp\/v2\/pages"}],"about":[{"href":"https:\/\/doctorcastello.com\/index.php?rest_route=\/wp\/v2\/types\/page"}],"author":[{"embeddable":true,"href":"https:\/\/doctorcastello.com\/index.php?rest_route=\/wp\/v2\/users\/1"}],"replies":[{"embeddable":true,"href":"https:\/\/doctorcastello.com\/index.php?rest_route=%2Fwp%2Fv2%2Fcomments&post=718"}],"version-history":[{"count":20,"href":"https:\/\/doctorcastello.com\/index.php?rest_route=\/wp\/v2\/pages\/718\/revisions"}],"predecessor-version":[{"id":1210,"href":"https:\/\/doctorcastello.com\/index.php?rest_route=\/wp\/v2\/pages\/718\/revisions\/1210"}],"wp:attachment":[{"href":"https:\/\/doctorcastello.com\/index.php?rest_route=%2Fwp%2Fv2%2Fmedia&parent=718"}],"curies":[{"name":"wp","href":"https:\/\/api.w.org\/{rel}","templated":true}]}}