{"id":670,"date":"2011-10-30T20:16:22","date_gmt":"2011-10-30T20:16:22","guid":{"rendered":"http:\/\/doctorcastello.com\/?page_id=670"},"modified":"2011-11-03T20:30:08","modified_gmt":"2011-11-03T20:30:08","slug":"instrucciones","status":"publish","type":"page","link":"https:\/\/doctorcastello.com\/?page_id=670","title":{"rendered":"Instrucciones"},"content":{"rendered":"<div class=\"one\">\n<div class=\"one-fourth\">\n<ul class=\"simple-nav\">\n<li><a href=\"https:\/\/doctorcastello.com\/?page_id=650\">Paso a paso<\/a><\/li>\n<li><a href=\"https:\/\/doctorcastello.com\/?page_id=666\">Estudio Preoperatorio<\/a><\/li>\n<li><a href=\"https:\/\/doctorcastello.com\/?page_id=668\">Consentimientos<\/a><\/li>\n<li><a href=\"https:\/\/doctorcastello.com\/?page_id=670\">Instrucciones<\/a><\/li>\n<\/ul><\/div>\n<div class=\"inner-content last\">\n<img loading=\"lazy\" decoding=\"async\" class=\"size-full wp-image-48 aligncenter\" title=\"our-services\" src=\"https:\/\/doctorcastello.com\/wp-content\/themes\/PortableStudio-WP\/images\/pacientes4.jpg\" alt=\"\" width=\"710\" height=\"250\" \/><\/p>\n<p><\/br><\/p>\n<h5>Antes de la intervenci\u00f3n<\/h5>\n<p>Recuerde no tomar ning\u00fan medicamento, sin consultarlo previamente con el Dr. Jos\u00e9 Ram\u00f3n Castell\u00f3, incluidos los utilizados para dolores o catarros y los que lleven aspirina (\u00e1cido acetilsalic\u00edlico) o derivados.<br \/>\nNotif\u00edquenos cualquier cambio de salud (resfriados, infecciones).<br \/>\nAdvi\u00e9rtanos si toma o ha tomado alguna medicaci\u00f3n para regular la tensi\u00f3n sangu\u00ednea o la coagulaci\u00f3n de la sangre, para el coraz\u00f3n, para tratar la diabetes, reuma, nervios, depresi\u00f3n, enfermedades mentales, p\u00edldoras anticonceptivas o cualquier infusi\u00f3n o \u201chierbas\u201d, complejos vitam\u00ednicos o drogas.<br \/>\nLos resultados de su estudio preoperatorio deber\u00e1n haber sido revisados previamente por el Dr. Jos\u00e9 Ram\u00f3n Castell\u00f3, para confirmar que su estado de salud le permite someterse a la intervenci\u00f3n quir\u00fargica.<br \/>\nNo debe fumar durante las dos semanas previas a la Intervenci\u00f3n y las dos semanas posteriores, como m\u00ednimo.<br \/>\nEl d\u00eda anterior al ingreso coma alimentos ligeros y evite bebidas alcoh\u00f3licas, extreme la higiene (contribuye a prevenir las infecciones postoperatorias).<\/p>\n<h5>El d\u00eda de la intervenci\u00f3n<\/h5>\n<p>Su intervenci\u00f3n ha sido programada para el d\u00eda \u2026\u2026\u2026\u2026\u2026\u2026 a las \u2026\u2026\u2026\u2026\u2026\u2026 horas.<br \/>\nNo tome nada por la boca, ni l\u00edquidos (ayuno total) desde 8 horas antes de la intervenci\u00f3n.<br \/>\nDebe dirigirse a Admisiones (Ingresos) de la Cl\u00ednica \u2026\u2026\u2026\u2026\u2026\u2026 el d\u00eda \u2026\u2026\u2026\u2026\u2026\u2026\u2026 a las \u2026\u2026\u2026\u2026\u2026\u2026\u2026 horas, descansando hasta la hora de la operaci\u00f3n.<br \/>\nEn Admisiones, le solicitar\u00e1n sus datos y le presentar la hoja de Consentimiento Informado de la Cl\u00ednica que debe firmar. Al ingresar en la Cl\u00ednica, deber\u00e1 efectuar un dep\u00f3sito a cuenta, en met\u00e1lico o tarjeta de cr\u00e9dito, de acuerdo con las Normas de Administraci\u00f3n vigentes.<br \/>\nAcuda con ropa funcional para guardar cama (bata y zapatillas). En su habitaci\u00f3n: deber\u00e1 ponerse el camis\u00f3n que le facilitar\u00e1n, sin ropa interior, y deber\u00e1 quitarse todos los objetos met\u00e1licos (reloj, anillos, pendientes, pulseras, etc.), as\u00ed como las piezas dentales movibles. Se recomienda no traer objetos de valor o bien depositarlos en la caja de Administraci\u00f3n de la Cl\u00ednica. Si es mujer, tambi\u00e9n debe retirar el maquillaje de la cara y el esmalte de las u\u00f1as.<br \/>\nAntes de que le lleven al quir\u00f3fano, el Dr. Jos\u00e9 Ram\u00f3n Castell\u00f3 pasar\u00e1 a verle a su habitaci\u00f3n.<\/p>\n<h5>Despu\u00e9s de la Intervenci\u00f3n<\/h5>\n<p>Despu\u00e9s de la intervenci\u00f3n, tendr\u00e1 la boca un poco seca; pueden humedecerle los labios, pero no puede beber agua hasta pasadas unas horas. Consulte con las enfermeras de la planta cualquier duda que pueda tener.<br \/>\nEs obligatoria la presencia de un\/a acompa\u00f1ante durante todo el per\u00edodo de ingreso postoperatorio hasta el alta.<br \/>\nPuede levantarse tan pronto como se le permita, pero con ayuda. No intente levantarse si se encuentra solo\/a en la habitaci\u00f3n, ya que podr\u00eda sufrir un desvanecimiento.<br \/>\nEl paciente ser\u00e1 visitado diariamente por el Dr. Jos\u00e9 Ram\u00f3n Castell\u00f3, que estar\u00e1 disponible las 24 horas al d\u00eda por medio de un tel\u00e9fono m\u00f3vil.<br \/>\nNo es extra\u00f1o tener algunas d\u00e9cimas de fiebre durante uno o dos d\u00edas.<br \/>\nAl comunic\u00e1rsele el alta quir\u00fargica, el paciente o su acompa\u00f1ante deber\u00e1 contactar con la Administraci\u00f3n de la Cl\u00ednica para abonar los gastos de Hospitalizaci\u00f3n y de Anestesia.<\/p>\n<h5>Cuidados postoperatorios<\/h5>\n<p>Antes de abandonar la Cl\u00ednica, se le indicar\u00e1 el tratamiento que deber\u00e1 seguir en su domicilio y el d\u00eda que debe acudir a la consulta del Dr. Jos\u00e9 Ram\u00f3n Castell\u00f3 para efectuar los controles necesarios.<br \/>\nPuede ducharse a partir del tercer d\u00eda (excepto cuando existan drenajes), evitando friccionarse las \u00e1reas intervenidas y, al finalizar la ducha, deber\u00e1 aplicarse soluci\u00f3n yodada sobre las incisiones para mantenerlas secas.<br \/>\nDeben ser evitados los esfuerzos y las actividades deportivas por un periodo de tres a seis semanas.<br \/>\nEn ning\u00fan caso puede tomar el sol o los rayos UVA.<br \/>\nAnte cualquier duda, llame al Dr. Jos\u00e9 Ram\u00f3n Castell\u00f3.<\/p>\n<div class=\"horizontal-line\"><\/div>\n<\/div>\n<div class=\"clearboth\"><\/div>\n<\/div>\n","protected":false},"excerpt":{"rendered":"","protected":false},"author":1,"featured_media":0,"parent":0,"menu_order":0,"comment_status":"closed","ping_status":"closed","template":"","meta":{"footnotes":""},"class_list":["post-670","page","type-page","status-publish","hentry"],"_links":{"self":[{"href":"https:\/\/doctorcastello.com\/index.php?rest_route=\/wp\/v2\/pages\/670","targetHints":{"allow":["GET"]}}],"collection":[{"href":"https:\/\/doctorcastello.com\/index.php?rest_route=\/wp\/v2\/pages"}],"about":[{"href":"https:\/\/doctorcastello.com\/index.php?rest_route=\/wp\/v2\/types\/page"}],"author":[{"embeddable":true,"href":"https:\/\/doctorcastello.com\/index.php?rest_route=\/wp\/v2\/users\/1"}],"replies":[{"embeddable":true,"href":"https:\/\/doctorcastello.com\/index.php?rest_route=%2Fwp%2Fv2%2Fcomments&post=670"}],"version-history":[{"count":6,"href":"https:\/\/doctorcastello.com\/index.php?rest_route=\/wp\/v2\/pages\/670\/revisions"}],"predecessor-version":[{"id":984,"href":"https:\/\/doctorcastello.com\/index.php?rest_route=\/wp\/v2\/pages\/670\/revisions\/984"}],"wp:attachment":[{"href":"https:\/\/doctorcastello.com\/index.php?rest_route=%2Fwp%2Fv2%2Fmedia&parent=670"}],"curies":[{"name":"wp","href":"https:\/\/api.w.org\/{rel}","templated":true}]}}