{"id":666,"date":"2011-10-30T20:15:54","date_gmt":"2011-10-30T20:15:54","guid":{"rendered":"http:\/\/doctorcastello.com\/?page_id=666"},"modified":"2011-11-03T20:30:24","modified_gmt":"2011-11-03T20:30:24","slug":"estudio-preoperatorio","status":"publish","type":"page","link":"https:\/\/doctorcastello.com\/?page_id=666","title":{"rendered":"Estudio Preoperatorio"},"content":{"rendered":"<div class=\"one\">\n<div class=\"one-fourth\">\n<ul class=\"simple-nav\">\n<li><a href=\"https:\/\/doctorcastello.com\/?page_id=650\">Paso a paso<\/a><\/li>\n<li><a href=\"https:\/\/doctorcastello.com\/?page_id=666\">Estudio Preoperatorio<\/a><\/li>\n<li><a href=\"https:\/\/doctorcastello.com\/?page_id=668\">Consentimientos<\/a><\/li>\n<li><a href=\"https:\/\/doctorcastello.com\/?page_id=670\">Instrucciones<\/a><\/li>\n<\/ul><\/div>\n<div class=\"inner-content last\">\n<img loading=\"lazy\" decoding=\"async\" class=\"size-full wp-image-48 aligncenter\" title=\"our-services\" src=\"https:\/\/doctorcastello.com\/wp-content\/themes\/PortableStudio-WP\/images\/pacientes2.jpg\" alt=\"\" width=\"710\" height=\"250\" \/><\/p>\n<p><\/br><\/p>\n<h5>Estudio Preoperatorio<\/h5>\n<p>Antes de someterse a una intervenci\u00f3n quir\u00fargica, es necesario efectuar un estudio preoperatorio, que podr\u00e1 ser m\u00e1s o menos completo seg\u00fan sea el caso, y que nos permitir\u00e1 valorar espec\u00edficamente al paciente en particular y tambi\u00e9n ser\u00e1 \u00fatil para descartar posibles contraindicaciones.<\/p>\n<p>Un estudio preoperatorio comprende una historia cl\u00ednica, en la que se valoran los antecedentes congenitos o quirurgicos que tengan lugar tales como:<\/p>\n<p>Antecedentes familiares: para identificar alteraciones como la hemofilia, en la que la coagulaci\u00f3n de la sangre est\u00e1 alterada, familiares que hayan padecido c\u00e1ncer de mama, etc.<br \/>\nQuir\u00fargicos, ya que la presensia de una cicatriz de una operaci\u00f3n antigua puede modificar la programaci\u00f3n del tipo de operaci\u00f3n a efectuar.<br \/>\nAntecedentes de transfusiones sangu\u00edneas efectuadas.<br \/>\nEnfermedades o patolog\u00edas que pueda presentar el paciente (Hipertensi\u00f3n Arterial, Diabetes) y que podr\u00edan contraindicar el tratamiento.<br \/>\nTraumatismos anteriores en la zona a tratar que podr\u00edan haber causado una desviaci\u00f3n (por ejemplo, en la nariz) o una fibrosis o cicatrizaci\u00f3n exagerada interna.<br \/>\nLa presencia de alergias a medicamentos o a otras causas como podr\u00eda ser al esparadrapo.<br \/>\nEl h\u00e1bito de fumar, que disminuye el aporte sangu\u00edneo a los tejidos.<br \/>\nTambi\u00e9n es necesario realizar una exploraci\u00f3n f\u00edsica y, en ocasiones, tomar medidas pre-operatorias de la zona a tratar. Esto nos permitir\u00e1n evaluar el tipo de piel y la consistencia de las estructuras, y facilitan la elecci\u00f3n de la t\u00e9cnica quir\u00fargica a utilizar.<\/p>\n<p>Como exploraciones complementarias, es necesario efectuar casi siempre una anal\u00edtica sangu\u00ednea, un electrocardiograma (ECG) y una radiograf\u00eda de t\u00f3rax, que permiten conocer el estado del paciente, y ser\u00e1n de gran utilidad para el anestesista.<\/p>\n<p>En determinados casos, son necesarios otros estudios, como pueden ser las mamograf\u00edas antes de una cirug\u00eda de mamas, o las radiograf\u00edas o TAC (Tomograf\u00eda axial Computerizada) de cr\u00e1neo antes de una cirug\u00eda de nariz, para visualizar las posibles desviaciones internas de un tabique nasal.<\/p>\n<p>En Cirug\u00eda Est\u00e9tica es imprescindible realizar siempre fotograf\u00edas sistematizadas (de frente, de perfil, etc\u2026) de la zona a tratar, como herramienta de estudio para que el cirujano pueda preparar la intervenci\u00f3n. Permiten adem\u00e1s estudiar la simetr\u00eda de las partes del cuerpo.<\/p>\n<div class=\"horizontal-line\"><\/div>\n<\/div>\n<div class=\"clearboth\"><\/div>\n<\/div>\n","protected":false},"excerpt":{"rendered":"","protected":false},"author":1,"featured_media":0,"parent":0,"menu_order":0,"comment_status":"closed","ping_status":"closed","template":"","meta":{"footnotes":""},"class_list":["post-666","page","type-page","status-publish","hentry"],"_links":{"self":[{"href":"https:\/\/doctorcastello.com\/index.php?rest_route=\/wp\/v2\/pages\/666","targetHints":{"allow":["GET"]}}],"collection":[{"href":"https:\/\/doctorcastello.com\/index.php?rest_route=\/wp\/v2\/pages"}],"about":[{"href":"https:\/\/doctorcastello.com\/index.php?rest_route=\/wp\/v2\/types\/page"}],"author":[{"embeddable":true,"href":"https:\/\/doctorcastello.com\/index.php?rest_route=\/wp\/v2\/users\/1"}],"replies":[{"embeddable":true,"href":"https:\/\/doctorcastello.com\/index.php?rest_route=%2Fwp%2Fv2%2Fcomments&post=666"}],"version-history":[{"count":8,"href":"https:\/\/doctorcastello.com\/index.php?rest_route=\/wp\/v2\/pages\/666\/revisions"}],"predecessor-version":[{"id":987,"href":"https:\/\/doctorcastello.com\/index.php?rest_route=\/wp\/v2\/pages\/666\/revisions\/987"}],"wp:attachment":[{"href":"https:\/\/doctorcastello.com\/index.php?rest_route=%2Fwp%2Fv2%2Fmedia&parent=666"}],"curies":[{"name":"wp","href":"https:\/\/api.w.org\/{rel}","templated":true}]}}