{"id":650,"date":"2011-10-30T19:59:35","date_gmt":"2011-10-30T19:59:35","guid":{"rendered":"http:\/\/doctorcastello.com\/?page_id=650"},"modified":"2026-03-06T09:36:16","modified_gmt":"2026-03-06T09:36:16","slug":"paso-a-paso","status":"publish","type":"page","link":"https:\/\/doctorcastello.com\/?page_id=650","title":{"rendered":"Paso a Paso"},"content":{"rendered":"<div class=\"one\">\n<div class=\"one-fourth\">\n<ul class=\"simple-nav\">\n<li><a href=\"https:\/\/doctorcastello.com\/?page_id=650\">Paso a paso<\/a><\/li>\n<li><a href=\"https:\/\/doctorcastello.com\/?page_id=666\">Estudio Preoperatorio<\/a><\/li>\n<li><a href=\"https:\/\/doctorcastello.com\/?page_id=668\">Consentimientos<\/a><\/li>\n<li><a href=\"https:\/\/doctorcastello.com\/?page_id=670\">Instrucciones<\/a><\/li>\n<\/ul><\/div>\n<div class=\"inner-content last\">\n<img loading=\"lazy\" decoding=\"async\" class=\"size-full wp-image-48 aligncenter\" title=\"our-services\" src=\"https:\/\/doctorcastello.com\/wp-content\/themes\/PortableStudio-WP\/images\/pacientes.jpg\" alt=\"\" width=\"710\" height=\"250\" \/><\/p>\n<p><\/br><\/p>\n<h5>Paso a paso<\/h5>\n<p>A continuaci\u00f3n describimos, de manera general, todo el proceso desde que el paciente acude por primera vez a la consulta para informarse, hasta el momento del alta definitiva. Esta descripci\u00f3n puede variar seg\u00fan el tipo de intervenci\u00f3n.<\/p>\n<h5>Primera consulta<\/h5>\n<p>Durante la primera consulta tiene lugar la visita informativa, en la que se elabora la historia cl\u00ednica (antecedentes personales, medicaci\u00f3n, etc.), se valora el motivo de la consulta y se procede a la exploraci\u00f3n f\u00edsica y evaluaci\u00f3n del problema. A continuaci\u00f3n, el Dr. Castell\u00f3 le informar\u00e1 si el tratamiento est\u00e1 indicado o no y, en su caso, de las distintas opciones de tratamiento, tipos de anestesia, etc. Se se\u00f1alar\u00e1n los pros y los contras, el resultado esperable y se descibir\u00e1n las posibles complicaciones.<\/p>\n<p>Se le facilitar\u00e1 una hoja informativa describiendo el tipo de intervenci\u00f3n propuesta, el presupuesto, una copia del consentimiento informado y unas peticiones de estudio preoperatorio, que deber\u00e1 completar antes de la segunda visita. En ocasiones, despu\u00e9s de esta primera visita, es recomendable hacer una lista de preguntas que le ser\u00e1n respuestas en la segunda visita.<\/p>\n<h5>Segunda consulta<\/h5>\n<p>En la segunda consulta se verifican los resultados del estudio preoperatorio, se resuelven las dudas que pudiesen haber surgido despu\u00e9s de la primera visita y se repasa el tratamiento elegido. Se toman fotograf\u00edas preoperatorias y se programa el d\u00eda y la hora de la intervenci\u00f3n. Adem\u00e1s, se facilitan por escrito las normas de ingreso, se\u00f1alamdo el Hospital y la hora de ingreso.<\/p>\n<p>Si el paciente tuviera cualquier cambio en su estado de salud (resfriados, etc\u2026), deber\u00e1 comunicarlo a la secretaria del Dr. Castell\u00f3. Asimismo, si el paciente se viera obligado a tomar alguna medicaci\u00f3n, deber\u00e1 avisar antes a la secretaria. En algunos casos, puede ser necesaria una tercera visita o una visita a otro especialista (por ejemplo, al anestesista en pacientes de alto riesgo o con patolog\u00eda previa).<\/p>\n<h5>El d\u00eda de la intervenci\u00f3n<\/h5>\n<p>En el d\u00eda de la intervenci\u00f3n, el paciente deber\u00e1 ingresar a la hora programada (generalmente una hora y media antes de la intervenci\u00f3n). Deber\u00e1 acudir con el estudio preoperatorio y el consentimiento informado firmado. Es una norma habitual de los Hospitales solicitar una determinada cantidad en concepto de dep\u00f3sito. Es muy recomendable que un acompa\u00f1ante est\u00e9 junto al paciente durante el postoperatorio inmediato. En el Hospital el paciente deber\u00e1 firmar el consentimiento informado anest\u00e9sico y hospitalario, que es distinto al proporcionado en la consulta. <\/p>\n<p>Una vez en la habitaci\u00f3n (si se trata de una intervenci\u00f3n que requiere ingreso), el paciente deber\u00e1 sacarse todos los objetos met\u00e1licos (reloj, anillos, pendientes, pr\u00f3tesis dentales, etc.) y se vestir\u00e1 el camis\u00f3n que le ser\u00e1 entregado. El Dr. Castell\u00f3 acudir\u00e1 a su habitaci\u00f3n aproximadamente media hora antes del inicio de la intervenci\u00f3n, y seg\u00fan el tipo de intervenci\u00f3n, proceder\u00e1 a dibujar en la piel el marcaje preoperatorio, para tener referencias antes de que el paciente est\u00e9 tumbado en la mesa de operaciones.<\/p>\n<p>Una vez el camillero acompa\u00f1e al paciente a quir\u00f3fano, el anestesista proceder\u00e1 a preparar la anestesia (general, regional o anestesia local con sedaci\u00f3n). La duraci\u00f3n de las intervenciones var\u00eda seg\u00fan la t\u00e9cnica y el tipo de alteraci\u00f3n a tratar.<\/p>\n<h5>El postoperatorio<\/h5>\n<p>Una vez operado, el paciente ser\u00e1 acompa\u00f1ado a la unidad de despertar donde descansar\u00e1 unos 30-40 minutos antes de ir a su habitaci\u00f3n. En algunos casos (procedimeitos largos, microcirug\u00edas, pacientes con traquetom\u00eda) el paciente pasar\u00e1 a una Unidad de Vigilancia Intensiva (UVI) y ser\u00e1 dado de alta a su habitaci\u00f3n al d\u00eda siguiente o cuando lo estime el m\u00e9dico anestesista\/intensivista.<\/p>\n<p>Los vendajes, drenajes y sueros que tenga colocados no deben ser manipulados, y en caso de cualquier necesidad o duda, deber\u00e1 llamar a la enfermera, a trav\u00e9s del timbre que se encuentra junto a su cama. El personal de enfermer\u00eda seguir\u00e1 las \u00f3rdenes m\u00e9dicas (tratamiento de analgesia, profilaxis con antibi\u00f3ticos, tipo de dieta, posici\u00f3n) que el Dr. Castell\u00f3 y\/o el anestesista hayan prescrito y estar\u00e1n a la total disposici\u00f3n del paciente, por si tuviera cualquier incomodidad o duda. Es muy importante no fumar despu\u00e9s de una intervenci\u00f3n, ya que podr\u00edan aparecer complicaciones muy serias.<\/p>\n<h5>El d\u00eda despu\u00e9s<\/h5>\n<p>En la mayor\u00eda de los procedimientos, el paciente ser\u00e1 dado de alta hospitalaria al d\u00eda siguiente. Hay algunos procedimientos que exigen ingresos m\u00e1s prolongados. Es normal notar una sensaci\u00f3n de tirantez o dolor soportable en la zona intervenida. El paciente antes del alta recibir\u00e1 instrucciones para los siguientes d\u00edas (medicaci\u00f3n, tipo de actividades, etc.) y una fecha para realizar la primera cura y retirar los drenajes, si existen.<\/p>\n<h5>Las visitas postoperatorias<\/h5>\n<p>Cuando hay drenajes, el paciente acudir\u00e1 a la consulta entre los 3 y los 5 d\u00edas despu\u00e9s de la intervenci\u00f3n. Se realizar\u00e1 la primera cura y se dar\u00e1n nuevas instrucciones. El paciente notar\u00e1 que la hinchaz\u00f3n va disminuyendo, y podr\u00e1 empezar a ducharse.<\/p>\n<p>Los puntos se empezar\u00e1n a retirar, por lo general al s\u00e9ptimo d\u00eda de la intervenci\u00f3n. Generalmente, las suturas se retiran de manera progresiva, siendo necesaria una nueva visita a los 14 d\u00edas de la intervenci\u00f3n para completar la retirada de puntos.<\/p>\n<h5>Las revisiones<\/h5>\n<p>Los controles posteriores se efectuar\u00e1n en la consulta al mes, los 2 meses, y los 6 meses, en los que se efectuar\u00e1n fotograf\u00edas de control y seguimiento. <a href=\"https:\/\/doctormas.es\/ortodoncia-con-brackets-en-santa-coloma-de-gramenet\/\">priligy en Espa\u00f1a<\/a><\/p>\n<div class=\"horizontal-line\"><\/div>\n<\/div>\n<div class=\"clearboth\"><\/div>\n<\/div>\n","protected":false},"excerpt":{"rendered":"","protected":false},"author":1,"featured_media":0,"parent":0,"menu_order":0,"comment_status":"closed","ping_status":"closed","template":"","meta":{"footnotes":""},"class_list":["post-650","page","type-page","status-publish","hentry"],"_links":{"self":[{"href":"https:\/\/doctorcastello.com\/index.php?rest_route=\/wp\/v2\/pages\/650","targetHints":{"allow":["GET"]}}],"collection":[{"href":"https:\/\/doctorcastello.com\/index.php?rest_route=\/wp\/v2\/pages"}],"about":[{"href":"https:\/\/doctorcastello.com\/index.php?rest_route=\/wp\/v2\/types\/page"}],"author":[{"embeddable":true,"href":"https:\/\/doctorcastello.com\/index.php?rest_route=\/wp\/v2\/users\/1"}],"replies":[{"embeddable":true,"href":"https:\/\/doctorcastello.com\/index.php?rest_route=%2Fwp%2Fv2%2Fcomments&post=650"}],"version-history":[{"count":20,"href":"https:\/\/doctorcastello.com\/index.php?rest_route=\/wp\/v2\/pages\/650\/revisions"}],"predecessor-version":[{"id":1230,"href":"https:\/\/doctorcastello.com\/index.php?rest_route=\/wp\/v2\/pages\/650\/revisions\/1230"}],"wp:attachment":[{"href":"https:\/\/doctorcastello.com\/index.php?rest_route=%2Fwp%2Fv2%2Fmedia&parent=650"}],"curies":[{"name":"wp","href":"https:\/\/api.w.org\/{rel}","templated":true}]}}