{"id":177,"date":"2011-08-12T00:20:31","date_gmt":"2011-08-12T00:20:31","guid":{"rendered":"http:\/\/ps.meskowhizz.com\/wordpress\/?page_id=2"},"modified":"2026-04-12T17:24:40","modified_gmt":"2026-04-12T17:24:40","slug":"contact-us","status":"publish","type":"page","link":"https:\/\/doctorcastello.com\/?page_id=177","title":{"rendered":"Contactar"},"content":{"rendered":"<p><iframe loading=\"lazy\" style=\"border: 0;\" src=\"https:\/\/www.google.com\/maps\/embed?pb=!1m16!1m12!1m3!1d19284.546895367457!2d-3.6937614983858476!3d40.42821228284722!2m3!1f0!2f0!3f0!3m2!1i1024!2i768!4f13.1!2m1!1sjuan+bravo+25!5e0!3m2!1sen!2ses!4v1497505807393\" width=\"960\" height=\"220\" frameborder=\"0\" allowfullscreen=\"allowfullscreen\"><\/iframe><\/p>\n<div class=\"horizontal-line\"><\/div>\n<div class=\"one-half\"><\/div>\n<p>Si desea informaci\u00f3n m\u00e1s detallada o concertar una visita, puede ponerse en contacto con nosotros; le atender\u00e1 la Srta. Beatriz de lunes a viernes de 10:00 a 20.00 horas en el tel\u00e9fono 91 771 02 96.<\/p>\n<p>Si prefiere tambi\u00e9n puede contactar con nosotros por medio del correo electr\u00f3nico escribiendo a la direcci\u00f3n info@doctorcastello.com, o a trav\u00e9s de este formulario.<\/p>\n<p>Si precisa otras informaciones tales como transportes, comunicaciones, alojamiento cerca de la cl\u00ednica, etc., h\u00e1ganoslo saber.<\/p>\n<div class=\"one-half last\">\n<div>\n<h3>D\u00f3nde estamos<\/h3>\n<div>\n<p><strong>Consulta:<\/strong><br \/>\nJuan Bravo, 25 bajo izda.<br \/>\n28006 Madrid (Espa\u00f1a)<br \/>\nTel\u00e9fono: 91 771 02 96, 629 07 13 64<br \/>\nE-Mail: <a href=\"mailto:info@doctorcastello.com\">info@doctorcastello.com<\/a><br \/>\nAparcamiento: calle Castell\u00f3, 93 y calle Castell\u00f3, 90.<br \/>\nTrasporte p\u00fablico: metro (N\u00fa\u00f1ez de Balboa, linea 5 y 9) y autob\u00fas.<\/p>\n<p><strong>Hospitales<\/strong><\/p>\n<p><a href=\"https:\/\/vithas.es\/centro\/vithas-hospital-universitario-madrid-arturo-soria\/\">Hospital Vithas Arturo Soria<\/a><br \/>\nCalle Arturo Soria, 103, 28043 Madrid. Tel\u00e9fono: 912 143 100<br \/>\n<a href=\"http:\/\/www.neuroruber.com\">Hospital Ruber Internacional<\/a><br \/>\nLa Maso, 38. 28034 Madrid. Tel\u00e9fono: 91 387 50 00<br \/>\n<a href=\"http:\/\/www.madrid.org\/cs\/Satellite?pagename=HospitalPuertaHierroMaja\/Page\/HPHM_home\">Hospital Universitario Puerta de Hierro<\/a><br \/>\nCalle Manuel de Falla, 1. 28035 Majadahonda (Madrid). Tel\u00e9fono: 91 191 60 00<\/p>\n<p><img decoding=\"async\" src=\"https:\/\/doctorcastello.com\/wp-content\/themes\/PortableStudio-WP\/images\/qrickit_web.jpg\" width=\"125\" \/><\/p>\n<\/div>\n<\/div>\n<\/div>\n<div class=\"clearboth\"><\/div>\n","protected":false},"excerpt":{"rendered":"<p>Si desea informaci\u00f3n m\u00e1s detallada o concertar una visita, puede ponerse en contacto con nosotros; le atender\u00e1 la Srta. Beatriz de lunes a viernes de 10:00 a 20.00 horas en el tel\u00e9fono 91 771 02 96. Si prefiere tambi\u00e9n puede contactar con nosotros por medio del correo electr\u00f3nico escribiendo a la direcci\u00f3n info@doctorcastello.com, o a [&hellip;]<\/p>\n","protected":false},"author":1,"featured_media":145,"parent":0,"menu_order":0,"comment_status":"closed","ping_status":"closed","template":"page-fullwidth.php","meta":{"footnotes":""},"class_list":["post-177","page","type-page","status-publish","has-post-thumbnail","hentry"],"_links":{"self":[{"href":"https:\/\/doctorcastello.com\/index.php?rest_route=\/wp\/v2\/pages\/177","targetHints":{"allow":["GET"]}}],"collection":[{"href":"https:\/\/doctorcastello.com\/index.php?rest_route=\/wp\/v2\/pages"}],"about":[{"href":"https:\/\/doctorcastello.com\/index.php?rest_route=\/wp\/v2\/types\/page"}],"author":[{"embeddable":true,"href":"https:\/\/doctorcastello.com\/index.php?rest_route=\/wp\/v2\/users\/1"}],"replies":[{"embeddable":true,"href":"https:\/\/doctorcastello.com\/index.php?rest_route=%2Fwp%2Fv2%2Fcomments&post=177"}],"version-history":[{"count":24,"href":"https:\/\/doctorcastello.com\/index.php?rest_route=\/wp\/v2\/pages\/177\/revisions"}],"predecessor-version":[{"id":1239,"href":"https:\/\/doctorcastello.com\/index.php?rest_route=\/wp\/v2\/pages\/177\/revisions\/1239"}],"wp:featuredmedia":[{"embeddable":true,"href":"https:\/\/doctorcastello.com\/index.php?rest_route=\/"}],"wp:attachment":[{"href":"https:\/\/doctorcastello.com\/index.php?rest_route=%2Fwp%2Fv2%2Fmedia&parent=177"}],"curies":[{"name":"wp","href":"https:\/\/api.w.org\/{rel}","templated":true}]}}