{"id":17,"date":"2011-08-16T08:02:59","date_gmt":"2011-08-16T08:02:59","guid":{"rendered":"http:\/\/ps.meskowhizz.com\/?page_id=12"},"modified":"2012-01-29T20:06:56","modified_gmt":"2012-01-29T20:06:56","slug":"blog","status":"publish","type":"page","link":"https:\/\/doctorcastello.com\/?page_id=17","title":{"rendered":"Blog"},"content":{"rendered":"<div class=\"one\">\n<div class=\"one-fourth\">\n<img loading=\"lazy\" decoding=\"async\" src=\"https:\/\/doctorcastello.com\/wp-content\/themes\/PortableStudio-WP\/images\/oviedo2012.jpg\" width=\"220\" height=\"220\" >\n<\/div>\n<div class=\"inner-content last\">\n<h4>Participaci\u00f3n en la Jornada de Cirug\u00eda Reconstructiva de la SECPRE en Oviedo<\/h4>\n<p>El Dr. Castell\u00f3 participar\u00e1 como ponente en la Jornada de Cirug\u00eda Reconstructiva para Residentes de la Sociedad Espa\u00f1ola de Cirug\u00eda Plastica Reparadora y Est\u00e9tica (SECPRE) &#8220;Aspectos Reconstructivos y<br \/>\nColaboraci\u00f3n Multidisciplinar en el C\u00e1ncer de Cabeza y Cuello&#8221;, organizado por el Dr. Daniel Camporro, bajo los auspicios de a Fundaci\u00f3n Docente, que se celebrar\u00e1 el d\u00eda 30 de marzo de 2012 en Oviedo. M\u00e1s informaci\u00f3n y programa <a href=\"http:\/\/www.secpre.org\/images\/pdf\/2012_residentes.pdf\" target=\"_blank\">aqu\u00ed<\/a>.<\/p>\n<\/div>\n<div class=\"clearboth\"><\/div>\n<\/div>\n<div class=\"horizontal-line\"><\/div>\n<div class=\"one\">\n<div class=\"one-fourth\">\n<img loading=\"lazy\" decoding=\"async\" src=\"https:\/\/doctorcastello.com\/wp-content\/themes\/PortableStudio-WP\/images\/seom.jpg\" width=\"220\" height=\"220\" >\n<\/div>\n<div class=\"inner-content last\">\n<h4>Participaci\u00f3n en las Sesiones Interhospitalarias de C\u00e1ncer de Mama en Madrid<\/h4>\n<p>El Dr. Castell\u00f3 participar\u00e1 como ponente en las Sesiones Interdisciplinarias de C\u00e1ncer de Mama de Madrid, con el tema &#8220;Cirug\u00eda Reconstructiva en C\u00e1ncer de Mama&#8221;, organizado por la Sociedad Espa\u00f1ola de Oncolog\u00eda M\u00e9dica, el d\u00eda 26 de septiembre de 2012 en el Hotel Eurobuilding de Madrid. Estas Sesiones, de caracter trimestral, constan de una Ponencia de Revisi\u00f3n de un tema espec\u00edfico de inter\u00e9s en c\u00e1ncer de mama,  una Ponencia Bibliogr\u00e1fica en la que se comentan las Novedades relevantes publicadas en esta neoplasia durante el \u00faltimo trimestre y finalmente un Caso Cl\u00ednico. Las Sesiones est\u00e1n acreditadas.<\/p>\n<\/div>\n<div class=\"clearboth\"><\/div>\n<\/div>\n<div class=\"horizontal-line\"><\/div>\n<div class=\"one\">\n<div class=\"one-fourth\">\n<img loading=\"lazy\" decoding=\"async\" src=\"https:\/\/doctorcastello.com\/wp-content\/themes\/PortableStudio-WP\/images\/aem2012.jpg\" width=\"220\" height=\"220\" >\n<\/div>\n<div class=\"inner-content last\">\n<h4>Participaci\u00f3n en el XIV Congreso Nacional de la Asociaci\u00f3n Espa\u00f1ola de Microcirug\u00eda<\/h4>\n<p>El Dr. Castell\u00f3 participar\u00e1 como presidente de la mesa &#8220;Reconstrucci\u00f3n maxilomandibular. Base de cr\u00e1neo&#8221; y como ponente en el XIV Congreso Nacional de la Asociaci\u00f3n Espa\u00f1ola de Microcirug\u00eda, que se celebrar\u00e1 durante los d\u00edas 8 y 9 de noviembre de 2012 en Oviedo.<\/p>\n<\/div>\n<div class=\"clearboth\"><\/div>\n<\/div>\n<div class=\"horizontal-line\"><\/div>\n<div class=\"one\">\n<div class=\"one-fourth\">\n<img loading=\"lazy\" decoding=\"async\" src=\"https:\/\/doctorcastello.com\/wp-content\/themes\/PortableStudio-WP\/images\/secpre2012.jpg\" width=\"220\" height=\"220\" >\n<\/div>\n<div class=\"inner-content last\">\n<h4>Participaci\u00f3n en el XLVII Congreso Nacional de la SECPRE y I Congreso Ibero-Escandinavo de Cirug\u00eda Pl\u00e1stica, Reparadora y Est\u00e9tica<\/h4>\n<p>El Dr. Castell\u00f3 participar\u00e1 como ponente en el XLVII Congreso Nacional de la Sociedad Espa\u00f1ola de Cirug\u00eda Pl\u00e1stica Reparadora y I Congreso Ibero-Escandinavo de Cirug\u00eda Pl\u00e1stica, Reparadora y Est\u00e9tica, que se celebrar\u00e1 durante los d\u00edas 11 a 13 de abril de 2012 en Palma de Mallorca, con el Taller Instruccional: &#8220;Reconstrucci\u00f3n microquir\u00fargica del tercio medio facial&#8221;.<\/p>\n<\/div>\n<div class=\"clearboth\"><\/div>\n<\/div>\n<div class=\"horizontal-line\"><\/div>\n<div class=\"one\">\n<div class=\"one-fourth\">\n<img loading=\"lazy\" decoding=\"async\" src=\"https:\/\/doctorcastello.com\/wp-content\/themes\/PortableStudio-WP\/images\/aem2010.jpg\" width=\"220\" height=\"220\" >\n<\/div>\n<div class=\"inner-content last\">\n<h4>Participaci\u00f3n en el Congreso de la Asociaci\u00f3n Espa\u00f1ola de Microcirug\u00eda<\/h4>\n<p>El Dr. Castell\u00f3 ha participado como ponente en el XIII Congreso de la Asociaci\u00f3n Espa\u00f1ola de Microcirug\u00eda, celebrado en Orense, del 17 al 19 de noviembre de 2010, con la Presidencia de la Mesa &#8220;Microcirug\u00eda Reconstructiva de Cabeza y Cuello&#8221; y la ponencia &#8220;Microcirug\u00eda de Reconstrucci\u00f3n secundaria de cabeza y cuello&#8221;.<\/p>\n<\/div>\n<div class=\"clearboth\"><\/div>\n<\/div>\n<div class=\"horizontal-line\"><\/div>\n<div class=\"one\">\n<div class=\"one-fourth\">\n<img loading=\"lazy\" decoding=\"async\" src=\"https:\/\/doctorcastello.com\/wp-content\/themes\/PortableStudio-WP\/images\/asps2008.jpg\" width=\"220\" height=\"220\" ><br \/>\n<\/br>\n<\/div>\n<div class=\"inner-content last\">\n<h4>Participaci\u00f3n en el Congreso Americano<\/h4>\n<p>El Dr. Castell\u00f3 participar\u00e1 como ponente en el Congreso de la Sociedad Americana de Cirug\u00eda Pl\u00e1stica (American Society of Plastic Surgeons) que se celebrar\u00e1 en Chicago en el mes de noviembre de 2008. Las dos ponencias en las que participar\u00e1 se titulan: \u201cSecondary Reconstruction of Bone Defects of the Head and Neck with the Angular Scapular Free Flap\u201d (Reconstrucci\u00f3n Secundaria de Defectos Oseos en Crug\u00eda de Cabeza y Cuello con el colgajo libre angular de la esc\u00e1pula) y \u201cA Review of 123 Consecutive Breast Reconstructions with the Muscle-Sparing (MS-2) Free TRAM flap. Is There Any Place for the DIEP Flap?\u201d (Revisi\u00f3n de 123 reconstrucciones mamarias consecutivas mediante el colgajo libre TRAM ahorrador de m\u00fasculo MS-2. Tiene el colgajo DIEP alguna indicaci\u00f3n?).\n<\/p><\/div>\n<div class=\"clearboth\"><\/div>\n<\/div>\n<div class=\"horizontal-line\"><\/div>\n<div class=\"one\">\n<div class=\"one-fourth\">\n<img loading=\"lazy\" decoding=\"async\" src=\"https:\/\/doctorcastello.com\/wp-content\/themes\/PortableStudio-WP\/images\/secpre2009.jpg\" width=\"220\" height=\"220\" ><br \/>\n<\/br>\n<\/div>\n<div class=\"inner-content last\">\n<h4>Congreso Nacional de la SECPRE 2009<\/h4>\n<p>El XLIV Congreso Nacional de la Sociedad Espa\u00f1ola de Cirug\u00eda Pl\u00e1stica, Reparadora y Est\u00e9tica tendr\u00e1 lugar en la ciudad de Cadiz, del 10 al 13 de junio de 2009. El Presidente del congreso ser\u00e1 el cirujano pl\u00e1stico gaditano Dr. Nicol\u00e1s Maestro y el comit\u00e9 cient\u00edfico estar\u00e1 integrado por destacados cirujanos pl\u00e1sticos miembros de la SECPRE. El Dr. Jos\u00e9 Ram\u00f3n Castell\u00f3 presidir\u00e1 la mesa de Cirug\u00eda Reconstructiva de Cabeza y Cuello. El congreso contar\u00e1, adem\u00e1s con la presencia de numerosos cirujanos pl\u00e1sticos internacionales. La b\u00fasqueda incesante de soluciones, la innovaci\u00f3n y la creatividad, hacen de estos congresos un enriquecedor foro de intercambio de ideas y avances terap\u00e9uticos.\n<\/p><\/div>\n<div class=\"clearboth\"><\/div>\n<\/div>\n<div class=\"horizontal-line\"><\/div>\n","protected":false},"excerpt":{"rendered":"","protected":false},"author":1,"featured_media":0,"parent":0,"menu_order":0,"comment_status":"closed","ping_status":"closed","template":"page-fullwidth.php","meta":{"footnotes":""},"class_list":["post-17","page","type-page","status-publish","hentry"],"_links":{"self":[{"href":"https:\/\/doctorcastello.com\/index.php?rest_route=\/wp\/v2\/pages\/17","targetHints":{"allow":["GET"]}}],"collection":[{"href":"https:\/\/doctorcastello.com\/index.php?rest_route=\/wp\/v2\/pages"}],"about":[{"href":"https:\/\/doctorcastello.com\/index.php?rest_route=\/wp\/v2\/types\/page"}],"author":[{"embeddable":true,"href":"https:\/\/doctorcastello.com\/index.php?rest_route=\/wp\/v2\/users\/1"}],"replies":[{"embeddable":true,"href":"https:\/\/doctorcastello.com\/index.php?rest_route=%2Fwp%2Fv2%2Fcomments&post=17"}],"version-history":[{"count":31,"href":"https:\/\/doctorcastello.com\/index.php?rest_route=\/wp\/v2\/pages\/17\/revisions"}],"predecessor-version":[{"id":1121,"href":"https:\/\/doctorcastello.com\/index.php?rest_route=\/wp\/v2\/pages\/17\/revisions\/1121"}],"wp:attachment":[{"href":"https:\/\/doctorcastello.com\/index.php?rest_route=%2Fwp%2Fv2%2Fmedia&parent=17"}],"curies":[{"name":"wp","href":"https:\/\/api.w.org\/{rel}","templated":true}]}}