{"id":1063,"date":"2011-11-04T22:22:25","date_gmt":"2011-11-04T22:22:25","guid":{"rendered":"http:\/\/doctorcastello.com\/?page_id=1063"},"modified":"2011-11-04T22:35:47","modified_gmt":"2011-11-04T22:35:47","slug":"cancer-cutaneo","status":"publish","type":"page","link":"https:\/\/doctorcastello.com\/?page_id=1063","title":{"rendered":"C\u00e1ncer cut\u00e1neo"},"content":{"rendered":"<div class=\"one\">\n<div class=\"one-fourth\">\n<ul class=\"simple-nav\">\n<li><a href=\"https:\/\/doctorcastello.com\/?page_id=1044\">Microcirug\u00eda<\/a><\/li>\n<li><a href=\"https:\/\/doctorcastello.com\/?page_id=1042\">Reconstrucci\u00f3n de la pierna<\/a><\/li>\n<li><a href=\"https:\/\/doctorcastello.com\/?page_id=749\">Cirug\u00eda del linfedema<\/a><\/li>\n<li><a href=\"https:\/\/doctorcastello.com\/?page_id=745\">Reconstrucci\u00f3n con DIEP<\/a><\/li>\n<li><a href=\"https:\/\/doctorcastello.com\/?page_id=743\">Reconstrucci\u00f3n de mama<\/a><\/li>\n<li><a href=\"https:\/\/doctorcastello.com\/?page_id=951\">Par\u00e1lisis facial<\/a><\/li>\n<li><a href=\"https:\/\/doctorcastello.com\/?page_id=952\">Reconstrucci\u00f3n de oreja<\/a><\/li>\n<li><a href=\"https:\/\/doctorcastello.com\/?page_id=1026\">Cirug\u00eda de Cabeza y Cuello<\/a><\/li>\n<li><a href=\"https:\/\/doctorcastello.com\/?page_id=1028\">Cirug\u00eda de la Mano<\/a><\/li>\n<\/ul>\n<\/div>\n<div class=\"inner-content last\">\n<img loading=\"lazy\" decoding=\"async\" class=\"size-full wp-image-48 aligncenter\" title=\"our-services\" src=\"https:\/\/doctorcastello.com\/wp-content\/themes\/PortableStudio-WP\/images\/reconstructiva.jpg\" alt=\"\" width=\"710\" height=\"250\" \/><br \/>\n<\/p>\n<h4>Tumores de la piel<\/h4>\n<p>El c\u00e1ncer de la piel es una enfermedad en la que se encuentran c\u00e9lulas cancerosas (malignas) en las capas exteriores de la piel. La piel protege al cuerpo contra el calor, la luz, infecciones y heridas. Tambi\u00e9n almacena agua, grasa y vitamina D.<br \/>\nLa piel est\u00e1 compuesta por dos capas principales y varias clases de c\u00e9lulas. La capa externa de la piel se llama la epidermis. Esta contiene tres clases de c\u00e9lulas: c\u00e9lulas planas en forma de escamas en la superficie llamadas c\u00e9lulas escamosas; c\u00e9lulas redondas llamadas c\u00e9lulas basales y unas c\u00e9lulas llamadas melanocitos las cuales le dan el color a la piel. La capa interna de la piel se llama la dermis. Esta capa es m\u00e1s gruesa y contiene vasos sangu\u00edneos, nervios y gl\u00e1ndulas sudor\u00edparas. El pelo (vello) de la piel tambi\u00e9n crece en unas bolsas diminutas de la dermis llamadas fol\u00edculos. La dermis produce el sudor, el cual ayuda a enfriar el cuerpo, y aceites que impiden la resequedad de la piel. <\/p>\n<p>Hay varios tipos de c\u00e1ncer que se originan en la piel. Los m\u00e1s comunes son el c\u00e1ncer de las c\u00e9lulas basales y el c\u00e1ncer de las c\u00e9lulas escamosas. Estos tipos de c\u00e1ncer de la piel se denominan c\u00e1nceres de la piel no-melanoma. El melanoma es un tipo de c\u00e1ncer de la piel que se origina en los melanocitos. No es tan com\u00fan como el c\u00e1ncer de las c\u00e9lulas basales o el c\u00e1ncer de la piel de c\u00e9lulas escamosas, pero es mucho m\u00e1s grave.<br \/>\nEl c\u00e1ncer de la piel es m\u00e1s com\u00fan entre las personas cuya piel es m\u00e1s blanca y han pasado mucho tiempo expuestas a los rayos solares. El c\u00e1ncer de la piel puede ocurrir en cualquier parte del cuerpo, pero es m\u00e1s com\u00fan en las \u00e1reas con mayor exposici\u00f3n a los rayos solares como la cara, el cuello, las manos y los brazos. <\/p>\n<p>El aspecto del c\u00e1ncer de la piel puede variar. El signo m\u00e1s com\u00fan del c\u00e1ncer de la piel es un cambio en el aspecto de la piel, como por ejemplo un crecimiento o herida que no sana. A veces puede haber una peque\u00f1a protuberancia. Esta protuberancia puede ser de apariencia suave, brillante y cerosa, o puede ser roja o marr\u00f3n rojizo. El c\u00e1ncer de la piel tambi\u00e9n puede aparecer como una mancha roja \u00e1spera o escamosa. No todos los cambios en la piel significan que se tiene c\u00e1ncer; sin embargo, se deber\u00e1 ver al m\u00e9dico cuando note alg\u00fan cambio.<br \/>\nSi la persona tiene una mancha o protuberancia en la piel, el m\u00e9dico puede extraerla para analizar el tejido en el microscopio. Este procedimiento se conoce como biopsia. La biopsia generalmente puede llevarse a cabo en el consultorio m\u00e9dico. Antes de la biopsia, se administra un anest\u00e9sico local para adormecer el \u00e1rea durante un corto per\u00edodo. <\/p>\n<p>La mayor\u00eda de los c\u00e1nceres de la piel de tipo no melanoma pueden curarse. La probabilidad de su recuperaci\u00f3n (pron\u00f3stico) y elecci\u00f3n de tratamiento depender\u00e1n del tipo de c\u00e1ncer de la piel que se tenga y qu\u00e9 tanto se ha diseminado. <\/p>\n<p>Otros tipos de c\u00e1ncer que pueden afectar la piel son el linfoma cut\u00e1neo de las c\u00e9lulas T, un c\u00e1ncer del sistema linf\u00e1tico, y el sarcoma de Kaposi. Los c\u00e1nceres que se han originado en otras partes del cuerpo tambi\u00e9n pueden diseminarse (por met\u00e1stasis) a la piel. <\/p>\n<h5>Tipos de c\u00e1ncer de la piel <\/h5>\n<p>Una vez detectado el c\u00e1ncer de la piel, deber\u00e1n realizarse m\u00e1s pruebas para determinar si el c\u00e1ncer se ha diseminado. Este procedimiento se llama clasificaci\u00f3n por etapas. El m\u00e9dico necesita saber la etapa y el tipo del c\u00e1ncer de la piel para planificar el tratamiento adecuado. Las siguientes etapas se emplean para la clasificaci\u00f3n del tratamiento.<\/p>\n<h5>C\u00e1ncer de las c\u00e9lulas basales (basalioma o carcinoma basocelular) <\/h5>\n<p>El c\u00e1ncer de las c\u00e9lulas basales es el tipo m\u00e1s com\u00fan de c\u00e1ncer de la piel no melanoma. Por lo general se da en \u00e1reas de la piel que han estado expuestas al sol. A menudo este c\u00e1ncer aparece en forma de un abultamiento con una apariencia suave y nacarada. Otro tipo de este c\u00e1ncer tiene un aspecto de cicatriz, y es firme al tacto. Los c\u00e1nceres de c\u00e9lulas basales pueden diseminarse a los tejidos alrededor del c\u00e1ncer, pero por lo general no se diseminan a otras partes del cuerpo.<\/p>\n<h5>Carcinoma de c\u00e9lulas escamosas (carcinoma espinocelular)<\/h5>\n<p>Los tumores de las c\u00e9lulas escamosas tambi\u00e9n se dan en \u00e1reas de la piel que han estado expuestas al sol, a menudo en la parte superior de la nariz, la frente, el labio inferior y las manos. Tambi\u00e9n pueden aparecer en \u00e1reas de la piel que se han quemado, han estado expuestas a productos qu\u00edmicos o a radioterapia. Por lo general este c\u00e1ncer aparece como un abultamiento rojizo y duro. A veces el tumor puede tener un aspecto escamoso, o puede sangrar o desarrollar una costra. Los tumores de c\u00e9lulas escamosas pueden diseminarse a los n\u00f3dulos linf\u00e1ticos en el \u00e1rea (los n\u00f3dulos linf\u00e1ticos son estructuras peque\u00f1as que se encuentran en todo el cuerpo y cuya funci\u00f3n es producir y almacenar c\u00e9lulas que combaten la infecci\u00f3n).<\/p>\n<h5>Queratosis act\u00ednica <\/h5>\n<p>La queratosis act\u00ednica es un trastorno no canceroso de la piel pero que en algunas personas puede convertirse en c\u00e1ncer de las c\u00e9lulas basales o c\u00e1ncer de las c\u00e9lulas escamosas. Aparece en la piel en forma de parches escamosos y \u00e1speros, de color rojo o marr\u00f3n, generalmente en las \u00e1reas que han sido expuestas al sol.<\/p>\n<h5>Recurrencia o recidiva <\/h5>\n<p>La enfermedad recurrente significa que el c\u00e1ncer ha vuelto a aparecer (recurrido) despu\u00e9s de haber sido tratado. <\/p>\n<h5>Tratamiento del c\u00e1ncer de la piel<\/h5>\n<p>Existen tratamientos para todos los pacientes con c\u00e1ncer de la piel. Se emplean tres clases de tratamientos:<br \/>\nCirug\u00eda (extracci\u00f3n del c\u00e1ncer).<br \/>\nQuimioterapia (uso de medicamentos para eliminar las c\u00e9lulas cancerosas).<br \/>\nRadioterapia (uso de rayos X para eliminar las c\u00e9lulas cancerosas).<\/p>\n<p>El tratamiento para el c\u00e1ncer de la piel depender\u00e1 del tipo y etapa de la enfermedad, su edad y salud en general. El paciente podr\u00eda recibir un tratamiento que se considera est\u00e1ndar seg\u00fan los resultados obtenidos por varios pacientes en pruebas anteriores, o podr\u00eda optar por participar en una prueba cl\u00ednica. No todos los pacientes se curan con terapia est\u00e1ndar y algunos tratamientos est\u00e1ndar podr\u00edan tener m\u00e1s efectos secundarios de los deseables. Por estas razones, las pruebas cl\u00ednicas est\u00e1n dise\u00f1adas para encontrar mejores formas de tratar a los pacientes con c\u00e1ncer y se basan en la informaci\u00f3n m\u00e1s actualizada. <\/p>\n<h5>Cirug\u00eda<\/h5>\n<p>La cirug\u00eda es el tratamiento m\u00e1s com\u00fan para el c\u00e1ncer de la piel. El m\u00e9dico puede extraer el c\u00e1ncer empleando alguno de los siguientes m\u00e9todos:<br \/>\nElectrodesecaci\u00f3n y curetaje. Operaci\u00f3n en la que se usa corriente el\u00e9ctrica para deshidratar el tumor, (electrodesecaci\u00f3n), y luego se usa un instrumento especializado llamado cureta, para extraer el tumor.<br \/>\nCriocirug\u00eda. Operaci\u00f3n en la que se congela y destruye el tumor.<br \/>\nEscisi\u00f3n simple. Operaci\u00f3n en la que se extrae el c\u00e1ncer de la piel junto con parte del tejido sano situado alrededor de \u00e9ste.<br \/>\nCirug\u00eda microgr\u00e1fica. Operaci\u00f3n en la que se extrae el c\u00e1ncer y la menor cantidad de tejido normal posible. Durante esta cirug\u00eda, el m\u00e9dico extrae el c\u00e1ncer y luego emplea un microscopio para analizar el \u00e1rea cancerosa para asegurarse que no quede ninguna c\u00e9lula cancerosa.<\/p>\n<p>La cirug\u00eda puede dejar una cicatriz en la piel. Dependiendo del tama\u00f1o del c\u00e1ncer, se puede tomar piel de otra parte del cuerpo para ponerse en el \u00e1rea donde se extrajo el c\u00e1ncer. Este procedimiento se denomina un injerto de piel. Existen nuevos m\u00e9todos quir\u00fargicos o injertos a trav\u00e9s de los cuales se pueden reducir las cicatrices.<\/p>\n<h5>Radioterapia<\/h5>\n<p>La radioterapia consiste en el uso de rayos X para eliminar c\u00e9lulas cancerosas y reducir tumores. La radioterapia para el c\u00e1ncer de la piel proviene de una m\u00e1quina afuera del cuerpo (radioterapia externa). <\/p>\n<h5>Quimioterapia<\/h5>\n<p>La quimioterapia consiste en el uso de medicamentos para eliminar c\u00e9lulas cancerosas. El tratamiento de quimioterapia a menudo se administra por medio de una crema o loci\u00f3n aplicada en la piel para eliminar las c\u00e9lulas cancerosas (quimioterapia t\u00f3pica). La quimioterapia tambi\u00e9n puede ser a base de pastillas, o puede introducirse en el cuerpo a trav\u00e9s de una aguja en una vena o m\u00fasculo. La quimioterapia administrada de esta manera se denomina un tratamiento sist\u00e9mico ya que el medicamento se introduce en el torrente sangu\u00edneo, viaja a trav\u00e9s del cuerpo y puede destruir las c\u00e9lulas cancerosas situadas fuera de la piel. La quimioterapia sist\u00e9mica est\u00e1 siendo evaluada en pruebas cl\u00ednicas. <\/p>\n<h5>Terapia biol\u00f3gica<\/h5>\n<p>El prop\u00f3sito de la terapia biol\u00f3gica es el de tratar de que el cuerpo mismo combata el c\u00e1ncer. En la terapia biol\u00f3gica se emplean sustancias producidas por el propio cuerpo o fabricadas en un laboratorio para impulsar, dirigir o restaurar las defensas naturales del cuerpo contra la enfermedad. La terapia biol\u00f3gica tambi\u00e9n se conoce como terapia modificadora de la respuesta biol\u00f3gica o inmunoterapia (BRM). <\/p>\n<p>En la terapia fotodin\u00e1mica se emplea un cierto tipo de luz y qu\u00edmicos especiales para eliminar las c\u00e9lulas cancerosas. <\/p>\n<h5>Melanoma<\/h5>\n<p>El melanoma es una enfermedad de la piel en la que se encuentran c\u00e9lulas cancerosas (malignas) en las c\u00e9lulas que le dan color a la piel (melanocitos). El melanoma generalmente ocurre en adultos, pero puede ocasionalmente encontrarse en ni\u00f1os y adolescentes. La piel protege el cuerpo contra el calor, la luz, la infecci\u00f3n y las lesiones. Est\u00e1 constituida de dos capas principales: la epidermis (la capa exterior) y la dermis (la capa interior). Los melanocitos se encuentran en la epidermis y contienen melanina, la cual le da el color a la piel. El melanoma a veces se llama melanoma cut\u00e1neo y a veces se llama melanoma maligno.<\/p>\n<p>El melanoma es un tipo de c\u00e1ncer m\u00e1s grave que los c\u00e1nceres de la piel m\u00e1s comunes, como por ejemplo el c\u00e1ncer de c\u00e9lulas basales o el c\u00e1ncer de c\u00e9lulas escamosas, los cuales se originan en las c\u00e9lulas basales o escamosas de la epidermis. <\/p>\n<p>Como la mayor\u00eda de los c\u00e1nceres, el melanoma se trata mejor cuando se detecta (diagnostica) pronto. El melanoma puede diseminarse (por met\u00e1stasis) r\u00e1pidamente a otras partes del cuerpo a trav\u00e9s del sistema linf\u00e1tico o de la sangre. (Los ganglios linf\u00e1ticos son estructuras peque\u00f1as que se encuentran en todo el cuerpo y cuya funci\u00f3n es producir y almacenar c\u00e9lulas que combaten las infecciones). Usted deber\u00e1 ver al m\u00e9dico si tiene cualquiera de los siguientes signos de melanoma: cambio en el tama\u00f1o, forma o color de un lunar; exudaci\u00f3n o sangrado de un lunar; o un lunar que tiene comez\u00f3n, est\u00e1 duro, tiene protuberancias, se ha hinchado o duele al tocarse. El melanoma tambi\u00e9n puede aparecer en el cuerpo como un lunar nuevo. Los hombres con m\u00e1s frecuencia contraen melanoma en el tronco (el \u00e1rea del cuerpo entre los hombros y las caderas) o en la cabeza o cuello; las mujeres con m\u00e1s frecuencia contraen melanoma en los brazos y piernas. <\/p>\n<p>Si usted tiene signos de c\u00e1ncer de la piel, el m\u00e9dico le examinar\u00e1 la piel cuidadosamente. Si un lunar o \u00e1rea pigmentada no parece normal, el m\u00e9dico lo extirpar\u00e1 (escisi\u00f3n local) y lo examinar\u00e1 en el microscopio para ver si tiene c\u00e1ncer. Esto se hace generalmente en el consultorio m\u00e9dico. Es importante que esta biopsia se haga correctamente. <\/p>\n<h5>Explicaci\u00f3n de los estadios del melanoma<\/h5>\n<p>Una vez que se encuentra un melanoma, se har\u00e1n otros ex\u00e1menes para determinar si las c\u00e9lulas cancerosas se han diseminado a otras partes del cuerpo. Este proceso se llama clasificaci\u00f3n por etapas. El m\u00e9dico necesita saber la etapa de la enfermedad para planificar el tratamiento adecuado. Las siguientes etapas se emplean para el melanoma:<\/p>\n<p>Estadio 0: En la etapa 0, las c\u00e9lulas anormales se encuentran solamente en la capa exterior de las c\u00e9lulas de la piel y no invaden los tejidos m\u00e1s profundos.<\/p>\n<p>Estadio I: El c\u00e1ncer se encuentra en la capa exterior de la piel (epidermis) y\/o en la parte superior de la capa interna de la piel (dermis), pero no se ha diseminado a los ganglios linf\u00e1ticos vecinos. El tumor tiene un grosor de menos de 1.5 mm (1\/16 de una pulgada).<\/p>\n<p>Estadio II: El tumor tiene un grosor de 1.5 mm a 4 mm (menos de 1\/6 de una pulgada). Se ha diseminado a la parte inferior de la capa interna de la piel (dermis), pero no al tejido situado debajo de la piel ni a los ganglios linf\u00e1ticos vecinos.<\/p>\n<p>Estadio III: Es posible que el grosor del tumor tenga m\u00e1s o menos de 4 mil\u00edmetros, que se haya diseminado a las capas m\u00e1s bajas de la piel, que existan crecimientos tumorales adicionales a m\u00e1s o menos una pulgada del per\u00edmetro del tumor original (tumores sat\u00e9lites), que se hayan diseminados a los ganglios linf\u00e1ticos de alrededor, y que se est\u00e9n diseminando de forma activa a otras \u00e1reas cercanas del cuerpo.<\/p>\n<p>Estadio IV: El tumor se ha diseminado a otros \u00f3rganos o a ganglios linf\u00e1ticos alejados del tumor original.<\/p>\n<p>Recurrencia o recidiva: Enfermedad recurrente significa que el c\u00e1ncer ha vuelto a aparecer (recurrido) despu\u00e9s de haber sido tratado. Puede reaparecer en el sitio original o en otra parte del cuerpo.<\/p>\n<h5>Tratamiento del melanoma<\/h5>\n<p>Existen tratamientos para todos los pacientes con melanoma. Se emplean cuatro clases de tratamiento: cirug\u00eda (extracci\u00f3n del c\u00e1ncer en una operaci\u00f3n), quimioterapia (uso de medicamentos para destruir las c\u00e9lulas cancerosas), radioterapia (uso de rayos X en dosis altas u otros rayos de alta energ\u00eda para destruir las c\u00e9lulas cancerosas), terapia biol\u00f3gica (uso del sistema inmunol\u00f3gico del cuerpo para combatir el c\u00e1ncer).<\/p>\n<p>La cirug\u00eda es el tratamiento primario para todas las etapas de melanoma. El m\u00e9dico puede extirpar el melanoma empleando una de las siguientes operaciones:<br \/>\nEscisi\u00f3n conservadora:Una operaci\u00f3n en la que se extrae cualquier c\u00e1ncer que quede despu\u00e9s de la biopsia, junto con una cantidad peque\u00f1a de la piel alrededor del c\u00e1ncer (generalmente menos de media pulgada).<br \/>\nExtirpaci\u00f3n quir\u00fargica amplia:Una operaci\u00f3n en la que se extirpa el c\u00e1ncer y parte de la piel alrededor del tumor.<br \/>\nQuiz\u00e1s sea necesario tomar parte de la piel de otra \u00e1rea del cuerpo para colocarla en el lugar donde se ha sacado el c\u00e1ncer. Esto se llama injerto.<br \/>\nBiopsia selectiva del g\u00e1nglio centinela.<\/p>\n<p>La quimioterapia consiste en el uso de medicamentos para destruir las c\u00e9lulas cancerosas. La quimioterapia puede ser ingerida por pastillas, o puede introducirse en el cuerpo con una aguja en una vena o m\u00fasculo. Se dice que la quimioterapia es un tratamiento sist\u00e9mico porque los medicamentos se introducen al torrente sangu\u00edneo, viajan a trav\u00e9s del cuerpo y pueden destruir c\u00e9lulas cancerosas en todo el cuerpo. Si el melanoma ocurre en un brazo o pierna, la quimioterapia puede administrarse con una t\u00e9cnica llamada perfusi\u00f3n arterial aislada. Con este m\u00e9todo, los medicamentos de la quimioterapia se ponen directamente en el torrente sangu\u00edneo del brazo o pierna donde se encuentra el melanoma. Esto permite que la mayor parte del medicamento llegue directamente al tumor. Sin embargo, la quimioterapia no ha demostrado ser efectiva en el tratamiento de melanoma. Se est\u00e1n llevando a cabo pruebas cl\u00ednicas para encontrar medicamentos quimioterap\u00e9uticos que sean efectivos. <\/p>\n<p>Si el m\u00e9dico elimina todo el c\u00e1ncer que se puede ver durante la operaci\u00f3n, a usted se le podr\u00eda administrar quimioterapia despu\u00e9s de la cirug\u00eda para destruir cualquier c\u00e9lula de c\u00e1ncer que haya quedado. La quimioterapia administrada despu\u00e9s de una operaci\u00f3n a una persona que no tiene c\u00e9lulas cancerosas detectables se llama quimioterapia adyuvante. La terapia adyuvante ha demostrado ser efectiva en pacientes quienes la enfermedad se ha esparcido a los ganglios linf\u00e1ticos. Se est\u00e1n llevando a cabo pruebas cl\u00ednicas para encontrar medicamentos quimioterap\u00e9uticos adyuvantes que sean efectivos. <\/p>\n<p>La radioterapia consiste en el uso de rayos X de alta energ\u00eda para destruir las c\u00e9lulas cancerosas y reducir los tumores. La radiaci\u00f3n puede provenir de una m\u00e1quina situada afuera del cuerpo (radioterapia externa) o de materiales que producen radiaciones (radiois\u00f3topos) puestos en el \u00e1rea en donde se encuentran las c\u00e9lulas cancerosas (radioterapia interna) por medio de tubos delgados de pl\u00e1stico. <\/p>\n<p>El prop\u00f3sito de la terapia biol\u00f3gica es el de tratar que el cuerpo combata el c\u00e1ncer. En esta terapia se emplean materiales hechos por el cuerpo o fabricados en un laboratorio para impulsar, dirigir o restaurar las defensas naturales del cuerpo contra la enfermedad. El tratamiento biol\u00f3gico tambi\u00e9n se conoce como terapia modificadora de la respuesta biol\u00f3gica o inmunoterapia (BRM). Se est\u00e1n llevando a cabo pruebas cl\u00ednicas para encontrar terapias biol\u00f3gicas que sean efectivas. <\/p>\n<div class=\"horizontal-line\"><\/div>\n<\/div>\n<div class=\"clearboth\"><\/div>\n<\/div>\n","protected":false},"excerpt":{"rendered":"","protected":false},"author":1,"featured_media":0,"parent":0,"menu_order":0,"comment_status":"closed","ping_status":"closed","template":"","meta":{"footnotes":""},"class_list":["post-1063","page","type-page","status-publish","hentry"],"_links":{"self":[{"href":"https:\/\/doctorcastello.com\/index.php?rest_route=\/wp\/v2\/pages\/1063","targetHints":{"allow":["GET"]}}],"collection":[{"href":"https:\/\/doctorcastello.com\/index.php?rest_route=\/wp\/v2\/pages"}],"about":[{"href":"https:\/\/doctorcastello.com\/index.php?rest_route=\/wp\/v2\/types\/page"}],"author":[{"embeddable":true,"href":"https:\/\/doctorcastello.com\/index.php?rest_route=\/wp\/v2\/users\/1"}],"replies":[{"embeddable":true,"href":"https:\/\/doctorcastello.com\/index.php?rest_route=%2Fwp%2Fv2%2Fcomments&post=1063"}],"version-history":[{"count":4,"href":"https:\/\/doctorcastello.com\/index.php?rest_route=\/wp\/v2\/pages\/1063\/revisions"}],"predecessor-version":[{"id":1071,"href":"https:\/\/doctorcastello.com\/index.php?rest_route=\/wp\/v2\/pages\/1063\/revisions\/1071"}],"wp:attachment":[{"href":"https:\/\/doctorcastello.com\/index.php?rest_route=%2Fwp%2Fv2%2Fmedia&parent=1063"}],"curies":[{"name":"wp","href":"https:\/\/api.w.org\/{rel}","templated":true}]}}