{"id":1026,"date":"2011-11-04T16:33:37","date_gmt":"2011-11-04T16:33:37","guid":{"rendered":"http:\/\/doctorcastello.com\/?page_id=1026"},"modified":"2011-11-04T17:40:21","modified_gmt":"2011-11-04T17:40:21","slug":"cirugia-de-cabeza-y-cuello","status":"publish","type":"page","link":"https:\/\/doctorcastello.com\/?page_id=1026","title":{"rendered":"Cirug\u00eda de Cabeza y Cuello"},"content":{"rendered":"<div class=\"one\">\n<div class=\"one-fourth\">\n<ul class=\"simple-nav\">\n<li><a href=\"https:\/\/doctorcastello.com\/?page_id=1020\">Cirug\u00eda de la Mama<\/a><\/li>\n<li><a href=\"https:\/\/doctorcastello.com\/?page_id=1017\">Cirug\u00eda Est\u00e9tica<\/a><\/li>\n<li><a href=\"https:\/\/doctorcastello.com\/?page_id=1024\">Cirug\u00eda Reconstructiva<\/a><\/li>\n<li><a href=\"https:\/\/doctorcastello.com\/?page_id=1026\">Cirug\u00eda de Cabeza y Cuello<\/a><\/li>\n<li><a href=\"https:\/\/doctorcastello.com\/?page_id=1028\">Cirug\u00eda de la Mano<\/a><\/li>\n<\/ul>\n<\/div>\n<div class=\"inner-content last\">\n<img loading=\"lazy\" decoding=\"async\" class=\"size-full wp-image-48 aligncenter\" title=\"our-services\" src=\"https:\/\/doctorcastello.com\/wp-content\/themes\/PortableStudio-WP\/images\/medicos1.jpg\" alt=\"\" width=\"710\" height=\"250\" \/><br \/>\n<\/p>\n<h4>Cirug\u00eda de Cabeza y Cuello y Cirug\u00eda Craneo-m\u00e1xilofacial<\/h4>\n<p>La Sub-especialidad de Cirug\u00eda de Cabeza Cuello y Craneo-m\u00e1xilofacial, se encarga del manejo avanzado de los distintos tipos de c\u00e1ncer que aparecen en el \u00e1rea de la cabeza y el cuello (tumores de la cavidad bucal, labio, piel de la cara, orejas, p\u00e1rpados, melanomas, carcinomas epidermoides y basocelulares, etc.), de los tumores de las glandulas salivares (por ej. la par\u00f3tida), de algunos tumores en la base del cr\u00e1neo, de los traumatismos en la cara y sus secuelas, de las malformaciones de la cara y cr\u00e1neo, o del tratamiento de las secuelas de la par\u00e1lisis facial. <\/p>\n<p>En algunos casos, el manejo de estos problemas requiere el tratamiento combinado con otras Especialidades, como los cirujanos orales y maxilofaciales, odont\u00f3logos, otorrinonaring\u00f3logos, neurocirujanos y onc\u00f3logos.<\/p>\n<p>En estas p\u00e1ginas encontrar\u00e1 informaci\u00f3n sobre los aspectos m\u00e1s generales de las intervenciones m\u00e1s frecuentes en Cirug\u00eda de Cabeza y Cuello. La informaci\u00f3n que aqu\u00ed se encuentra no sustituye en ning\u00fan caso a la consulta personal.<\/p>\n<style type=\"text\/css\">\nli { \nlist-style-position: outside; \nlist-style-image: url(https:\/\/doctorcastello.com\/wp-content\/themes\/PortableStudio-WP\/images\/simple-nav-arrow.png); \n}\n<\/style>\n<ul>\n<li><a href=\"https:\/\/doctorcastello.com\/?page_id=951\">Tratamiento y reconstrucci\u00f3n de la par\u00e1lisis facial<\/a>\n<li><a href=\"https:\/\/doctorcastello.com\/?page_id=952\">Reconstrucci\u00f3n de la oreja y microtia<\/a>\n<li><a href=\"https:\/\/doctorcastello.com\/?page_id=954\">Tumores de mand\u00edbula y maxilar<\/a>\n<li><a href=\"https:\/\/doctorcastello.com\/?page_id=956\">Tumores de la gl\u00e1ndula par\u00f3tida<\/a>\n<li><a href=\"https:\/\/doctorcastello.com\/?page_id=958\">Tumores de la cavidad oral y el labio<\/a>\n<\/ul>\n<div class=\"horizontal-line\"><\/div>\n<\/div>\n<div class=\"clearboth\"><\/div>\n<\/div>\n","protected":false},"excerpt":{"rendered":"","protected":false},"author":1,"featured_media":0,"parent":0,"menu_order":0,"comment_status":"closed","ping_status":"closed","template":"","meta":{"footnotes":""},"class_list":["post-1026","page","type-page","status-publish","hentry"],"_links":{"self":[{"href":"https:\/\/doctorcastello.com\/index.php?rest_route=\/wp\/v2\/pages\/1026","targetHints":{"allow":["GET"]}}],"collection":[{"href":"https:\/\/doctorcastello.com\/index.php?rest_route=\/wp\/v2\/pages"}],"about":[{"href":"https:\/\/doctorcastello.com\/index.php?rest_route=\/wp\/v2\/types\/page"}],"author":[{"embeddable":true,"href":"https:\/\/doctorcastello.com\/index.php?rest_route=\/wp\/v2\/users\/1"}],"replies":[{"embeddable":true,"href":"https:\/\/doctorcastello.com\/index.php?rest_route=%2Fwp%2Fv2%2Fcomments&post=1026"}],"version-history":[{"count":4,"href":"https:\/\/doctorcastello.com\/index.php?rest_route=\/wp\/v2\/pages\/1026\/revisions"}],"predecessor-version":[{"id":1041,"href":"https:\/\/doctorcastello.com\/index.php?rest_route=\/wp\/v2\/pages\/1026\/revisions\/1041"}],"wp:attachment":[{"href":"https:\/\/doctorcastello.com\/index.php?rest_route=%2Fwp%2Fv2%2Fmedia&parent=1026"}],"curies":[{"name":"wp","href":"https:\/\/api.w.org\/{rel}","templated":true}]}}